{"id":1803,"date":"2023-08-29T14:01:24","date_gmt":"2023-08-29T12:01:24","guid":{"rendered":"https:\/\/www.bhd-mr-westfalen.de\/coesfeld\/?page_id=1803"},"modified":"2025-01-28T15:19:23","modified_gmt":"2025-01-28T14:19:23","slug":"news","status":"publish","type":"page","link":"https:\/\/www.bhd-mr-westfalen.de\/coesfeld\/news\/","title":{"rendered":"News"},"content":{"rendered":"\t\t<div data-elementor-type=\"wp-page\" data-elementor-id=\"1803\" class=\"elementor elementor-1803\" data-elementor-post-type=\"page\">\n\t\t\t\t<div class=\"elementor-element elementor-element-155e1983 e-con-full e-flex e-con e-parent\" data-id=\"155e1983\" data-element_type=\"container\" data-e-type=\"container\">\n\t\t<div class=\"elementor-element elementor-element-ed22d7d e-con-full e-flex e-con e-child\" data-id=\"ed22d7d\" data-element_type=\"container\" data-e-type=\"container\" data-settings=\"{&quot;background_background&quot;:&quot;classic&quot;}\">\n\t\t\t\t<div class=\"elementor-element elementor-element-30e1e9f0 elementor-widget elementor-widget-heading\" data-id=\"30e1e9f0\" data-element_type=\"widget\" data-e-type=\"widget\" data-widget_type=\"heading.default\">\n\t\t\t\t<div class=\"elementor-widget-container\">\n\t\t\t\t\t<h1 class=\"elementor-heading-title elementor-size-default\">News und Termine<\/h1>\t\t\t\t<\/div>\n\t\t\t\t<\/div>\n\t\t\t\t<\/div>\n\t\t<div class=\"elementor-element elementor-element-52b2b1ac e-con-full e-flex e-con e-child\" data-id=\"52b2b1ac\" data-element_type=\"container\" data-e-type=\"container\">\n\t\t\t\t<div class=\"elementor-element elementor-element-66ec0511 elementor-widget elementor-widget-image\" data-id=\"66ec0511\" data-element_type=\"widget\" data-e-type=\"widget\" data-widget_type=\"image.default\">\n\t\t\t\t<div class=\"elementor-widget-container\">\n\t\t\t\t\t\t\t\t\t\t\t\t\t\t\t<img fetchpriority=\"high\" decoding=\"async\" width=\"1917\" height=\"48\" src=\"https:\/\/www.bhd-mr-westfalen.de\/coesfeld\/wp-content\/uploads\/sites\/15\/2023\/09\/top-slider-papierkante-textur-unten-1-1.png\" class=\"attachment-full size-full wp-image-2604\" alt=\"\" srcset=\"https:\/\/www.bhd-mr-westfalen.de\/coesfeld\/wp-content\/uploads\/sites\/15\/2023\/09\/top-slider-papierkante-textur-unten-1-1.png 1917w, https:\/\/www.bhd-mr-westfalen.de\/coesfeld\/wp-content\/uploads\/sites\/15\/2023\/09\/top-slider-papierkante-textur-unten-1-1-300x8.png 300w, https:\/\/www.bhd-mr-westfalen.de\/coesfeld\/wp-content\/uploads\/sites\/15\/2023\/09\/top-slider-papierkante-textur-unten-1-1-1024x26.png 1024w, https:\/\/www.bhd-mr-westfalen.de\/coesfeld\/wp-content\/uploads\/sites\/15\/2023\/09\/top-slider-papierkante-textur-unten-1-1-768x19.png 768w, https:\/\/www.bhd-mr-westfalen.de\/coesfeld\/wp-content\/uploads\/sites\/15\/2023\/09\/top-slider-papierkante-textur-unten-1-1-1536x38.png 1536w\" sizes=\"(max-width: 1917px) 100vw, 1917px\">\t\t\t\t\t\t\t\t\t\t\t\t\t\t\t<\/div>\n\t\t\t\t<\/div>\n\t\t\t\t<\/div>\n\t\t\t\t<\/div>\n\t\t<div class=\"elementor-element elementor-element-9f55c41 e-flex e-con-boxed e-con e-parent\" data-id=\"9f55c41\" data-element_type=\"container\" data-e-type=\"container\" data-settings=\"{&quot;background_background&quot;:&quot;classic&quot;}\">\n\t\t\t\t\t<div class=\"e-con-inner\">\n\t\t\t\t<div class=\"elementor-element elementor-element-6dc02cc premium-blog-align-left elementor-widget elementor-widget-premium-addon-blog\" data-id=\"6dc02cc\" data-element_type=\"widget\" data-e-type=\"widget\" data-settings=\"{&quot;premium_blog_columns_number&quot;:&quot;33.33%&quot;,&quot;premium_blog_infinite_scroll&quot;:&quot;yes&quot;,&quot;filter_flag&quot;:&quot;cat&quot;,&quot;premium_blog_grid&quot;:&quot;yes&quot;,&quot;premium_blog_layout&quot;:&quot;even&quot;,&quot;premium_blog_columns_number_tablet&quot;:&quot;50%&quot;,&quot;premium_blog_columns_number_mobile&quot;:&quot;100%&quot;,&quot;scroll_to_offset&quot;:&quot;yes&quot;}\" data-widget_type=\"premium-addon-blog.default\">\n\t\t\t\t<div class=\"elementor-widget-container\">\n\t\t\t\t\t\n\t\t\t\t\t\t\t<div class=\"premium-blog-filter\">\n\t\t\t<ul class=\"premium-blog-filters-container\">\n\t\t\t\t\t\t\t\t\t<li>\n\t\t\t\t\t\t<a href=\"javascript:;\" class=\"category active\" data-filter=\"*\">\n\t\t\t\t\t\t\tAlle\t\t\t\t\t\t<\/a>\n\t\t\t\t\t<\/li>\n\t\t\t\t\t\t\t\t\t\t\t\t\t\t<li>\n\t\t\t\t\t\t\t<a href=\"javascript:;\" class=\"category\" data-filter=\"allgemein\">\n\t\t\t\t\t\t\t\tAllgemein\t\t\t\t\t\t\t<\/a>\n\t\t\t\t\t\t<\/li>\n\t\t\t\t\t\t\t\t\t\t<li>\n\t\t\t\t\t\t\t<a href=\"javascript:;\" class=\"category\" data-filter=\"bhd\">\n\t\t\t\t\t\t\t\tBHD\t\t\t\t\t\t\t<\/a>\n\t\t\t\t\t\t<\/li>\n\t\t\t\t\t\t\t\t\t\t<li>\n\t\t\t\t\t\t\t<a href=\"javascript:;\" class=\"category\" data-filter=\"mr\">\n\t\t\t\t\t\t\t\tMR\t\t\t\t\t\t\t<\/a>\n\t\t\t\t\t\t<\/li>\n\t\t\t\t\t\t\t<\/ul>\n\t\t<\/div>\n\t\t\t\t\n\n\t\t\t\t<div class=\"premium-blog-wrap  premium-blog-even\" data-page=\"1803\">\n\t\t\t\t\t\t\t\t\t<div class=\"premium-blog-post-outer-container allgemein bhd mr\" data-total=\"1\">\n\t\t\t<div class=\"premium-blog-post-container premium-blog-skin-classic\">\n\t\t\t\t\t\t\t\t\t<div class=\"premium-blog-thumb-effect-wrapper\">\n\t\t\t\t\t\t<div class=\"premium-blog-thumbnail-container premium-blog-zoomin-effect\">\n\t\t\t\t\t\t\t<img decoding=\"async\" width=\"309\" height=\"209\" src=\"https:\/\/www.bhd-mr-westfalen.de\/coesfeld\/wp-content\/uploads\/sites\/15\/2025\/01\/Unbenannt-e1738061530177.jpg\" class=\"attachment-full size-full wp-image-4629\" alt=\"\" srcset=\"https:\/\/www.bhd-mr-westfalen.de\/coesfeld\/wp-content\/uploads\/sites\/15\/2025\/01\/Unbenannt-e1738061530177.jpg 309w, https:\/\/www.bhd-mr-westfalen.de\/coesfeld\/wp-content\/uploads\/sites\/15\/2025\/01\/Unbenannt-e1738061530177-300x203.jpg 300w\" sizes=\"(max-width: 309px) 100vw, 309px\" \/>\t\t\t\t\t\t<\/div>\n\t\t\t\t\t\t\t\t\t\t\t\t\t<div class=\"premium-blog-thumbnail-overlay\">\n\t\t\t\t\t\t\t\t<a class=\"elementor-icon\" href=\"https:\/\/www.bhd-mr-westfalen.de\/coesfeld\/mein-acker-duengebedarfsermittlung-2025\/\" target=\"_self\"><\/a>\n\t\t\t\t\t\t\t<\/div>\n\n\t\t\t\t\t\t\t\t\t\t\t\t\t\t\t\t\t\t<\/div>\n\t\t\t\t\t\t\t\t\t\t\t\t<div class=\"premium-blog-content-wrapper \">\n\n\t\t\t\t\t<div class=\"premium-blog-inner-container\">\n\n\t\t\t\t\t\t\t\t\t\t\t\t\t\t<h1 class=\"premium-blog-entry-title\">\n\t\t\t<a href=\"https:\/\/www.bhd-mr-westfalen.de\/coesfeld\/mein-acker-duengebedarfsermittlung-2025\/\" target=\"_self\">\n\t\t\t\tMein Acker &#8211; D\u00fcngebedarfsermittlung 2025\t\t\t<\/a>\n\t\t<\/h1>\n\t\t\t\t<div class=\"premium-blog-entry-meta\">\n\t\t\t\n\t\t\t\t\t\t\t<span class=\"premium-blog-meta-separator\">\u2022<\/span>\n\t\t\t\t<div class=\"premium-blog-post-time premium-blog-meta-data\">\n\t\t\t\t\t<i class=\"fa fa-calendar-alt\" aria-hidden=\"true\"><\/i>\n\t\t\t\t\t<span>17. April 2025<\/span>\n\t\t\t\t<\/div>\n\t\t\t\n\t\t\t\n\t\t\t\t\t<\/div>\n\t\t\n\t\t\t\t\t<\/div>\n\n\t\t\t\t\t\t\t<div class=\"premium-blog-content-inner-wrapper\">\n\t\t<p class=\"premium-blog-post-content\">Gro\u00dfer Vorteil der D\u00fcngebedarfsermittlung in der Schlagkartei: Alle bereits in der Schlagkartei erfassten Daten (angebaute Kulturen, Boden-Gehaltsklassen, organische D\u00fcngungen Vorjahr, usw.) werden<\/p><div class=\"premium-blog-excerpt-link-wrap\"><a href=\"https:\/\/www.bhd-mr-westfalen.de\/coesfeld\/mein-acker-duengebedarfsermittlung-2025\/\" target=\"_self\" class=\"premium-blog-excerpt-link elementor-button\">WEITERLESEN  \u2794<\/a><\/div>\t\t<\/div>\n\t\t\t\t\t\t\t\n\t\t\t\t<\/div>\n\t\t\t<\/div>\n\t\t<\/div>\n\n\t\t\t\t<div class=\"premium-blog-post-outer-container allgemein bhd mr\" data-total=\"1\">\n\t\t\t<div class=\"premium-blog-post-container premium-blog-skin-classic\">\n\t\t\t\t\t\t\t\t\t<div class=\"premium-blog-thumb-effect-wrapper\">\n\t\t\t\t\t\t<div class=\"premium-blog-thumbnail-container premium-blog-zoomin-effect\">\n\t\t\t\t\t\t\t<img decoding=\"async\" width=\"1081\" height=\"784\" src=\"https:\/\/www.bhd-mr-westfalen.de\/coesfeld\/wp-content\/uploads\/sites\/15\/2024\/12\/Mein-Acker.jpg\" class=\"attachment-full size-full wp-image-4583\" alt=\"\" srcset=\"https:\/\/www.bhd-mr-westfalen.de\/coesfeld\/wp-content\/uploads\/sites\/15\/2024\/12\/Mein-Acker.jpg 1081w, https:\/\/www.bhd-mr-westfalen.de\/coesfeld\/wp-content\/uploads\/sites\/15\/2024\/12\/Mein-Acker-300x218.jpg 300w, https:\/\/www.bhd-mr-westfalen.de\/coesfeld\/wp-content\/uploads\/sites\/15\/2024\/12\/Mein-Acker-1024x743.jpg 1024w, https:\/\/www.bhd-mr-westfalen.de\/coesfeld\/wp-content\/uploads\/sites\/15\/2024\/12\/Mein-Acker-768x557.jpg 768w\" sizes=\"(max-width: 1081px) 100vw, 1081px\" \/>\t\t\t\t\t\t<\/div>\n\t\t\t\t\t\t\t\t\t\t\t\t\t<div class=\"premium-blog-thumbnail-overlay\">\n\t\t\t\t\t\t\t\t<a class=\"elementor-icon\" href=\"https:\/\/www.bhd-mr-westfalen.de\/coesfeld\/mein-acker\/\" target=\"_self\"><\/a>\n\t\t\t\t\t\t\t<\/div>\n\n\t\t\t\t\t\t\t\t\t\t\t\t\t\t\t\t\t\t<\/div>\n\t\t\t\t\t\t\t\t\t\t\t\t<div class=\"premium-blog-content-wrapper \">\n\n\t\t\t\t\t<div class=\"premium-blog-inner-container\">\n\n\t\t\t\t\t\t\t\t\t\t\t\t\t\t<h1 class=\"premium-blog-entry-title\">\n\t\t\t<a href=\"https:\/\/www.bhd-mr-westfalen.de\/coesfeld\/mein-acker\/\" target=\"_self\">\n\t\t\t\tMein Acker &#8211; Digitalisierungspaket f\u00fcr Mitglieder kostenlos\t\t\t<\/a>\n\t\t<\/h1>\n\t\t\t\t<div class=\"premium-blog-entry-meta\">\n\t\t\t\n\t\t\t\t\t\t\t<span class=\"premium-blog-meta-separator\">\u2022<\/span>\n\t\t\t\t<div class=\"premium-blog-post-time premium-blog-meta-data\">\n\t\t\t\t\t<i class=\"fa fa-calendar-alt\" aria-hidden=\"true\"><\/i>\n\t\t\t\t\t<span>30. Dezember 2024<\/span>\n\t\t\t\t<\/div>\n\t\t\t\n\t\t\t\n\t\t\t\t\t<\/div>\n\t\t\n\t\t\t\t\t<\/div>\n\n\t\t\t\t\t\t\t<div class=\"premium-blog-content-inner-wrapper\">\n\t\t<p class=\"premium-blog-post-content\">Gemeinsam mit der Maschinenringe Deutschland GmbH bieten wir dir als Mitglied des BHD die M\u00f6glichkeit, dein N\u00e4hrstoffmanagement zu digitalisieren. Mit dem neuen<\/p><div class=\"premium-blog-excerpt-link-wrap\"><a href=\"https:\/\/www.bhd-mr-westfalen.de\/coesfeld\/mein-acker\/\" target=\"_self\" class=\"premium-blog-excerpt-link elementor-button\">WEITERLESEN  \u2794<\/a><\/div>\t\t<\/div>\n\t\t\t\t\t\t\t\n\t\t\t\t<\/div>\n\t\t\t<\/div>\n\t\t<\/div>\n\n\t\t\t\t<div class=\"premium-blog-post-outer-container allgemein bhd mr\" data-total=\"1\">\n\t\t\t<div class=\"premium-blog-post-container premium-blog-skin-classic\">\n\t\t\t\t\t\t\t\t\t<div class=\"premium-blog-thumb-effect-wrapper\">\n\t\t\t\t\t\t<div class=\"premium-blog-thumbnail-container premium-blog-zoomin-effect\">\n\t\t\t\t\t\t\t<img loading=\"lazy\" decoding=\"async\" width=\"1068\" height=\"800\" src=\"https:\/\/www.bhd-mr-westfalen.de\/coesfeld\/wp-content\/uploads\/sites\/15\/2023\/11\/Maschinenring-BHD_Coesfeld_Oel-Schmierstoffe.jpg\" class=\"attachment-full size-full wp-image-3439\" alt=\"Verschiedenste \u00d6lsorten und Fette f\u00fcr alle Anwendungen\" srcset=\"https:\/\/www.bhd-mr-westfalen.de\/coesfeld\/wp-content\/uploads\/sites\/15\/2023\/11\/Maschinenring-BHD_Coesfeld_Oel-Schmierstoffe.jpg 1068w, https:\/\/www.bhd-mr-westfalen.de\/coesfeld\/wp-content\/uploads\/sites\/15\/2023\/11\/Maschinenring-BHD_Coesfeld_Oel-Schmierstoffe-300x225.jpg 300w, https:\/\/www.bhd-mr-westfalen.de\/coesfeld\/wp-content\/uploads\/sites\/15\/2023\/11\/Maschinenring-BHD_Coesfeld_Oel-Schmierstoffe-1024x767.jpg 1024w, https:\/\/www.bhd-mr-westfalen.de\/coesfeld\/wp-content\/uploads\/sites\/15\/2023\/11\/Maschinenring-BHD_Coesfeld_Oel-Schmierstoffe-768x575.jpg 768w\" sizes=\"(max-width: 1068px) 100vw, 1068px\" \/>\t\t\t\t\t\t<\/div>\n\t\t\t\t\t\t\t\t\t\t\t\t\t<div class=\"premium-blog-thumbnail-overlay\">\n\t\t\t\t\t\t\t\t<a class=\"elementor-icon\" href=\"https:\/\/www.bhd-mr-westfalen.de\/coesfeld\/schmierstoff-winteraktion\/\" target=\"_self\"><\/a>\n\t\t\t\t\t\t\t<\/div>\n\n\t\t\t\t\t\t\t\t\t\t\t\t\t\t\t\t\t\t<\/div>\n\t\t\t\t\t\t\t\t\t\t\t\t<div class=\"premium-blog-content-wrapper \">\n\n\t\t\t\t\t<div class=\"premium-blog-inner-container\">\n\n\t\t\t\t\t\t\t\t\t\t\t\t\t\t<h1 class=\"premium-blog-entry-title\">\n\t\t\t<a href=\"https:\/\/www.bhd-mr-westfalen.de\/coesfeld\/schmierstoff-winteraktion\/\" target=\"_self\">\n\t\t\t\tSchmierstoff-Winteraktion\t\t\t<\/a>\n\t\t<\/h1>\n\t\t\t\t<div class=\"premium-blog-entry-meta\">\n\t\t\t\n\t\t\t\t\t\t\t<span class=\"premium-blog-meta-separator\">\u2022<\/span>\n\t\t\t\t<div class=\"premium-blog-post-time premium-blog-meta-data\">\n\t\t\t\t\t<i class=\"fa fa-calendar-alt\" aria-hidden=\"true\"><\/i>\n\t\t\t\t\t<span>30. Dezember 2024<\/span>\n\t\t\t\t<\/div>\n\t\t\t\n\t\t\t\n\t\t\t\t\t<\/div>\n\t\t\n\t\t\t\t\t<\/div>\n\n\t\t\t\t\t\t\t<div class=\"premium-blog-content-inner-wrapper\">\n\t\t<p class=\"premium-blog-post-content\">Jetzt gibt es wieder die verschiedensten \u00d6le und Schmierstoffe im Sammeleinkauf der Maschinenringe.\n\nIm Ausschreibungsverfahren hat erneut die Firma Finke Mineral\u00f6lwerk GmbH den<\/p><div class=\"premium-blog-excerpt-link-wrap\"><a href=\"https:\/\/www.bhd-mr-westfalen.de\/coesfeld\/schmierstoff-winteraktion\/\" target=\"_self\" class=\"premium-blog-excerpt-link elementor-button\">WEITERLESEN  \u2794<\/a><\/div>\t\t<\/div>\n\t\t\t\t\t\t\t\n\t\t\t\t<\/div>\n\t\t\t<\/div>\n\t\t<\/div>\n\n\t\t\t\t<div class=\"premium-blog-post-outer-container allgemein bhd mr\" data-total=\"1\">\n\t\t\t<div class=\"premium-blog-post-container premium-blog-skin-classic\">\n\t\t\t\t\t\t\t\t\t<div class=\"premium-blog-thumb-effect-wrapper\">\n\t\t\t\t\t\t<div class=\"premium-blog-thumbnail-container premium-blog-zoomin-effect\">\n\t\t\t\t\t\t\t<img loading=\"lazy\" decoding=\"async\" width=\"1142\" height=\"948\" src=\"https:\/\/www.bhd-mr-westfalen.de\/coesfeld\/wp-content\/uploads\/sites\/15\/2024\/12\/E-Rechnung-1.jpg\" class=\"attachment-full size-full wp-image-4562\" alt=\"\" srcset=\"https:\/\/www.bhd-mr-westfalen.de\/coesfeld\/wp-content\/uploads\/sites\/15\/2024\/12\/E-Rechnung-1.jpg 1142w, https:\/\/www.bhd-mr-westfalen.de\/coesfeld\/wp-content\/uploads\/sites\/15\/2024\/12\/E-Rechnung-1-300x249.jpg 300w, https:\/\/www.bhd-mr-westfalen.de\/coesfeld\/wp-content\/uploads\/sites\/15\/2024\/12\/E-Rechnung-1-1024x850.jpg 1024w, https:\/\/www.bhd-mr-westfalen.de\/coesfeld\/wp-content\/uploads\/sites\/15\/2024\/12\/E-Rechnung-1-768x638.jpg 768w\" sizes=\"(max-width: 1142px) 100vw, 1142px\" \/>\t\t\t\t\t\t<\/div>\n\t\t\t\t\t\t\t\t\t\t\t\t\t<div class=\"premium-blog-thumbnail-overlay\">\n\t\t\t\t\t\t\t\t<a class=\"elementor-icon\" href=\"https:\/\/www.bhd-mr-westfalen.de\/coesfeld\/e-rechnungs-pflicht-ab-01-01-2025\/\" target=\"_self\"><\/a>\n\t\t\t\t\t\t\t<\/div>\n\n\t\t\t\t\t\t\t\t\t\t\t\t\t\t\t\t\t\t<\/div>\n\t\t\t\t\t\t\t\t\t\t\t\t<div class=\"premium-blog-content-wrapper \">\n\n\t\t\t\t\t<div class=\"premium-blog-inner-container\">\n\n\t\t\t\t\t\t\t\t\t\t\t\t\t\t<h1 class=\"premium-blog-entry-title\">\n\t\t\t<a href=\"https:\/\/www.bhd-mr-westfalen.de\/coesfeld\/e-rechnungs-pflicht-ab-01-01-2025\/\" target=\"_self\">\n\t\t\t\tE-Rechnungs-Pflicht ab 01.01.2025\t\t\t<\/a>\n\t\t<\/h1>\n\t\t\t\t<div class=\"premium-blog-entry-meta\">\n\t\t\t\n\t\t\t\t\t\t\t<span class=\"premium-blog-meta-separator\">\u2022<\/span>\n\t\t\t\t<div class=\"premium-blog-post-time premium-blog-meta-data\">\n\t\t\t\t\t<i class=\"fa fa-calendar-alt\" aria-hidden=\"true\"><\/i>\n\t\t\t\t\t<span>30. Dezember 2024<\/span>\n\t\t\t\t<\/div>\n\t\t\t\n\t\t\t\n\t\t\t\t\t<\/div>\n\t\t\n\t\t\t\t\t<\/div>\n\n\t\t\t\t\t\t\t<div class=\"premium-blog-content-inner-wrapper\">\n\t\t<p class=\"premium-blog-post-content\">Wichtige \u00c4nderungen f\u00fcr den Rechnungsversand:\n\nRechnungen schreiben und empfangen geh\u00f6rt zum Alltagsgesch\u00e4ft aller Unternehmen. Ab dem 01.01.2025 m\u00fcssen Unternehmen und somit auch alle<\/p><div class=\"premium-blog-excerpt-link-wrap\"><a href=\"https:\/\/www.bhd-mr-westfalen.de\/coesfeld\/e-rechnungs-pflicht-ab-01-01-2025\/\" target=\"_self\" class=\"premium-blog-excerpt-link elementor-button\">WEITERLESEN  \u2794<\/a><\/div>\t\t<\/div>\n\t\t\t\t\t\t\t\n\t\t\t\t<\/div>\n\t\t\t<\/div>\n\t\t<\/div>\n\n\t\t\t\t\t\t\t<\/div>\n\n\t\t\n\t\t\n\t\t\t\t\t\t<\/div>\n\t\t\t\t<\/div>\n\t\t\t\t\t<\/div>\n\t\t\t\t<\/div>\n\t\t\t\t<\/div>\n\t\t","protected":false},"excerpt":{"rendered":"<p>Hier findest Du aktuelle Informationen, Aktionen und Hinweise zu Veranstaltungen des Betriebs-, Familienhilfsfdienst und Maschinenring Coesfeld<\/p>\n","protected":false},"author":2,"featured_media":0,"parent":0,"menu_order":0,"comment_status":"closed","ping_status":"closed","template":"","meta":{"footnotes":""},"class_list":["post-1803","page","type-page","status-publish","hentry"],"_links":{"self":[{"href":"https:\/\/www.bhd-mr-westfalen.de\/coesfeld\/wp-json\/wp\/v2\/pages\/1803","targetHints":{"allow":["GET"]}}],"collection":[{"href":"https:\/\/www.bhd-mr-westfalen.de\/coesfeld\/wp-json\/wp\/v2\/pages"}],"about":[{"href":"https:\/\/www.bhd-mr-westfalen.de\/coesfeld\/wp-json\/wp\/v2\/types\/page"}],"author":[{"embeddable":true,"href":"https:\/\/www.bhd-mr-westfalen.de\/coesfeld\/wp-json\/wp\/v2\/users\/2"}],"replies":[{"embeddable":true,"href":"https:\/\/www.bhd-mr-westfalen.de\/coesfeld\/wp-json\/wp\/v2\/comments?post=1803"}],"version-history":[{"count":13,"href":"https:\/\/www.bhd-mr-westfalen.de\/coesfeld\/wp-json\/wp\/v2\/pages\/1803\/revisions"}],"predecessor-version":[{"id":4639,"href":"https:\/\/www.bhd-mr-westfalen.de\/coesfeld\/wp-json\/wp\/v2\/pages\/1803\/revisions\/4639"}],"wp:attachment":[{"href":"https:\/\/www.bhd-mr-westfalen.de\/coesfeld\/wp-json\/wp\/v2\/media?parent=1803"}],"curies":[{"name":"wp","href":"https:\/\/api.w.org\/{rel}","templated":true}]}}