{"id":3824,"date":"2021-08-10T10:23:16","date_gmt":"2021-08-10T09:23:16","guid":{"rendered":"https:\/\/www.bhd-mr-westfalen.de\/coesfeld\/impressum\/"},"modified":"2024-05-22T10:12:26","modified_gmt":"2024-05-22T08:12:26","slug":"impressum","status":"publish","type":"page","link":"https:\/\/www.bhd-mr-westfalen.de\/coesfeld\/impressum\/","title":{"rendered":"Impressum"},"content":{"rendered":"\t\t<div data-elementor-type=\"wp-page\" data-elementor-id=\"3824\" class=\"elementor elementor-3824\" data-elementor-post-type=\"page\">\n\t\t\t\t\t\t<section class=\"elementor-section elementor-top-section elementor-element elementor-element-909c435 elementor-section-boxed elementor-section-height-default elementor-section-height-default\" data-id=\"909c435\" data-element_type=\"section\" data-e-type=\"section\">\n\t\t\t\t\t\t<div class=\"elementor-container elementor-column-gap-default\">\n\t\t\t\t\t<div class=\"elementor-column elementor-col-100 elementor-top-column elementor-element elementor-element-9ece398\" data-id=\"9ece398\" data-element_type=\"column\" data-e-type=\"column\">\n\t\t\t<div class=\"elementor-widget-wrap elementor-element-populated\">\n\t\t\t\t\t\t<div class=\"elementor-element elementor-element-e07031f elementor-widget elementor-widget-heading\" data-id=\"e07031f\" data-element_type=\"widget\" data-e-type=\"widget\" data-widget_type=\"heading.default\">\n\t\t\t\t<div class=\"elementor-widget-container\">\n\t\t\t\t\t<h1 class=\"elementor-heading-title elementor-size-default\">Impressum BHD Coesfeld e.V. <\/h1>\t\t\t\t<\/div>\n\t\t\t\t<\/div>\n\t\t\t\t<div class=\"elementor-element elementor-element-7bc0234 elementor-widget elementor-widget-text-editor\" data-id=\"7bc0234\" data-element_type=\"widget\" data-e-type=\"widget\" data-widget_type=\"text-editor.default\">\n\t\t\t\t<div class=\"elementor-widget-container\">\n\t\t\t\t\t\t\t\t\t<h3><b><span data-contrast=\"auto\">Angaben gem\u00e4\u00df \u00a7 5 TMG<\/span><\/b><span data-ccp-props=\"{&quot;201341983&quot;:0,&quot;335559739&quot;:0,&quot;335559740&quot;:240}\">\u00a0<\/span><\/h3><p><span data-ccp-props=\"{&quot;201341983&quot;:0,&quot;335559739&quot;:0,&quot;335559740&quot;:240}\">\u00a0<\/span><span data-contrast=\"auto\">Betriebs-, Familienhilfsdienst und Maschinenring Coesfeld e.V.<\/span><span data-ccp-props=\"{&quot;201341983&quot;:0,&quot;335559739&quot;:0,&quot;335559740&quot;:240}\">\u00a0<br \/><\/span><span data-contrast=\"auto\">Borkener Stra\u00dfe 27b<\/span><span data-ccp-props=\"{&quot;201341983&quot;:0,&quot;335559739&quot;:0,&quot;335559740&quot;:240}\">\u00a0<br \/><\/span><span data-contrast=\"auto\">48653 Coesfeld<\/span><span data-ccp-props=\"{&quot;201341983&quot;:0,&quot;335559739&quot;:0,&quot;335559740&quot;:240}\">\u00a0<\/span><\/p><p><span data-contrast=\"auto\">Vereinsregister: VR 163<\/span><span data-ccp-props=\"{&quot;201341983&quot;:0,&quot;335559739&quot;:0,&quot;335559740&quot;:240}\">\u00a0<br \/><\/span><span data-contrast=\"auto\">Registergericht: Amtsgericht Coesfeld<\/span><span data-ccp-props=\"{&quot;201341983&quot;:0,&quot;335559739&quot;:0,&quot;335559740&quot;:240}\">\u00a0<\/span><\/p><p><span data-contrast=\"auto\">Vertreten durch:<\/span><span data-ccp-props=\"{&quot;201341983&quot;:0,&quot;335559739&quot;:0,&quot;335559740&quot;:240}\">\u00a0<br \/><\/span><span data-contrast=\"auto\">Antonius Schulze Entrup<\/span><span data-ccp-props=\"{&quot;201341983&quot;:0,&quot;335559739&quot;:0,&quot;335559740&quot;:240}\">\u00a0<\/span><\/p><p><span data-ccp-props=\"{&quot;201341983&quot;:0,&quot;335559739&quot;:0,&quot;335559740&quot;:240}\">\u00a0<\/span><\/p><h3><b><span data-contrast=\"auto\">Kontakt<\/span><\/b><span data-ccp-props=\"{&quot;201341983&quot;:0,&quot;335559739&quot;:0,&quot;335559740&quot;:240}\">\u00a0<\/span><\/h3><p><span data-ccp-props=\"{&quot;201341983&quot;:0,&quot;335559739&quot;:0,&quot;335559740&quot;:240}\">\u00a0<\/span><span data-contrast=\"auto\">Telefon: 0 25 41 \/ 8 44 61 &#8211; 0<\/span><span data-ccp-props=\"{&quot;201341983&quot;:0,&quot;335559739&quot;:0,&quot;335559740&quot;:240}\">\u00a0<br \/><\/span><span data-contrast=\"auto\">Telefax: 0 25 41 \/ 8 44 61 &#8211; 49<\/span><span data-ccp-props=\"{&quot;201341983&quot;:0,&quot;335559739&quot;:0,&quot;335559740&quot;:240}\">\u00a0<br \/><\/span><span data-contrast=\"auto\">E-Mail: info[at]bhd-coesfeld.de<\/span><span data-ccp-props=\"{&quot;201341983&quot;:0,&quot;335559739&quot;:0,&quot;335559740&quot;:240}\">\u00a0<\/span><\/p><p><span data-ccp-props=\"{&quot;201341983&quot;:0,&quot;335559739&quot;:0,&quot;335559740&quot;:240}\">\u00a0<\/span><\/p><h3><b><span data-contrast=\"auto\">Umsatzsteuer-ID<\/span><\/b><span data-ccp-props=\"{&quot;201341983&quot;:0,&quot;335559739&quot;:0,&quot;335559740&quot;:240}\">\u00a0<\/span><\/h3><p><span data-ccp-props=\"{&quot;201341983&quot;:0,&quot;335559739&quot;:0,&quot;335559740&quot;:240}\">U<\/span><span data-contrast=\"auto\">msatzsteuer-Identifikationsnummer gem\u00e4\u00df \u00a7 27 a Umsatzsteuergesetz:<\/span><span data-ccp-props=\"{&quot;201341983&quot;:0,&quot;335559739&quot;:0,&quot;335559740&quot;:240}\">\u00a0<br \/><\/span><span data-contrast=\"auto\">DE <\/span><span data-contrast=\"auto\">247695547<\/span><span data-ccp-props=\"{&quot;201341983&quot;:0,&quot;335559739&quot;:0,&quot;335559740&quot;:240}\">\u00a0<\/span><\/p><p><span data-ccp-props=\"{&quot;201341983&quot;:0,&quot;335559739&quot;:0,&quot;335559740&quot;:240}\">\u00a0<\/span><\/p><h3><b><span data-contrast=\"auto\">Redaktionell verantwortlich<\/span><\/b><span data-ccp-props=\"{&quot;201341983&quot;:0,&quot;335559739&quot;:0,&quot;335559740&quot;:240}\">\u00a0<\/span><\/h3><p><span data-contrast=\"auto\">Alf M\u00fclder, Gesch\u00e4ftsf\u00fchrer<\/span><span data-ccp-props=\"{&quot;201341983&quot;:0,&quot;335559739&quot;:0,&quot;335559740&quot;:240}\">\u00a0<\/span><\/p><p><span data-ccp-props=\"{&quot;201341983&quot;:0,&quot;335559739&quot;:0,&quot;335559740&quot;:240}\">\u00a0<\/span><\/p><h3><b><span data-contrast=\"auto\">Verbraucherstreitbeilegung\/Universalschlichtungsstelle<\/span><\/b><span data-ccp-props=\"{&quot;201341983&quot;:0,&quot;335559739&quot;:0,&quot;335559740&quot;:240}\">\u00a0<\/span><\/h3><p><span data-contrast=\"auto\">Wir sind nicht bereit oder verpflichtet, an Streitbeilegungsverfahren vor einer<\/span> <span data-contrast=\"auto\">Verbraucherschlichtungsstelle teilzunehmen.<\/span><span data-ccp-props=\"{&quot;201341983&quot;:0,&quot;335559739&quot;:0,&quot;335559740&quot;:240}\">\u00a0<\/span><\/p>\t\t\t\t\t\t\t\t<\/div>\n\t\t\t\t<\/div>\n\t\t\t\t<div class=\"elementor-element elementor-element-a635db6 elementor-widget elementor-widget-text-editor\" data-id=\"a635db6\" data-element_type=\"widget\" data-e-type=\"widget\" data-widget_type=\"text-editor.default\">\n\t\t\t\t<div class=\"elementor-widget-container\">\n\t\t\t\t\t\t\t\t\t<h3><strong>Konzept, Webdesign &amp; Programmierung<\/strong><\/h3><p><strong>plantamedium<\/strong> | Die Agentur f\u00fcr Agrar, Ern\u00e4hrung &amp; Tier<\/p><p><a href=\"https:\/\/plantamedium.de\" target=\"_blank\" rel=\"noopener\">plantamedium.de<\/a><\/p>\t\t\t\t\t\t\t\t<\/div>\n\t\t\t\t<\/div>\n\t\t\t\t\t<\/div>\n\t\t<\/div>\n\t\t\t\t\t<\/div>\n\t\t<\/section>\n\t\t\t\t<\/div>\n\t\t","protected":false},"excerpt":{"rendered":"<p>Impressum BHD Coesfeld e.V. Angaben gem\u00e4\u00df \u00a7 5 TMG\u00a0 \u00a0Betriebs-, Familienhilfsdienst und Maschinenring Coesfeld e.V.\u00a0Borkener Stra\u00dfe 27b\u00a048653 Coesfeld\u00a0 Vereinsregister: VR 163\u00a0Registergericht: Amtsgericht Coesfeld\u00a0 Vertreten durch:\u00a0Antonius Schulze Entrup\u00a0 \u00a0 Kontakt\u00a0 \u00a0Telefon: 0 25 41 \/ 8 44 61 &#8211; 0\u00a0Telefax: 0 25 41 \/ 8 44 61 &#8211; 49\u00a0E-Mail: info[at]bhd-coesfeld.de\u00a0 \u00a0 Umsatzsteuer-ID\u00a0 Umsatzsteuer-Identifikationsnummer gem\u00e4\u00df \u00a7 27 [&hellip;]<\/p>\n","protected":false},"author":2,"featured_media":0,"parent":0,"menu_order":0,"comment_status":"closed","ping_status":"closed","template":"","meta":{"footnotes":""},"class_list":["post-3824","page","type-page","status-publish","hentry"],"_links":{"self":[{"href":"https:\/\/www.bhd-mr-westfalen.de\/coesfeld\/wp-json\/wp\/v2\/pages\/3824","targetHints":{"allow":["GET"]}}],"collection":[{"href":"https:\/\/www.bhd-mr-westfalen.de\/coesfeld\/wp-json\/wp\/v2\/pages"}],"about":[{"href":"https:\/\/www.bhd-mr-westfalen.de\/coesfeld\/wp-json\/wp\/v2\/types\/page"}],"author":[{"embeddable":true,"href":"https:\/\/www.bhd-mr-westfalen.de\/coesfeld\/wp-json\/wp\/v2\/users\/2"}],"replies":[{"embeddable":true,"href":"https:\/\/www.bhd-mr-westfalen.de\/coesfeld\/wp-json\/wp\/v2\/comments?post=3824"}],"version-history":[{"count":4,"href":"https:\/\/www.bhd-mr-westfalen.de\/coesfeld\/wp-json\/wp\/v2\/pages\/3824\/revisions"}],"predecessor-version":[{"id":4372,"href":"https:\/\/www.bhd-mr-westfalen.de\/coesfeld\/wp-json\/wp\/v2\/pages\/3824\/revisions\/4372"}],"wp:attachment":[{"href":"https:\/\/www.bhd-mr-westfalen.de\/coesfeld\/wp-json\/wp\/v2\/media?parent=3824"}],"curies":[{"name":"wp","href":"https:\/\/api.w.org\/{rel}","templated":true}]}}