{"id":1803,"date":"2023-08-29T14:01:24","date_gmt":"2023-08-29T12:01:24","guid":{"rendered":"https:\/\/www.bhd-mr-westfalen.de\/ennepe-ruhr-hagen-maerkischer-kreis\/?page_id=1803"},"modified":"2024-11-18T09:45:40","modified_gmt":"2024-11-18T08:45:40","slug":"news","status":"publish","type":"page","link":"https:\/\/www.bhd-mr-westfalen.de\/ennepe-ruhr-hagen-maerkischer-kreis\/news\/","title":{"rendered":"News"},"content":{"rendered":"\t\t<div data-elementor-type=\"wp-page\" data-elementor-id=\"1803\" class=\"elementor elementor-1803\" data-elementor-post-type=\"page\">\n\t\t\t\t<div class=\"elementor-element elementor-element-776979e e-con-full e-flex e-con e-parent\" data-id=\"776979e\" data-element_type=\"container\" data-e-type=\"container\">\n\t\t<div class=\"elementor-element elementor-element-266360aa e-con-full e-flex e-con e-child\" data-id=\"266360aa\" data-element_type=\"container\" data-e-type=\"container\" data-settings=\"{&quot;background_background&quot;:&quot;classic&quot;}\">\n\t\t\t\t<div class=\"elementor-element elementor-element-f853517 elementor-widget elementor-widget-heading\" data-id=\"f853517\" data-element_type=\"widget\" data-e-type=\"widget\" data-widget_type=\"heading.default\">\n\t\t\t\t<div class=\"elementor-widget-container\">\n\t\t\t\t\t<h1 class=\"elementor-heading-title elementor-size-default\">News und Termine<\/h1>\t\t\t\t<\/div>\n\t\t\t\t<\/div>\n\t\t\t\t<\/div>\n\t\t<div class=\"elementor-element elementor-element-198c3090 e-con-full e-flex e-con e-child\" data-id=\"198c3090\" data-element_type=\"container\" data-e-type=\"container\">\n\t\t\t\t<div class=\"elementor-element elementor-element-106f3426 elementor-widget elementor-widget-image\" data-id=\"106f3426\" data-element_type=\"widget\" data-e-type=\"widget\" data-widget_type=\"image.default\">\n\t\t\t\t<div class=\"elementor-widget-container\">\n\t\t\t\t\t\t\t\t\t\t\t\t\t\t\t<img fetchpriority=\"high\" decoding=\"async\" width=\"1917\" height=\"48\" src=\"https:\/\/www.bhd-mr-westfalen.de\/ennepe-ruhr-hagen-maerkischer-kreis\/wp-content\/uploads\/sites\/7\/2023\/11\/top-slider-papierkante-textur-unten-1-1.png\" class=\"attachment-full size-full wp-image-3035\" alt=\"\" srcset=\"https:\/\/www.bhd-mr-westfalen.de\/ennepe-ruhr-hagen-maerkischer-kreis\/wp-content\/uploads\/sites\/7\/2023\/11\/top-slider-papierkante-textur-unten-1-1.png 1917w, https:\/\/www.bhd-mr-westfalen.de\/ennepe-ruhr-hagen-maerkischer-kreis\/wp-content\/uploads\/sites\/7\/2023\/11\/top-slider-papierkante-textur-unten-1-1-300x8.png 300w, https:\/\/www.bhd-mr-westfalen.de\/ennepe-ruhr-hagen-maerkischer-kreis\/wp-content\/uploads\/sites\/7\/2023\/11\/top-slider-papierkante-textur-unten-1-1-1024x26.png 1024w, https:\/\/www.bhd-mr-westfalen.de\/ennepe-ruhr-hagen-maerkischer-kreis\/wp-content\/uploads\/sites\/7\/2023\/11\/top-slider-papierkante-textur-unten-1-1-768x19.png 768w, https:\/\/www.bhd-mr-westfalen.de\/ennepe-ruhr-hagen-maerkischer-kreis\/wp-content\/uploads\/sites\/7\/2023\/11\/top-slider-papierkante-textur-unten-1-1-1536x38.png 1536w\" sizes=\"(max-width: 1917px) 100vw, 1917px\">\t\t\t\t\t\t\t\t\t\t\t\t\t\t\t<\/div>\n\t\t\t\t<\/div>\n\t\t\t\t<\/div>\n\t\t\t\t<\/div>\n\t\t<div class=\"elementor-element elementor-element-d51f2f9 e-flex e-con-boxed e-con e-parent\" data-id=\"d51f2f9\" data-element_type=\"container\" data-e-type=\"container\" data-settings=\"{&quot;background_background&quot;:&quot;classic&quot;}\">\n\t\t\t\t\t<div class=\"e-con-inner\">\n\t\t\t\t<div class=\"elementor-element elementor-element-e3715be premium-blog-align-left elementor-widget elementor-widget-premium-addon-blog\" data-id=\"e3715be\" data-element_type=\"widget\" data-e-type=\"widget\" data-settings=\"{&quot;premium_blog_columns_number&quot;:&quot;33.33%&quot;,&quot;premium_blog_infinite_scroll&quot;:&quot;yes&quot;,&quot;premium_blog_grid&quot;:&quot;yes&quot;,&quot;premium_blog_layout&quot;:&quot;even&quot;,&quot;premium_blog_columns_number_tablet&quot;:&quot;50%&quot;,&quot;premium_blog_columns_number_mobile&quot;:&quot;100%&quot;,&quot;scroll_to_offset&quot;:&quot;yes&quot;,&quot;filter_flag&quot;:&quot;cat&quot;}\" data-widget_type=\"premium-addon-blog.default\">\n\t\t\t\t<div class=\"elementor-widget-container\">\n\t\t\t\t\t\n\t\t\t\t\t\t\t<div class=\"premium-blog-filter\">\n\t\t\t<ul class=\"premium-blog-filters-container\">\n\t\t\t\t\t\t\t\t\t<li>\n\t\t\t\t\t\t<a href=\"javascript:;\" class=\"category active\" data-filter=\"*\">\n\t\t\t\t\t\t\tAlle\t\t\t\t\t\t<\/a>\n\t\t\t\t\t<\/li>\n\t\t\t\t\t\t\t\t\t\t\t\t\t\t<li>\n\t\t\t\t\t\t\t<a href=\"javascript:;\" class=\"category\" data-filter=\"allgemein\">\n\t\t\t\t\t\t\t\tAllgemein\t\t\t\t\t\t\t<\/a>\n\t\t\t\t\t\t<\/li>\n\t\t\t\t\t\t\t\t\t\t<li>\n\t\t\t\t\t\t\t<a href=\"javascript:;\" class=\"category\" data-filter=\"bhd\">\n\t\t\t\t\t\t\t\tBHD\t\t\t\t\t\t\t<\/a>\n\t\t\t\t\t\t<\/li>\n\t\t\t\t\t\t\t\t\t\t<li>\n\t\t\t\t\t\t\t<a href=\"javascript:;\" class=\"category\" data-filter=\"mr\">\n\t\t\t\t\t\t\t\tMR\t\t\t\t\t\t\t<\/a>\n\t\t\t\t\t\t<\/li>\n\t\t\t\t\t\t\t<\/ul>\n\t\t<\/div>\n\t\t\t\t\n\n\t\t\t\t<div class=\"premium-blog-wrap  premium-blog-even\" data-page=\"1803\">\n\t\t\t\t\t\t\t\t\t<div class=\"premium-blog-post-outer-container allgemein mr\" data-total=\"1\">\n\t\t\t<div class=\"premium-blog-post-container premium-blog-skin-classic\">\n\t\t\t\t\t\t\t\t\t<div class=\"premium-blog-thumb-effect-wrapper\">\n\t\t\t\t\t\t<div class=\"premium-blog-thumbnail-container premium-blog-zoomin-effect\">\n\t\t\t\t\t\t\t<img decoding=\"async\" width=\"2119\" height=\"1415\" src=\"https:\/\/www.bhd-mr-westfalen.de\/ennepe-ruhr-hagen-maerkischer-kreis\/wp-content\/uploads\/sites\/7\/2026\/04\/Schadnagerbekaempfung-Coesfeld_Lizenz-erworben.jpg\" class=\"attachment-full size-full wp-image-4144\" alt=\"\" srcset=\"https:\/\/www.bhd-mr-westfalen.de\/ennepe-ruhr-hagen-maerkischer-kreis\/wp-content\/uploads\/sites\/7\/2026\/04\/Schadnagerbekaempfung-Coesfeld_Lizenz-erworben.jpg 2119w, https:\/\/www.bhd-mr-westfalen.de\/ennepe-ruhr-hagen-maerkischer-kreis\/wp-content\/uploads\/sites\/7\/2026\/04\/Schadnagerbekaempfung-Coesfeld_Lizenz-erworben-300x200.jpg 300w, https:\/\/www.bhd-mr-westfalen.de\/ennepe-ruhr-hagen-maerkischer-kreis\/wp-content\/uploads\/sites\/7\/2026\/04\/Schadnagerbekaempfung-Coesfeld_Lizenz-erworben-1024x684.jpg 1024w, https:\/\/www.bhd-mr-westfalen.de\/ennepe-ruhr-hagen-maerkischer-kreis\/wp-content\/uploads\/sites\/7\/2026\/04\/Schadnagerbekaempfung-Coesfeld_Lizenz-erworben-768x513.jpg 768w, https:\/\/www.bhd-mr-westfalen.de\/ennepe-ruhr-hagen-maerkischer-kreis\/wp-content\/uploads\/sites\/7\/2026\/04\/Schadnagerbekaempfung-Coesfeld_Lizenz-erworben-1536x1026.jpg 1536w, https:\/\/www.bhd-mr-westfalen.de\/ennepe-ruhr-hagen-maerkischer-kreis\/wp-content\/uploads\/sites\/7\/2026\/04\/Schadnagerbekaempfung-Coesfeld_Lizenz-erworben-2048x1368.jpg 2048w\" sizes=\"(max-width: 2119px) 100vw, 2119px\" \/>\t\t\t\t\t\t<\/div>\n\t\t\t\t\t\t\t\t\t\t\t\t\t<div class=\"premium-blog-thumbnail-overlay\">\n\t\t\t\t\t\t\t\t<a class=\"elementor-icon\" href=\"https:\/\/www.bhd-mr-westfalen.de\/ennepe-ruhr-hagen-maerkischer-kreis\/neuerungen-in-sachen-schadnagerbekaempfung\/\" target=\"_self\"><\/a>\n\t\t\t\t\t\t\t<\/div>\n\n\t\t\t\t\t\t\t\t\t\t\t\t\t\t\t\t\t\t<\/div>\n\t\t\t\t\t\t\t\t\t\t\t\t<div class=\"premium-blog-content-wrapper \">\n\n\t\t\t\t\t<div class=\"premium-blog-inner-container\">\n\n\t\t\t\t\t\t\t\t\t\t\t\t\t\t<h2 class=\"premium-blog-entry-title\">\n\t\t\t<a href=\"https:\/\/www.bhd-mr-westfalen.de\/ennepe-ruhr-hagen-maerkischer-kreis\/neuerungen-in-sachen-schadnagerbekaempfung\/\" target=\"_self\">\n\t\t\t\tNeuerungen in Sachen Schadnagerbek\u00e4mpfung\t\t\t<\/a>\n\t\t<\/h2>\n\t\t\t\t<div class=\"premium-blog-entry-meta\">\n\t\t\t\n\t\t\t\t\t\t\t<span class=\"premium-blog-meta-separator\">\u2022<\/span>\n\t\t\t\t<div class=\"premium-blog-post-time premium-blog-meta-data\">\n\t\t\t\t\t<i class=\"fa fa-calendar-alt\" aria-hidden=\"true\"><\/i>\n\t\t\t\t\t<span>28. April 2026<\/span>\n\t\t\t\t<\/div>\n\t\t\t\n\t\t\t\n\t\t\t\t\t<\/div>\n\t\t\n\t\t\t\t\t<\/div>\n\n\t\t\t\t\t\t\t<div class=\"premium-blog-content-inner-wrapper\">\n\t\t<p class=\"premium-blog-post-content\">Mit \u00c4nderung der Gefahrstoffverordnung zum 02.12.24 werden die Regeln f\u00fcr den Einsatz von Rodentiziden und die Dauerbek\u00f6derung derzeit grundlegend \u00fcberarbeitet. Der bisher<\/p><div class=\"premium-blog-excerpt-link-wrap\"><a href=\"https:\/\/www.bhd-mr-westfalen.de\/ennepe-ruhr-hagen-maerkischer-kreis\/neuerungen-in-sachen-schadnagerbekaempfung\/\" target=\"_self\" class=\"premium-blog-excerpt-link elementor-button\">WEITERLESEN  \u2794<\/a><\/div>\t\t<\/div>\n\t\t\t\t\t\t\t\n\t\t\t\t<\/div>\n\t\t\t<\/div>\n\t\t<\/div>\n\n\t\t\t\t<div class=\"premium-blog-post-outer-container allgemein mr\" data-total=\"1\">\n\t\t\t<div class=\"premium-blog-post-container premium-blog-skin-classic\">\n\t\t\t\t\t\t\t\t\t<div class=\"premium-blog-thumb-effect-wrapper\">\n\t\t\t\t\t\t<div class=\"premium-blog-thumbnail-container premium-blog-zoomin-effect\">\n\t\t\t\t\t\t\t<img decoding=\"async\" width=\"1920\" height=\"2560\" src=\"https:\/\/www.bhd-mr-westfalen.de\/ennepe-ruhr-hagen-maerkischer-kreis\/wp-content\/uploads\/sites\/7\/2026\/04\/20260203_134958-scaled.jpg\" class=\"attachment-full size-full wp-image-4135\" alt=\"\" srcset=\"https:\/\/www.bhd-mr-westfalen.de\/ennepe-ruhr-hagen-maerkischer-kreis\/wp-content\/uploads\/sites\/7\/2026\/04\/20260203_134958-scaled.jpg 1920w, https:\/\/www.bhd-mr-westfalen.de\/ennepe-ruhr-hagen-maerkischer-kreis\/wp-content\/uploads\/sites\/7\/2026\/04\/20260203_134958-scaled-225x300.jpg 225w, https:\/\/www.bhd-mr-westfalen.de\/ennepe-ruhr-hagen-maerkischer-kreis\/wp-content\/uploads\/sites\/7\/2026\/04\/20260203_134958-scaled-768x1024.jpg 768w, https:\/\/www.bhd-mr-westfalen.de\/ennepe-ruhr-hagen-maerkischer-kreis\/wp-content\/uploads\/sites\/7\/2026\/04\/20260203_134958-scaled-1152x1536.jpg 1152w, https:\/\/www.bhd-mr-westfalen.de\/ennepe-ruhr-hagen-maerkischer-kreis\/wp-content\/uploads\/sites\/7\/2026\/04\/20260203_134958-scaled-1536x2048.jpg 1536w\" sizes=\"(max-width: 1920px) 100vw, 1920px\" \/>\t\t\t\t\t\t<\/div>\n\t\t\t\t\t\t\t\t\t\t\t\t\t<div class=\"premium-blog-thumbnail-overlay\">\n\t\t\t\t\t\t\t\t<a class=\"elementor-icon\" href=\"https:\/\/www.bhd-mr-westfalen.de\/ennepe-ruhr-hagen-maerkischer-kreis\/agrarunternehmertage-2026-wir-sind-dabei\/\" target=\"_self\"><\/a>\n\t\t\t\t\t\t\t<\/div>\n\n\t\t\t\t\t\t\t\t\t\t\t\t\t\t\t\t\t\t<\/div>\n\t\t\t\t\t\t\t\t\t\t\t\t<div class=\"premium-blog-content-wrapper \">\n\n\t\t\t\t\t<div class=\"premium-blog-inner-container\">\n\n\t\t\t\t\t\t\t\t\t\t\t\t\t\t<h2 class=\"premium-blog-entry-title\">\n\t\t\t<a href=\"https:\/\/www.bhd-mr-westfalen.de\/ennepe-ruhr-hagen-maerkischer-kreis\/agrarunternehmertage-2026-wir-sind-dabei\/\" target=\"_self\">\n\t\t\t\tAgrarunternehmertage 2026 &#8211; Wir waren dabei!\t\t\t<\/a>\n\t\t<\/h2>\n\t\t\t\t<div class=\"premium-blog-entry-meta\">\n\t\t\t\n\t\t\t\t\t\t\t<span class=\"premium-blog-meta-separator\">\u2022<\/span>\n\t\t\t\t<div class=\"premium-blog-post-time premium-blog-meta-data\">\n\t\t\t\t\t<i class=\"fa fa-calendar-alt\" aria-hidden=\"true\"><\/i>\n\t\t\t\t\t<span>5. Februar 2026<\/span>\n\t\t\t\t<\/div>\n\t\t\t\n\t\t\t\n\t\t\t\t\t<\/div>\n\t\t\n\t\t\t\t\t<\/div>\n\n\t\t\t\t\t\t\t<div class=\"premium-blog-content-inner-wrapper\">\n\t\t<p class=\"premium-blog-post-content\">Vom 03.-06. Februar 2026 fanden in M\u00fcnster wieder die Agrarunternehmertage statt. Das Leitthema an unserem Stand war &#8222;MeinAcker&#8220; &#8211; das Softwarepaket f\u00fcr<\/p><div class=\"premium-blog-excerpt-link-wrap\"><a href=\"https:\/\/www.bhd-mr-westfalen.de\/ennepe-ruhr-hagen-maerkischer-kreis\/agrarunternehmertage-2026-wir-sind-dabei\/\" target=\"_self\" class=\"premium-blog-excerpt-link elementor-button\">WEITERLESEN  \u2794<\/a><\/div>\t\t<\/div>\n\t\t\t\t\t\t\t\n\t\t\t\t<\/div>\n\t\t\t<\/div>\n\t\t<\/div>\n\n\t\t\t\t<div class=\"premium-blog-post-outer-container allgemein\" data-total=\"1\">\n\t\t\t<div class=\"premium-blog-post-container premium-blog-skin-classic\">\n\t\t\t\t\t\t\t\t\t<div class=\"premium-blog-thumb-effect-wrapper\">\n\t\t\t\t\t\t<div class=\"premium-blog-thumbnail-container premium-blog-zoomin-effect\">\n\t\t\t\t\t\t\t<img loading=\"lazy\" decoding=\"async\" width=\"2560\" height=\"1920\" src=\"https:\/\/www.bhd-mr-westfalen.de\/ennepe-ruhr-hagen-maerkischer-kreis\/wp-content\/uploads\/sites\/7\/2025\/06\/Bodenproben-2-scaled.jpg\" class=\"attachment-full size-full wp-image-4016\" alt=\"\" srcset=\"https:\/\/www.bhd-mr-westfalen.de\/ennepe-ruhr-hagen-maerkischer-kreis\/wp-content\/uploads\/sites\/7\/2025\/06\/Bodenproben-2-scaled.jpg 2560w, https:\/\/www.bhd-mr-westfalen.de\/ennepe-ruhr-hagen-maerkischer-kreis\/wp-content\/uploads\/sites\/7\/2025\/06\/Bodenproben-2-300x225.jpg 300w, https:\/\/www.bhd-mr-westfalen.de\/ennepe-ruhr-hagen-maerkischer-kreis\/wp-content\/uploads\/sites\/7\/2025\/06\/Bodenproben-2-1024x768.jpg 1024w, https:\/\/www.bhd-mr-westfalen.de\/ennepe-ruhr-hagen-maerkischer-kreis\/wp-content\/uploads\/sites\/7\/2025\/06\/Bodenproben-2-768x576.jpg 768w, https:\/\/www.bhd-mr-westfalen.de\/ennepe-ruhr-hagen-maerkischer-kreis\/wp-content\/uploads\/sites\/7\/2025\/06\/Bodenproben-2-1536x1152.jpg 1536w, https:\/\/www.bhd-mr-westfalen.de\/ennepe-ruhr-hagen-maerkischer-kreis\/wp-content\/uploads\/sites\/7\/2025\/06\/Bodenproben-2-2048x1536.jpg 2048w\" sizes=\"(max-width: 2560px) 100vw, 2560px\" \/>\t\t\t\t\t\t<\/div>\n\t\t\t\t\t\t\t\t\t\t\t\t\t<div class=\"premium-blog-thumbnail-overlay\">\n\t\t\t\t\t\t\t\t<a class=\"elementor-icon\" href=\"https:\/\/www.bhd-mr-westfalen.de\/ennepe-ruhr-hagen-maerkischer-kreis\/jetzt-nach-der-ernte-optimaler-zeitpunkt-fuer-bodenproben\/\" target=\"_self\"><\/a>\n\t\t\t\t\t\t\t<\/div>\n\n\t\t\t\t\t\t\t\t\t\t\t\t\t\t\t\t\t\t<\/div>\n\t\t\t\t\t\t\t\t\t\t\t\t<div class=\"premium-blog-content-wrapper \">\n\n\t\t\t\t\t<div class=\"premium-blog-inner-container\">\n\n\t\t\t\t\t\t\t\t\t\t\t\t\t\t<h2 class=\"premium-blog-entry-title\">\n\t\t\t<a href=\"https:\/\/www.bhd-mr-westfalen.de\/ennepe-ruhr-hagen-maerkischer-kreis\/jetzt-nach-der-ernte-optimaler-zeitpunkt-fuer-bodenproben\/\" target=\"_self\">\n\t\t\t\tJetzt nach der Ernte \u2013 optimaler Zeitpunkt f\u00fcr Bodenproben!\t\t\t<\/a>\n\t\t<\/h2>\n\t\t\t\t<div class=\"premium-blog-entry-meta\">\n\t\t\t\n\t\t\t\t\t\t\t<span class=\"premium-blog-meta-separator\">\u2022<\/span>\n\t\t\t\t<div class=\"premium-blog-post-time premium-blog-meta-data\">\n\t\t\t\t\t<i class=\"fa fa-calendar-alt\" aria-hidden=\"true\"><\/i>\n\t\t\t\t\t<span>20. Juni 2025<\/span>\n\t\t\t\t<\/div>\n\t\t\t\n\t\t\t\n\t\t\t\t\t<\/div>\n\t\t\n\t\t\t\t\t<\/div>\n\n\t\t\t\t\t\t\t<div class=\"premium-blog-content-inner-wrapper\">\n\t\t<p class=\"premium-blog-post-content\">Landwirte aufgepasst: Die Zeit direkt nach der Sommerernte ist perfekt, um repr\u00e4sentative Bodenproben zu entnehmen \u2013 so erhalten Sie verl\u00e4ssliche Daten zu<\/p><div class=\"premium-blog-excerpt-link-wrap\"><a href=\"https:\/\/www.bhd-mr-westfalen.de\/ennepe-ruhr-hagen-maerkischer-kreis\/jetzt-nach-der-ernte-optimaler-zeitpunkt-fuer-bodenproben\/\" target=\"_self\" class=\"premium-blog-excerpt-link elementor-button\">WEITERLESEN  \u2794<\/a><\/div>\t\t<\/div>\n\t\t\t\t\t\t\t\n\t\t\t\t<\/div>\n\t\t\t<\/div>\n\t\t<\/div>\n\n\t\t\t\t<div class=\"premium-blog-post-outer-container allgemein mr\" data-total=\"1\">\n\t\t\t<div class=\"premium-blog-post-container premium-blog-skin-classic\">\n\t\t\t\t\t\t\t\t\t<div class=\"premium-blog-thumb-effect-wrapper\">\n\t\t\t\t\t\t<div class=\"premium-blog-thumbnail-container premium-blog-zoomin-effect\">\n\t\t\t\t\t\t\t<img loading=\"lazy\" decoding=\"async\" width=\"2560\" height=\"1920\" src=\"https:\/\/www.bhd-mr-westfalen.de\/ennepe-ruhr-hagen-maerkischer-kreis\/wp-content\/uploads\/sites\/7\/2025\/08\/20250219_114151432_iOS-1-scaled.jpg\" class=\"attachment-full size-full wp-image-4023\" alt=\"\" srcset=\"https:\/\/www.bhd-mr-westfalen.de\/ennepe-ruhr-hagen-maerkischer-kreis\/wp-content\/uploads\/sites\/7\/2025\/08\/20250219_114151432_iOS-1-scaled.jpg 2560w, https:\/\/www.bhd-mr-westfalen.de\/ennepe-ruhr-hagen-maerkischer-kreis\/wp-content\/uploads\/sites\/7\/2025\/08\/20250219_114151432_iOS-1-scaled-300x225.jpg 300w, https:\/\/www.bhd-mr-westfalen.de\/ennepe-ruhr-hagen-maerkischer-kreis\/wp-content\/uploads\/sites\/7\/2025\/08\/20250219_114151432_iOS-1-scaled-1024x768.jpg 1024w, https:\/\/www.bhd-mr-westfalen.de\/ennepe-ruhr-hagen-maerkischer-kreis\/wp-content\/uploads\/sites\/7\/2025\/08\/20250219_114151432_iOS-1-scaled-768x576.jpg 768w, https:\/\/www.bhd-mr-westfalen.de\/ennepe-ruhr-hagen-maerkischer-kreis\/wp-content\/uploads\/sites\/7\/2025\/08\/20250219_114151432_iOS-1-scaled-1536x1152.jpg 1536w, https:\/\/www.bhd-mr-westfalen.de\/ennepe-ruhr-hagen-maerkischer-kreis\/wp-content\/uploads\/sites\/7\/2025\/08\/20250219_114151432_iOS-1-scaled-2048x1536.jpg 2048w\" sizes=\"(max-width: 2560px) 100vw, 2560px\" \/>\t\t\t\t\t\t<\/div>\n\t\t\t\t\t\t\t\t\t\t\t\t\t<div class=\"premium-blog-thumbnail-overlay\">\n\t\t\t\t\t\t\t\t<a class=\"elementor-icon\" href=\"https:\/\/www.bhd-mr-westfalen.de\/ennepe-ruhr-hagen-maerkischer-kreis\/fuehrungskraefteseminar-der-bhd-mr\/\" target=\"_self\"><\/a>\n\t\t\t\t\t\t\t<\/div>\n\n\t\t\t\t\t\t\t\t\t\t\t\t\t\t\t\t\t\t<\/div>\n\t\t\t\t\t\t\t\t\t\t\t\t<div class=\"premium-blog-content-wrapper \">\n\n\t\t\t\t\t<div class=\"premium-blog-inner-container\">\n\n\t\t\t\t\t\t\t\t\t\t\t\t\t\t<h2 class=\"premium-blog-entry-title\">\n\t\t\t<a href=\"https:\/\/www.bhd-mr-westfalen.de\/ennepe-ruhr-hagen-maerkischer-kreis\/fuehrungskraefteseminar-der-bhd-mr\/\" target=\"_self\">\n\t\t\t\tF\u00fchrungskr\u00e4fteseminar in Coesfeld\t\t\t<\/a>\n\t\t<\/h2>\n\t\t\t\t<div class=\"premium-blog-entry-meta\">\n\t\t\t\n\t\t\t\t\t\t\t<span class=\"premium-blog-meta-separator\">\u2022<\/span>\n\t\t\t\t<div class=\"premium-blog-post-time premium-blog-meta-data\">\n\t\t\t\t\t<i class=\"fa fa-calendar-alt\" aria-hidden=\"true\"><\/i>\n\t\t\t\t\t<span>6. M\u00e4rz 2025<\/span>\n\t\t\t\t<\/div>\n\t\t\t\n\t\t\t\n\t\t\t\t\t<\/div>\n\t\t\n\t\t\t\t\t<\/div>\n\n\t\t\t\t\t\t\t<div class=\"premium-blog-content-inner-wrapper\">\n\t\t<p class=\"premium-blog-post-content\">Mitarbeiter des Landesverbands, Gesch\u00e4ftsf\u00fchrer und Ehrenamtsvertreter der einzelnen Ringe aus Westfalen-Lippe hielten von 18. bis 19. Februar 2025 eine Klausurtagung in der<\/p><div class=\"premium-blog-excerpt-link-wrap\"><a href=\"https:\/\/www.bhd-mr-westfalen.de\/ennepe-ruhr-hagen-maerkischer-kreis\/fuehrungskraefteseminar-der-bhd-mr\/\" target=\"_self\" class=\"premium-blog-excerpt-link elementor-button\">WEITERLESEN  \u2794<\/a><\/div>\t\t<\/div>\n\t\t\t\t\t\t\t\n\t\t\t\t<\/div>\n\t\t\t<\/div>\n\t\t<\/div>\n\n\t\t\t\t<div class=\"premium-blog-post-outer-container allgemein mr\" data-total=\"1\">\n\t\t\t<div class=\"premium-blog-post-container premium-blog-skin-classic\">\n\t\t\t\t\t\t\t\t\t<div class=\"premium-blog-thumb-effect-wrapper\">\n\t\t\t\t\t\t<div class=\"premium-blog-thumbnail-container premium-blog-zoomin-effect\">\n\t\t\t\t\t\t\t<img loading=\"lazy\" decoding=\"async\" width=\"1350\" height=\"1000\" src=\"https:\/\/www.bhd-mr-westfalen.de\/ennepe-ruhr-hagen-maerkischer-kreis\/wp-content\/uploads\/sites\/7\/2024\/01\/landwirte-sind-immer-mehr-die-energiewender.jpg\" class=\"attachment-full size-full wp-image-3663\" alt=\"Der Landwirt wird immer mehr Energiewender\" srcset=\"https:\/\/www.bhd-mr-westfalen.de\/ennepe-ruhr-hagen-maerkischer-kreis\/wp-content\/uploads\/sites\/7\/2024\/01\/landwirte-sind-immer-mehr-die-energiewender.jpg 1350w, https:\/\/www.bhd-mr-westfalen.de\/ennepe-ruhr-hagen-maerkischer-kreis\/wp-content\/uploads\/sites\/7\/2024\/01\/landwirte-sind-immer-mehr-die-energiewender-300x222.jpg 300w, https:\/\/www.bhd-mr-westfalen.de\/ennepe-ruhr-hagen-maerkischer-kreis\/wp-content\/uploads\/sites\/7\/2024\/01\/landwirte-sind-immer-mehr-die-energiewender-1024x759.jpg 1024w, https:\/\/www.bhd-mr-westfalen.de\/ennepe-ruhr-hagen-maerkischer-kreis\/wp-content\/uploads\/sites\/7\/2024\/01\/landwirte-sind-immer-mehr-die-energiewender-768x569.jpg 768w\" sizes=\"(max-width: 1350px) 100vw, 1350px\" \/>\t\t\t\t\t\t<\/div>\n\t\t\t\t\t\t\t\t\t\t\t\t\t<div class=\"premium-blog-thumbnail-overlay\">\n\t\t\t\t\t\t\t\t<a class=\"elementor-icon\" href=\"https:\/\/www.bhd-mr-westfalen.de\/ennepe-ruhr-hagen-maerkischer-kreis\/erneuerbare-energie-hoch-im-kurs\/\" target=\"_self\"><\/a>\n\t\t\t\t\t\t\t<\/div>\n\n\t\t\t\t\t\t\t\t\t\t\t\t\t\t\t\t\t\t<\/div>\n\t\t\t\t\t\t\t\t\t\t\t\t<div class=\"premium-blog-content-wrapper \">\n\n\t\t\t\t\t<div class=\"premium-blog-inner-container\">\n\n\t\t\t\t\t\t\t\t\t\t\t\t\t\t<h2 class=\"premium-blog-entry-title\">\n\t\t\t<a href=\"https:\/\/www.bhd-mr-westfalen.de\/ennepe-ruhr-hagen-maerkischer-kreis\/erneuerbare-energie-hoch-im-kurs\/\" target=\"_self\">\n\t\t\t\tErneuerbare Energie hoch im Kurs\t\t\t<\/a>\n\t\t<\/h2>\n\t\t\t\t<div class=\"premium-blog-entry-meta\">\n\t\t\t\n\t\t\t\t\t\t\t<span class=\"premium-blog-meta-separator\">\u2022<\/span>\n\t\t\t\t<div class=\"premium-blog-post-time premium-blog-meta-data\">\n\t\t\t\t\t<i class=\"fa fa-calendar-alt\" aria-hidden=\"true\"><\/i>\n\t\t\t\t\t<span>29. Januar 2024<\/span>\n\t\t\t\t<\/div>\n\t\t\t\n\t\t\t\n\t\t\t\t\t<\/div>\n\t\t\n\t\t\t\t\t<\/div>\n\n\t\t\t\t\t\t\t<div class=\"premium-blog-content-inner-wrapper\">\n\t\t<p class=\"premium-blog-post-content\">Neues Jahr, neue Chancen, neue Gesch\u00e4ftsfelder. Viele Landwirte nutzen den Jahreswechsel zum Nachdenken: Ist mein Betrieb f\u00fcr die Zukunft gut ger\u00fcstet? Wie kann ich k\u00fcnftig die Wertsch\u00f6pfung meines Hofs steigern? Auf diese Fragen gibt es nicht nur eine Antwort \u2013 denn der Strukturwandel und die Diversifizierung der landwirtschaftlichen Betriebe werden nach Expertenmeinung weiter voranschreiten.<\/p><div class=\"premium-blog-excerpt-link-wrap\"><a href=\"https:\/\/www.bhd-mr-westfalen.de\/ennepe-ruhr-hagen-maerkischer-kreis\/erneuerbare-energie-hoch-im-kurs\/\" target=\"_self\" class=\"premium-blog-excerpt-link elementor-button\">WEITERLESEN  \u2794<\/a><\/div>\t\t<\/div>\n\t\t\t\t\t\t\t\n\t\t\t\t<\/div>\n\t\t\t<\/div>\n\t\t<\/div>\n\n\t\t\t\t\t\t\t<\/div>\n\n\t\t\n\t\t\n\t\t\t\t\t\t<\/div>\n\t\t\t\t<\/div>\n\t\t\t\t\t<\/div>\n\t\t\t\t<\/div>\n\t\t\t\t<\/div>\n\t\t","protected":false},"excerpt":{"rendered":"<p>News und Termine Alle Allgemein BHD MR EuroTier 2024 EuroTier 2024 \u2022 30. September 2024 Die EuroTier ist die weltweit f\u00fchrende Fachmesse f\u00fcr Tierhaltung und findet dieses Jahr vom 12. Bis 15. November 2024 wie in den WEITERLESEN \u2794 Erneuerbare Energie hoch im Kurs Erneuerbare Energie hoch im Kurs \u2022 29. Januar 2024 Neues Jahr, [&hellip;]<\/p>\n","protected":false},"author":2,"featured_media":0,"parent":0,"menu_order":0,"comment_status":"closed","ping_status":"closed","template":"","meta":{"footnotes":""},"class_list":["post-1803","page","type-page","status-publish","hentry"],"_links":{"self":[{"href":"https:\/\/www.bhd-mr-westfalen.de\/ennepe-ruhr-hagen-maerkischer-kreis\/wp-json\/wp\/v2\/pages\/1803","targetHints":{"allow":["GET"]}}],"collection":[{"href":"https:\/\/www.bhd-mr-westfalen.de\/ennepe-ruhr-hagen-maerkischer-kreis\/wp-json\/wp\/v2\/pages"}],"about":[{"href":"https:\/\/www.bhd-mr-westfalen.de\/ennepe-ruhr-hagen-maerkischer-kreis\/wp-json\/wp\/v2\/types\/page"}],"author":[{"embeddable":true,"href":"https:\/\/www.bhd-mr-westfalen.de\/ennepe-ruhr-hagen-maerkischer-kreis\/wp-json\/wp\/v2\/users\/2"}],"replies":[{"embeddable":true,"href":"https:\/\/www.bhd-mr-westfalen.de\/ennepe-ruhr-hagen-maerkischer-kreis\/wp-json\/wp\/v2\/comments?post=1803"}],"version-history":[{"count":7,"href":"https:\/\/www.bhd-mr-westfalen.de\/ennepe-ruhr-hagen-maerkischer-kreis\/wp-json\/wp\/v2\/pages\/1803\/revisions"}],"predecessor-version":[{"id":3985,"href":"https:\/\/www.bhd-mr-westfalen.de\/ennepe-ruhr-hagen-maerkischer-kreis\/wp-json\/wp\/v2\/pages\/1803\/revisions\/3985"}],"wp:attachment":[{"href":"https:\/\/www.bhd-mr-westfalen.de\/ennepe-ruhr-hagen-maerkischer-kreis\/wp-json\/wp\/v2\/media?parent=1803"}],"curies":[{"name":"wp","href":"https:\/\/api.w.org\/{rel}","templated":true}]}}