{"id":3422,"date":"2023-11-27T11:32:48","date_gmt":"2023-11-27T10:32:48","guid":{"rendered":"https:\/\/www.bhd-mr-westfalen.de\/hochsauerland\/?page_id=3422"},"modified":"2026-03-09T18:15:15","modified_gmt":"2026-03-09T17:15:15","slug":"kontakt","status":"publish","type":"page","link":"https:\/\/www.bhd-mr-westfalen.de\/hochsauerland\/kontakt\/","title":{"rendered":"Kontakt"},"content":{"rendered":"\t\t<div data-elementor-type=\"wp-page\" data-elementor-id=\"3422\" class=\"elementor elementor-3422\" data-elementor-post-type=\"page\">\n\t\t\t\t<div class=\"elementor-element elementor-element-7d96d00 e-con-full e-flex e-con e-parent\" data-id=\"7d96d00\" data-element_type=\"container\" data-e-type=\"container\" data-settings=\"{&quot;background_background&quot;:&quot;classic&quot;}\">\n\t\t\t\t<div class=\"elementor-element elementor-element-e762c89 elementor-widget elementor-widget-heading\" data-id=\"e762c89\" data-element_type=\"widget\" data-e-type=\"widget\" data-widget_type=\"heading.default\">\n\t\t\t\t<div class=\"elementor-widget-container\">\n\t\t\t\t\t<h1 class=\"elementor-heading-title elementor-size-default\">Kontakt<\/h1>\t\t\t\t<\/div>\n\t\t\t\t<\/div>\n\t\t\t\t<\/div>\n\t\t<div class=\"elementor-element elementor-element-1da2872 e-flex e-con-boxed e-con e-parent\" data-id=\"1da2872\" data-element_type=\"container\" data-e-type=\"container\">\n\t\t\t\t\t<div class=\"e-con-inner\">\n\t\t\t\t<div class=\"elementor-element elementor-element-50a4ee5 elementor-widget elementor-widget-heading\" data-id=\"50a4ee5\" data-element_type=\"widget\" data-e-type=\"widget\" data-widget_type=\"heading.default\">\n\t\t\t\t<div class=\"elementor-widget-container\">\n\t\t\t\t\t<h2 class=\"elementor-heading-title elementor-size-default\">Kontaktieren Sie uns<\/h2>\t\t\t\t<\/div>\n\t\t\t\t<\/div>\n\t\t\t\t<div class=\"elementor-element elementor-element-1046454 elementor-widget elementor-widget-heading\" data-id=\"1046454\" data-element_type=\"widget\" data-e-type=\"widget\" data-widget_type=\"heading.default\">\n\t\t\t\t<div class=\"elementor-widget-container\">\n\t\t\t\t\t<h3 class=\"elementor-heading-title elementor-size-default\">Betriebshilfsdienst und Maschinenring Hochsauerland e.V.<\/h3>\t\t\t\t<\/div>\n\t\t\t\t<\/div>\n\t\t\t\t\t<\/div>\n\t\t\t\t<\/div>\n\t\t<div class=\"elementor-element elementor-element-a2483d5 e-flex e-con-boxed e-con e-parent\" data-id=\"a2483d5\" data-element_type=\"container\" data-e-type=\"container\">\n\t\t\t\t\t<div class=\"e-con-inner\">\n\t\t<div class=\"elementor-element elementor-element-6e264d1 e-flex e-con-boxed e-con e-child\" data-id=\"6e264d1\" data-element_type=\"container\" data-e-type=\"container\">\n\t\t\t\t\t<div class=\"e-con-inner\">\n\t\t\t\t<div class=\"elementor-element elementor-element-49b48af elementor-widget elementor-widget-image\" data-id=\"49b48af\" data-element_type=\"widget\" data-e-type=\"widget\" data-widget_type=\"image.default\">\n\t\t\t\t<div class=\"elementor-widget-container\">\n\t\t\t\t\t\t\t\t\t\t\t\t\t\t\t<img fetchpriority=\"high\" decoding=\"async\" width=\"800\" height=\"600\" src=\"https:\/\/www.bhd-mr-westfalen.de\/hochsauerland\/wp-content\/uploads\/sites\/22\/2023\/11\/BHDMR_Geschaeftstelle-1024x768.jpg\" class=\"attachment-large size-large wp-image-3217\" alt=\"Die Gesch\u00e4ftsstelle des Betriebshilfsdienstes und Maschinenrings Hochsauerland e.V.\" srcset=\"https:\/\/www.bhd-mr-westfalen.de\/hochsauerland\/wp-content\/uploads\/sites\/22\/2023\/11\/BHDMR_Geschaeftstelle-1024x768.jpg 1024w, https:\/\/www.bhd-mr-westfalen.de\/hochsauerland\/wp-content\/uploads\/sites\/22\/2023\/11\/BHDMR_Geschaeftstelle-300x225.jpg 300w, https:\/\/www.bhd-mr-westfalen.de\/hochsauerland\/wp-content\/uploads\/sites\/22\/2023\/11\/BHDMR_Geschaeftstelle-768x576.jpg 768w, https:\/\/www.bhd-mr-westfalen.de\/hochsauerland\/wp-content\/uploads\/sites\/22\/2023\/11\/BHDMR_Geschaeftstelle.jpg 1067w\" sizes=\"(max-width: 800px) 100vw, 800px\" \/>\t\t\t\t\t\t\t\t\t\t\t\t\t\t\t<\/div>\n\t\t\t\t<\/div>\n\t\t\t\t\t<\/div>\n\t\t\t\t<\/div>\n\t\t<div class=\"elementor-element elementor-element-40ac7ce e-flex e-con-boxed e-con e-child\" data-id=\"40ac7ce\" data-element_type=\"container\" data-e-type=\"container\">\n\t\t\t\t\t<div class=\"e-con-inner\">\n\t\t\t\t<div class=\"elementor-element elementor-element-7ba5feb elementor-widget elementor-widget-text-editor\" data-id=\"7ba5feb\" data-element_type=\"widget\" data-e-type=\"widget\" data-widget_type=\"text-editor.default\">\n\t\t\t\t<div class=\"elementor-widget-container\">\n\t\t\t\t\t\t\t\t\t<p><strong>Anschrift:<\/strong><\/p><p>Karsten Drews-Kreilman (Gesch\u00e4ftsf\u00fchrer)<br \/><span class=\"elementor-icon-list-text\">D\u00fcnnefeldweg 13<br \/>59872 Meschede<\/span><\/p><p><strong>Kontakt:<\/strong><\/p><p>Tel.: 0291 9993 24<br \/>E-Mail: <span class=\"elementor-icon-list-text\">bhd-hsk@t-online.de<\/span><\/p><p><strong>Sprechzeiten:<\/strong><\/p><p><span data-contrast=\"auto\">Mo. \u2013 Fr. von 08.00 bis 16:30 Uhr<\/span><\/p>\t\t\t\t\t\t\t\t<\/div>\n\t\t\t\t<\/div>\n\t\t\t\t\t<\/div>\n\t\t\t\t<\/div>\n\t\t\t\t\t<\/div>\n\t\t\t\t<\/div>\n\t\t<div class=\"elementor-element elementor-element-629df55 e-flex e-con-boxed e-con e-parent\" data-id=\"629df55\" data-element_type=\"container\" data-e-type=\"container\">\n\t\t\t\t\t<div class=\"e-con-inner\">\n\t\t\t\t<div class=\"elementor-element elementor-element-fb7c45d elementor-widget elementor-widget-heading\" data-id=\"fb7c45d\" data-element_type=\"widget\" data-e-type=\"widget\" data-widget_type=\"heading.default\">\n\t\t\t\t<div class=\"elementor-widget-container\">\n\t\t\t\t\t<h2 class=\"elementor-heading-title elementor-size-default\">Ihr Ansprechpartner<\/h2>\t\t\t\t<\/div>\n\t\t\t\t<\/div>\n\t\t\t\t\t<\/div>\n\t\t\t\t<\/div>\n\t\t<div class=\"elementor-element elementor-element-0eeeaaf e-grid e-con-boxed e-con e-parent\" data-id=\"0eeeaaf\" data-element_type=\"container\" data-e-type=\"container\">\n\t\t\t\t\t<div class=\"e-con-inner\">\n\t\t<div class=\"elementor-element elementor-element-72cb18ec e-con-full e-flex e-con e-child\" data-id=\"72cb18ec\" data-element_type=\"container\" data-e-type=\"container\">\n\t\t<div class=\"elementor-element elementor-element-2d60c194 e-con-full e-flex e-con e-child\" data-id=\"2d60c194\" data-element_type=\"container\" data-e-type=\"container\">\n\t\t\t\t<div class=\"elementor-element elementor-element-26326302 elementor-widget elementor-widget-image\" data-id=\"26326302\" data-element_type=\"widget\" data-e-type=\"widget\" data-widget_type=\"image.default\">\n\t\t\t\t<div class=\"elementor-widget-container\">\n\t\t\t\t\t\t\t\t\t\t\t\t\t\t\t<img decoding=\"async\" width=\"800\" height=\"600\" src=\"https:\/\/www.bhd-mr-westfalen.de\/hochsauerland\/wp-content\/uploads\/sites\/22\/2023\/12\/GF-karsten-drews-kreilman-1024x768.jpg\" class=\"attachment-large size-large wp-image-3570\" alt=\"\" srcset=\"https:\/\/www.bhd-mr-westfalen.de\/hochsauerland\/wp-content\/uploads\/sites\/22\/2023\/12\/GF-karsten-drews-kreilman-1024x768.jpg 1024w, https:\/\/www.bhd-mr-westfalen.de\/hochsauerland\/wp-content\/uploads\/sites\/22\/2023\/12\/GF-karsten-drews-kreilman-300x225.jpg 300w, https:\/\/www.bhd-mr-westfalen.de\/hochsauerland\/wp-content\/uploads\/sites\/22\/2023\/12\/GF-karsten-drews-kreilman-768x576.jpg 768w, https:\/\/www.bhd-mr-westfalen.de\/hochsauerland\/wp-content\/uploads\/sites\/22\/2023\/12\/GF-karsten-drews-kreilman.jpg 1066w\" sizes=\"(max-width: 800px) 100vw, 800px\">\t\t\t\t\t\t\t\t\t\t\t\t\t\t\t<\/div>\n\t\t\t\t<\/div>\n\t\t\t\t<\/div>\n\t\t<div class=\"elementor-element elementor-element-a1f5deb e-flex e-con-boxed e-con e-child\" data-id=\"a1f5deb\" data-element_type=\"container\" data-e-type=\"container\">\n\t\t\t\t\t<div class=\"e-con-inner\">\n\t\t\t\t<div class=\"elementor-element elementor-element-70a7aaca elementor-widget elementor-widget-heading\" data-id=\"70a7aaca\" data-element_type=\"widget\" data-e-type=\"widget\" data-widget_type=\"heading.default\">\n\t\t\t\t<div class=\"elementor-widget-container\">\n\t\t\t\t\t<h2 class=\"elementor-heading-title elementor-size-default\">Karsten Drews-Kreilman<\/h2>\t\t\t\t<\/div>\n\t\t\t\t<\/div>\n\t\t\t\t<div class=\"elementor-element elementor-element-700c310 elementor-widget elementor-widget-text-editor\" data-id=\"700c310\" data-element_type=\"widget\" data-e-type=\"widget\" data-widget_type=\"text-editor.default\">\n\t\t\t\t<div class=\"elementor-widget-container\">\n\t\t\t\t\t\t\t\t\t<p><span class=\"TextRun SCXW248795098 BCX2\" lang=\"DE-DE\" xml:lang=\"DE-DE\" data-contrast=\"auto\"><span class=\"NormalTextRun SCXW248795098 BCX2\">Gesch\u00e4ftsf\u00fchrer<\/span><\/span><\/p><p><span data-contrast=\"auto\">Telefon:\u00a0<\/span>0291 9993 03<\/p><p><span data-contrast=\"auto\">E-Mail: <\/span>info-mes@wlv.de<\/p>\t\t\t\t\t\t\t\t<\/div>\n\t\t\t\t<\/div>\n\t\t\t\t\t<\/div>\n\t\t\t\t<\/div>\n\t\t\t\t<\/div>\n\t\t\t\t\t<\/div>\n\t\t\t\t<\/div>\n\t\t<div class=\"elementor-element elementor-element-0fd3be2 e-con-full e-flex e-con e-parent\" data-id=\"0fd3be2\" data-element_type=\"container\" data-e-type=\"container\">\n\t\t\t\t<div class=\"elementor-element elementor-element-55ba93e elementor-widget elementor-widget-global elementor-global-3871 elementor-widget-premium-addon-maps\" data-id=\"55ba93e\" data-element_type=\"widget\" data-e-type=\"widget\" data-widget_type=\"premium-addon-maps.default\">\n\t\t\t\t<div class=\"elementor-widget-container\">\n\t\t\t\t\t\n\t<div class=\"premium-maps-container\" id=\"premium-maps-container\">\n\n\t\t\n\t\t\t<div class=\"premium_maps_map_height premium-addons__v-hidden\" data-settings=\"{&quot;mapId&quot;:&quot;&quot;,&quot;maptype&quot;:&quot;roadmap&quot;,&quot;streetViewControl&quot;:false,&quot;centerlat&quot;:&quot;51.9563994&quot;,&quot;centerlong&quot;:&quot;7.6292887&quot;,&quot;scrollwheel&quot;:false,&quot;fullScreen&quot;:false,&quot;zoomControl&quot;:true,&quot;typeControl&quot;:false,&quot;automaticOpen&quot;:false,&quot;hoverOpen&quot;:false,&quot;hoverClose&quot;:false,&quot;cluster&quot;:false,&quot;cluster_icon&quot;:&quot;&quot;,&quot;cluster_icon_size&quot;:&quot;&quot;,&quot;drag&quot;:&quot;&quot;,&quot;loadScroll&quot;:&quot;&quot;,&quot;linkedCarouselId&quot;:&quot;&quot;}\" data-style=\"\">\n\t\t\t\t\n\t\t\t<div class=\"premium-pin elementor-invisible\" data-lng=\"6.865192899999999\" data-lat=\"51.8580796\" data-icon=\"https:\/\/www.bhd-mr-westfalen.de\/wp-content\/uploads\/2023\/10\/mr-logo-negativ-locator.svg\" data-icon-size=\"59\" data-max-width=\"1000\" data-activated=\"\">\n\t\t\t\t\t\t\t\t\t<div class='premium-maps-info-container'>\n\n\t\t\t\t\t\t<div class='premium-maps-title-wrap'>\n\t\t\t\t\t\t\t<p class='premium-maps-info-title'>BHD\/MR Westm\u00fcnsterland e.V.<\/p>\n\t\t\t\t\t\t<\/div>\n\n\t\t\t\t\t\t<div class='premium-maps-info-desc'>\n\t\t\t\t\t\t\t<p>Ahauser Str. 73<br \/>46325 Borken<\/p><p>Standort Borken<br \/>Tel.: 02861 \/ 892-00<\/p><p>Standort Ahaus<br \/>Tel.: 02561 \/ 9394-0<\/p><p>info@bhd-westmuensterland.de<\/p>\t\t\t\t\t\t<\/div>\n\n\t\t\t\t\t<\/div>\n\t\t\t\t\t\t\t<\/div>\n\n\t\t\n\t\t\t\t\t\n\t\t\t<div class=\"premium-pin elementor-invisible\" data-lng=\"7.1585211\" data-lat=\"51.9429738\" data-icon=\"https:\/\/www.bhd-mr-westfalen.de\/wp-content\/uploads\/2023\/10\/mr-logo-negativ-locator.svg\" data-icon-size=\"59\" data-max-width=\"1000\" data-activated=\"\">\n\t\t\t\t\t\t\t\t\t<div class='premium-maps-info-container'>\n\n\t\t\t\t\t\t<div class='premium-maps-title-wrap'>\n\t\t\t\t\t\t\t<p class='premium-maps-info-title'>Betriebs-, Familienhilfsdienst und<br \/>Maschinenring Coesfeld e.V.<\/p>\n\t\t\t\t\t\t<\/div>\n\n\t\t\t\t\t\t<div class='premium-maps-info-desc'>\n\t\t\t\t\t\t\t<p>Borkener Stra\u00dfe 27b<br \/>48653 Coesfeld<\/p><p>Tel.: 02541\/84461-0<br \/>E-Mail: info@bhd-coesfeld.de<\/p>\t\t\t\t\t\t<\/div>\n\n\t\t\t\t\t<\/div>\n\t\t\t\t\t\t\t<\/div>\n\n\t\t\n\t\t\t\t\t\n\t\t\t<div class=\"premium-pin elementor-invisible\" data-lng=\"7.4657488\" data-lat=\"51.2616984\" data-icon=\"https:\/\/www.bhd-mr-westfalen.de\/wp-content\/uploads\/2023\/10\/mr-logo-negativ-locator.svg\" data-icon-size=\"59\" data-max-width=\"1000\" data-activated=\"\">\n\t\t\t\t\t\t\t\t\t<div class='premium-maps-info-container'>\n\n\t\t\t\t\t\t<div class='premium-maps-title-wrap'>\n\t\t\t\t\t\t\t<p class='premium-maps-info-title'>Betriebshilfsdienst und Maschinenring<br \/>Ennepe Ruhr-Hagen-M\u00e4rkischer Kreis e.V.<\/p>\n\t\t\t\t\t\t<\/div>\n\n\t\t\t\t\t\t<div class='premium-maps-info-desc'>\n\t\t\t\t\t\t\t<p>Alter Ostring<br \/>58339 Breckerfeld<\/p><p>Tel.: 02338 617179-1<br \/>E-Mail: urspruch@bhd-breckerfeld.de<\/p>\t\t\t\t\t\t<\/div>\n\n\t\t\t\t\t<\/div>\n\t\t\t\t\t\t\t<\/div>\n\n\t\t\n\t\t\t\t\t\n\t\t\t<div class=\"premium-pin elementor-invisible\" data-lng=\"8.365715980529785\" data-lat=\"51.90452575683594\" data-icon=\"https:\/\/www.bhd-mr-westfalen.de\/wp-content\/uploads\/2023\/10\/mr-logo-negativ-locator.svg\" data-icon-size=\"59\" data-max-width=\"1000\" data-activated=\"\">\n\t\t\t\t\t\t\t\t\t<div class='premium-maps-info-container'>\n\n\t\t\t\t\t\t<div class='premium-maps-title-wrap'>\n\t\t\t\t\t\t\t<p class='premium-maps-info-title'>Betriebshilfsdienst G\u00fctersloh e.V.<\/p>\n\t\t\t\t\t\t<\/div>\n\n\t\t\t\t\t\t<div class='premium-maps-info-desc'>\n\t\t\t\t\t\t\t<p>Herzebrocker Stra\u00dfe 17<br \/>33330 G\u00fctersloh<\/p><p>Telefon: 05241 \u2013 998071-6<br \/>E-Mail: info@bhd-mr-owl.de<\/p>\t\t\t\t\t\t<\/div>\n\n\t\t\t\t\t<\/div>\n\t\t\t\t\t\t\t<\/div>\n\n\t\t\n\t\t\t\t\t\n\t\t\t<div class=\"premium-pin elementor-invisible\" data-lng=\"8.2813577\" data-lat=\"51.3590779\" data-icon=\"https:\/\/www.bhd-mr-westfalen.de\/wp-content\/uploads\/2023\/10\/mr-logo-negativ-locator.svg\" data-icon-size=\"59\" data-max-width=\"1000\" data-activated=\"1\">\n\t\t\t\t\t\t\t\t\t<div class='premium-maps-info-container'>\n\n\t\t\t\t\t\t<div class='premium-maps-title-wrap'>\n\t\t\t\t\t\t\t<p class='premium-maps-info-title'>Betriebshilfsdienst und Maschinenring<br \/>Hochsauerland e.V.<\/p>\n\t\t\t\t\t\t<\/div>\n\n\t\t\t\t\t\t<div class='premium-maps-info-desc'>\n\t\t\t\t\t\t\t<p>D\u00fcnnefeldweg 13<br \/>59872 Meschede<\/p><p>Tel.: 0291\/9993-24<br \/>E-Mail: bhd-hsk@t-online.de<\/p>\t\t\t\t\t\t<\/div>\n\n\t\t\t\t\t<\/div>\n\t\t\t\t\t\t\t<\/div>\n\n\t\t\n\t\t\t\t\t\n\t\t\t<div class=\"premium-pin elementor-invisible\" data-lng=\"9.1781792\" data-lat=\"51.7159107\" data-icon=\"https:\/\/www.bhd-mr-westfalen.de\/wp-content\/uploads\/2023\/10\/mr-logo-negativ-locator.svg\" data-icon-size=\"59\" data-max-width=\"1000\" data-activated=\"\">\n\t\t\t\t\t\t\t\t\t<div class='premium-maps-info-container'>\n\n\t\t\t\t\t\t<div class='premium-maps-title-wrap'>\n\t\t\t\t\t\t\t<p class='premium-maps-info-title'>Betriebshilfsdienst und Maschinenring<br \/>H\u00f6xter und Warburg e.V.<\/p>\n\t\t\t\t\t\t<\/div>\n\n\t\t\t\t\t\t<div class='premium-maps-info-desc'>\n\t\t\t\t\t\t\t<p>Bohlenweg 3<br \/>33034 Brakel<\/p><p>Tel.: 05272\/54 02<br \/>E-Mail: Betriebshilfsdienst@mr-hoexter-warburg.com<\/p>\t\t\t\t\t\t<\/div>\n\n\t\t\t\t\t<\/div>\n\t\t\t\t\t\t\t<\/div>\n\n\t\t\n\t\t\t\t\t\n\t\t\t<div class=\"premium-pin elementor-invisible\" data-lng=\"8.1180747\" data-lat=\"51.5742404\" data-icon=\"https:\/\/www.bhd-mr-westfalen.de\/wp-content\/uploads\/2023\/10\/mr-logo-negativ-locator.svg\" data-icon-size=\"59\" data-max-width=\"1000\" data-activated=\"\">\n\t\t\t\t\t\t\t\t\t<div class='premium-maps-info-container'>\n\n\t\t\t\t\t\t<div class='premium-maps-title-wrap'>\n\t\t\t\t\t\t\t<p class='premium-maps-info-title'>Landw. Betriebshilfsdienst und <br \/>Maschinenring Lippstadt-Soest e.V.<\/p>\n\t\t\t\t\t\t<\/div>\n\n\t\t\t\t\t\t<div class='premium-maps-info-desc'>\n\t\t\t\t\t\t\t<p>Nottebohmweg 13<br \/>59494 Soest<\/p><p>Tel.: 02921\/36 76 15<br \/>E-Mail: mr-lippstadt-soest@web.de<\/p>\t\t\t\t\t\t<\/div>\n\n\t\t\t\t\t<\/div>\n\t\t\t\t\t\t\t<\/div>\n\n\t\t\n\t\t\t\t\t\n\t\t\t<div class=\"premium-pin elementor-invisible\" data-lng=\"7.433132\" data-lat=\"51.7692876\" data-icon=\"https:\/\/www.bhd-mr-westfalen.de\/wp-content\/uploads\/2023\/10\/mr-logo-negativ-locator.svg\" data-icon-size=\"59\" data-max-width=\"1000\" data-activated=\"\">\n\t\t\t\t\t\t\t\t\t<div class='premium-maps-info-container'>\n\n\t\t\t\t\t\t<div class='premium-maps-title-wrap'>\n\t\t\t\t\t\t\t<p class='premium-maps-info-title'>Landw. Betriebs-, Familienhilfsdienst und<br \/> Maschinenring L\u00fcdinghausen e.V.<\/p>\n\t\t\t\t\t\t<\/div>\n\n\t\t\t\t\t\t<div class='premium-maps-info-desc'>\n\t\t\t\t\t\t\t<p>Nottengartenweg 6<br \/>59348 L\u00fcdinghausen<\/p><p>Tel.: 02591\/91 55 50<br \/>E-Mail: karl-heinz.ermann@wlv.de<\/p>\t\t\t\t\t\t<\/div>\n\n\t\t\t\t\t<\/div>\n\t\t\t\t\t\t\t<\/div>\n\n\t\t\n\t\t\t\t\t\n\t\t\t<div class=\"premium-pin elementor-invisible\" data-lng=\"8.8725298\" data-lat=\"52.33744\" data-icon=\"https:\/\/www.bhd-mr-westfalen.de\/wp-content\/uploads\/2023\/10\/mr-logo-negativ-locator.svg\" data-icon-size=\"59\" data-max-width=\"1000\" data-activated=\"\">\n\t\t\t\t\t\t\t\t\t<div class='premium-maps-info-container'>\n\n\t\t\t\t\t\t<div class='premium-maps-title-wrap'>\n\t\t\t\t\t\t\t<p class='premium-maps-info-title'>Landw. Betriebshilfsdienst und <br \/>Maschinenring Minden e.V.<\/p>\n\t\t\t\t\t\t<\/div>\n\n\t\t\t\t\t\t<div class='premium-maps-info-desc'>\n\t\t\t\t\t\t\t<p>Stemmer Landstra\u00dfe 151<br \/>32425 Minden<\/p><p>Tel.: 05221\/17 81 14 <br \/>E-Mail: bhd-minden@web.de<\/p>\t\t\t\t\t\t<\/div>\n\n\t\t\t\t\t<\/div>\n\t\t\t\t\t\t\t<\/div>\n\n\t\t\n\t\t\t\t\t\n\t\t\t<div class=\"premium-pin elementor-invisible\" data-lng=\"8.5905886\" data-lat=\"51.6767502\" data-icon=\"https:\/\/www.bhd-mr-westfalen.de\/wp-content\/uploads\/2023\/10\/mr-logo-negativ-locator.svg\" data-icon-size=\"59\" data-max-width=\"1000\" data-activated=\"\">\n\t\t\t\t\t\t\t\t\t<div class='premium-maps-info-container'>\n\n\t\t\t\t\t\t<div class='premium-maps-title-wrap'>\n\t\t\t\t\t\t\t<p class='premium-maps-info-title'>Betriebshilfsdienst und Maschinenring<br \/>Paderborn-B\u00fcren e.V.<\/p>\n\t\t\t\t\t\t<\/div>\n\n\t\t\t\t\t\t<div class='premium-maps-info-desc'>\n\t\t\t\t\t\t\t<p>Am Grarock 21<br \/>33154 Salzkotten<\/p><p>Tel.: 05258\/975741-0<br \/>E-Mail: info@bhd-mr-paderborn.de<\/p>\t\t\t\t\t\t<\/div>\n\n\t\t\t\t\t<\/div>\n\t\t\t\t\t\t\t<\/div>\n\n\t\t\n\t\t\t\t\t\n\t\t\t<div class=\"premium-pin elementor-invisible\" data-lng=\"8.6490163\" data-lat=\"52.0652483\" data-icon=\"https:\/\/www.bhd-mr-westfalen.de\/wp-content\/uploads\/2023\/10\/mr-logo-negativ-locator.svg\" data-icon-size=\"59\" data-max-width=\"1000\" data-activated=\"\">\n\t\t\t\t\t\t\t\t\t<div class='premium-maps-info-container'>\n\n\t\t\t\t\t\t<div class='premium-maps-title-wrap'>\n\t\t\t\t\t\t\t<p class='premium-maps-info-title'>Betriebshilfsdienst und Maschinenring<br \/>Ravensberg-Lippe e.V.<\/p>\n\t\t\t\t\t\t<\/div>\n\n\t\t\t\t\t\t<div class='premium-maps-info-desc'>\n\t\t\t\t\t\t\t<p>Auf der Helle 16<br \/>32052 Herford<\/p><p>Tel.: 05221\/17 81 14<br \/>E-Mail: bhd-herford@gmx.de<\/p>\t\t\t\t\t\t<\/div>\n\n\t\t\t\t\t<\/div>\n\t\t\t\t\t\t\t<\/div>\n\n\t\t\n\t\t\t\t\t\n\t\t\t<div class=\"premium-pin elementor-invisible\" data-lng=\"7.2007073\" data-lat=\"51.6199942\" data-icon=\"https:\/\/www.bhd-mr-westfalen.de\/wp-content\/uploads\/2023\/10\/mr-logo-negativ-locator.svg\" data-icon-size=\"59\" data-max-width=\"1000\" data-activated=\"\">\n\t\t\t\t\t\t\t\t\t<div class='premium-maps-info-container'>\n\n\t\t\t\t\t\t<div class='premium-maps-title-wrap'>\n\t\t\t\t\t\t\t<p class='premium-maps-info-title'>Landw. Betriebs- und Familienhilfsdienst<br \/>im Vest Recklinghausen e.V.<\/p>\n\t\t\t\t\t\t<\/div>\n\n\t\t\t\t\t\t<div class='premium-maps-info-desc'>\n\t\t\t\t\t\t\t<p>B\u00f6rster Weg 20<br \/>45657 Recklinghausen<\/p><p>Tel.: 02361\/10 35 13<br \/>E-Mail: info-re@wlv.de<\/p>\t\t\t\t\t\t<\/div>\n\n\t\t\t\t\t<\/div>\n\t\t\t\t\t\t\t<\/div>\n\n\t\t\n\t\t\t\t\t\n\t\t\t<div class=\"premium-pin elementor-invisible\" data-lng=\"7.7247119\" data-lat=\"51.5350914\" data-icon=\"https:\/\/www.bhd-mr-westfalen.de\/wp-content\/uploads\/2023\/10\/mr-logo-negativ-locator.svg\" data-icon-size=\"59\" data-max-width=\"1000\" data-activated=\"\">\n\t\t\t\t\t\t\t\t\t<div class='premium-maps-info-container'>\n\n\t\t\t\t\t\t<div class='premium-maps-title-wrap'>\n\t\t\t\t\t\t\t<p class='premium-maps-info-title'>Betriebshilfsdienst und Maschinenring<br \/>Ruhr-Lippe in Unna e.V.<\/p>\n\t\t\t\t\t\t<\/div>\n\n\t\t\t\t\t\t<div class='premium-maps-info-desc'>\n\t\t\t\t\t\t\t<p>Marie-Curie-Stra\u00dfe 6<br \/>59423 Unna<\/p><p>Tel.: 02303\/25310-50<br \/>E-Mail: info@agrarservice-suedwestfalen.de<\/p>\t\t\t\t\t\t<\/div>\n\n\t\t\t\t\t<\/div>\n\t\t\t\t\t\t\t<\/div>\n\n\t\t\n\t\t\t\t\t\n\t\t\t<div class=\"premium-pin elementor-invisible\" data-lng=\"8.0261369\" data-lat=\"50.9609229\" data-icon=\"https:\/\/www.bhd-mr-westfalen.de\/wp-content\/uploads\/2023\/10\/mr-logo-negativ-locator.svg\" data-icon-size=\"59\" data-max-width=\"1000\" data-activated=\"\">\n\t\t\t\t\t\t\t\t\t<div class='premium-maps-info-container'>\n\n\t\t\t\t\t\t<div class='premium-maps-title-wrap'>\n\t\t\t\t\t\t\t<p class='premium-maps-info-title'>Betriebshilfsdienst und Maschinenring<br \/>Siegen-Wittgenstein e.V.<\/p>\n\t\t\t\t\t\t<\/div>\n\n\t\t\t\t\t\t<div class='premium-maps-info-desc'>\n\t\t\t\t\t\t\t<p>In der Zitzenbach 2<br \/>57223 Kreuztal<\/p>\t\t\t\t\t\t<\/div>\n\n\t\t\t\t\t<\/div>\n\t\t\t\t\t\t\t<\/div>\n\n\t\t\n\t\t\t\t\t\n\t\t\t<div class=\"premium-pin elementor-invisible\" data-lng=\" 7.619022340246824\" data-lat=\"52.17483342333891\" data-icon=\"https:\/\/www.bhd-mr-westfalen.de\/wp-content\/uploads\/2023\/10\/mr-logo-negativ-locator.svg\" data-icon-size=\"59\" data-max-width=\"1000\" data-activated=\"\">\n\t\t\t\t\t\t\t\t\t<div class='premium-maps-info-container'>\n\n\t\t\t\t\t\t<div class='premium-maps-title-wrap'>\n\t\t\t\t\t\t\t<p class='premium-maps-info-title'>Betriebshilfsdienst und Maschinenring<br \/>Steinfurt-Bentheim e.V.<\/p>\n\t\t\t\t\t\t<\/div>\n\n\t\t\t\t\t\t<div class='premium-maps-info-desc'>\n\t\t\t\t\t\t\t<p>Hembergener Stra\u00dfe 10<br \/>48369 Saerbeck<\/p><p>Tel.: 02574\/93 910-0<br \/>E-Mail: info@betriebshilfe.de<\/p>\t\t\t\t\t\t<\/div>\n\n\t\t\t\t\t<\/div>\n\t\t\t\t\t\t\t<\/div>\n\n\t\t\n\t\t\t\t\t\n\t\t\t<div class=\"premium-pin elementor-invisible\" data-lng=\"7.985416889190674\" data-lat=\"51.939491271972656\" data-icon=\"https:\/\/www.bhd-mr-westfalen.de\/wp-content\/uploads\/2023\/10\/mr-logo-negativ-locator.svg\" data-icon-size=\"59\" data-max-width=\"1000\" data-activated=\"\">\n\t\t\t\t\t\t\t\t\t<div class='premium-maps-info-container'>\n\n\t\t\t\t\t\t<div class='premium-maps-title-wrap'>\n\t\t\t\t\t\t\t<p class='premium-maps-info-title'>Landw. Betriebshilfsdienst und Maschinenring<br \/>Warendorf-M\u00fcnster e.V.<\/p>\n\t\t\t\t\t\t<\/div>\n\n\t\t\t\t\t\t<div class='premium-maps-info-desc'>\n\t\t\t\t\t\t\t<p>Waldenburger Stra\u00dfe 8<br \/>48231 Warendorf<\/p><p>Tel.: 02581\/988 42-15-12<br \/>E-Mail: info@bhd-mr-waf.de<\/p>\t\t\t\t\t\t<\/div>\n\n\t\t\t\t\t<\/div>\n\t\t\t\t\t\t\t<\/div>\n\n\t\t\n\t\t\t\t\t\n\t\t\t<div class=\"premium-pin elementor-invisible\" data-lng=\"7.6292887\" data-lat=\"51.9563994\" data-icon=\"https:\/\/www.bhd-mr-westfalen.de\/wp-content\/uploads\/2023\/10\/mr-logo-negativ-locator.svg\" data-icon-size=\"59\" data-max-width=\"1000\" data-activated=\"\">\n\t\t\t\t\t\t\t\t\t<div class='premium-maps-info-container'>\n\n\t\t\t\t\t\t<div class='premium-maps-title-wrap'>\n\t\t\t\t\t\t\t<p class='premium-maps-info-title'>Landesverband der BHD\/MR<br \/>in Westfalen-Lippe e.V.<\/p>\n\t\t\t\t\t\t<\/div>\n\n\t\t\t\t\t\t<div class='premium-maps-info-desc'>\n\t\t\t\t\t\t\t<p>Schorlemerstra\u00dfe 15<br \/>48143 M\u00fcnster<\/p><p>Tel.: 0251 4175-122<br \/>E-Mail: info@www.bhd-mr-westfalen.de<\/p>\t\t\t\t\t\t<\/div>\n\n\t\t\t\t\t<\/div>\n\t\t\t\t\t\t\t<\/div>\n\n\t\t\n\t\t\t\t\t\n\t\t\t<\/div>\n\n\t\t\n\t<\/div>\n\n\t\t\t\t\t\t<\/div>\n\t\t\t\t<\/div>\n\t\t\t\t<\/div>\n\t\t\t\t<\/div>\n\t\t","protected":false},"excerpt":{"rendered":"<p>Kontakt Kontaktieren Sie uns Betriebshilfsdienst und Maschinenring Hochsauerland e.V. Anschrift: Karsten Drews-Kreilman (Gesch\u00e4ftsf\u00fchrer)D\u00fcnnefeldweg 1359872 Meschede Kontakt: Tel.: 0291 9993 24E-Mail: bhd-hsk@t-online.de Sprechzeiten: Mo. \u2013 Fr. von 08.00 bis 16:30 Uhr Ihr Ansprechpartner Karsten Drews-Kreilman Gesch\u00e4ftsf\u00fchrer Telefon:\u00a00291 9993 03 E-Mail: info-mes@wlv.de BHD\/MR Westm\u00fcnsterland e.V. Ahauser Str. 7346325 Borken Standort BorkenTel.: 02861 \/ 892-00 Standort AhausTel.: 02561 [&hellip;]<\/p>\n","protected":false},"author":2,"featured_media":0,"parent":0,"menu_order":0,"comment_status":"closed","ping_status":"closed","template":"","meta":{"footnotes":""},"class_list":["post-3422","page","type-page","status-publish","hentry"],"_links":{"self":[{"href":"https:\/\/www.bhd-mr-westfalen.de\/hochsauerland\/wp-json\/wp\/v2\/pages\/3422","targetHints":{"allow":["GET"]}}],"collection":[{"href":"https:\/\/www.bhd-mr-westfalen.de\/hochsauerland\/wp-json\/wp\/v2\/pages"}],"about":[{"href":"https:\/\/www.bhd-mr-westfalen.de\/hochsauerland\/wp-json\/wp\/v2\/types\/page"}],"author":[{"embeddable":true,"href":"https:\/\/www.bhd-mr-westfalen.de\/hochsauerland\/wp-json\/wp\/v2\/users\/2"}],"replies":[{"embeddable":true,"href":"https:\/\/www.bhd-mr-westfalen.de\/hochsauerland\/wp-json\/wp\/v2\/comments?post=3422"}],"version-history":[{"count":18,"href":"https:\/\/www.bhd-mr-westfalen.de\/hochsauerland\/wp-json\/wp\/v2\/pages\/3422\/revisions"}],"predecessor-version":[{"id":3928,"href":"https:\/\/www.bhd-mr-westfalen.de\/hochsauerland\/wp-json\/wp\/v2\/pages\/3422\/revisions\/3928"}],"wp:attachment":[{"href":"https:\/\/www.bhd-mr-westfalen.de\/hochsauerland\/wp-json\/wp\/v2\/media?parent=3422"}],"curies":[{"name":"wp","href":"https:\/\/api.w.org\/{rel}","templated":true}]}}