{"id":386,"date":"2021-08-10T11:23:30","date_gmt":"2021-08-10T09:23:30","guid":{"rendered":"https:\/\/www.bhd-mr-westfalen.de\/olpe\/?page_id=386"},"modified":"2024-06-13T11:13:30","modified_gmt":"2024-06-13T09:13:30","slug":"datenschutz","status":"publish","type":"page","link":"https:\/\/www.bhd-mr-westfalen.de\/olpe\/datenschutz\/","title":{"rendered":"Datenschutz"},"content":{"rendered":"\t\t<div data-elementor-type=\"wp-page\" data-elementor-id=\"386\" class=\"elementor elementor-386\" data-elementor-post-type=\"page\">\n\t\t\t\t\t\t<section class=\"elementor-section elementor-top-section elementor-element elementor-element-bf1d108 elementor-section-boxed elementor-section-height-default elementor-section-height-default\" data-id=\"bf1d108\" data-element_type=\"section\" data-e-type=\"section\">\n\t\t\t\t\t\t<div class=\"elementor-container elementor-column-gap-default\">\n\t\t\t\t\t<div class=\"elementor-column elementor-col-100 elementor-top-column elementor-element elementor-element-aa94ffd\" data-id=\"aa94ffd\" data-element_type=\"column\" data-e-type=\"column\">\n\t\t\t<div class=\"elementor-widget-wrap elementor-element-populated\">\n\t\t\t\t\t\t<div class=\"elementor-element elementor-element-b48c723 elementor-widget elementor-widget-heading\" data-id=\"b48c723\" data-element_type=\"widget\" data-e-type=\"widget\" data-widget_type=\"heading.default\">\n\t\t\t\t<div class=\"elementor-widget-container\">\n\t\t\t\t\t<h1 class=\"elementor-heading-title elementor-size-default\">Datenschutz<\/h1>\t\t\t\t<\/div>\n\t\t\t\t<\/div>\n\t\t\t\t<div class=\"elementor-element elementor-element-7b658ec elementor-widget elementor-widget-text-editor\" data-id=\"7b658ec\" data-element_type=\"widget\" data-e-type=\"widget\" data-widget_type=\"text-editor.default\">\n\t\t\t\t<div class=\"elementor-widget-container\">\n\t\t\t\t\t\t\t\t\t<p>Wir freuen uns \u00fcber Ihren Besuch auf unseren Webseiten. Nachfolgend m\u00f6chten wir Sie \u00fcber den Umgang mit Ihren Daten gem. Art. 13 Datenschutzgrundverordnung (DSGVO) informieren.<\/p><p><strong>Verantwortlicher\u00a0 \u00a0 \u00a0 <\/strong><br \/>Verantwortlich f\u00fcr die nachfolgend dargestellte Datenerhebung und -verarbeitung ist die im Impressum genannte Stelle.\u00a0<\/p><p><strong>Nutzungsdaten\u00a0 \u00a0 \u00a0<\/strong><br \/>Wenn Sie unsere Webseiten besuchen, werden auf unserem Webserver tempor\u00e4r sogenannte Nutzungsdaten zu statistischen Zwecken als Protokoll gespeichert, um die Qualit\u00e4t unserer Webseiten zu verbessern. Dieser Datensatz besteht aus<\/p><ul><li>der Seite, von der aus die Datei angefordert wurde,<\/li><li>dem Namen der Datei,<\/li><li>dem Datum und der Uhrzeit der Abfrage,<\/li><li>der \u00fcbertragenen Datenmenge,<\/li><li>dem Zugriffsstatus (Datei \u00fcbertragen, Datei nicht gefunden),<\/li><li>der Beschreibung des Typs des verwendeten Webbrowsers,<\/li><li>der IP-Adresse des anfragenden Rechners, die so verk\u00fcrzt wird, dass ein Personenbezug nicht mehr herstellbar ist.<\/li><\/ul><p>Die genannten Protokolldaten werden nur anonymisiert gespeichert.<\/p><p><strong>Daten\u00fcbermittlung an Dritte\u00a0 \u00a0 \u00a0<\/strong><br \/>Wir \u00fcbermitteln Ihre Daten im Rahmen einer Auftragsverarbeitung gem. Art. 28 DSGVO an Dienstleister, die uns beim Betrieb unserer Webseiten und der damit zusammenh\u00e4ngenden Prozesse unterst\u00fctzen. Unsere Dienstleister sind uns gegen\u00fcber streng weisungsgebunden und entsprechend vertraglich verpflichtet. Dies k\u00f6nnen z.B. Dienstleister zum Hosting oder zur Webanalyse sein.<\/p><p><strong>Daten\u00fcbermittlung in Drittl\u00e4nder<\/strong>\u00a0 \u00a0 \u00a0<br \/>Teilweise \u00fcbermitteln wir personenbezogene Daten an ein Drittland au\u00dferhalb der EU. Ein angemessenes Datenschutzniveau kann gem. Art. 46 Abs. 2 lit. c DSGVO durch die Verwendung von EU-Standardvertragsklauseln angenommen werden.<\/p><p><strong>Cookies<br \/><\/strong>Auf unseren Webseiten nutzen wir Cookies. Cookies sind kleine Textdateien, die auf Ihrem Endger\u00e4t gespeichert und ausgelesen werden k\u00f6nnen. Man unterscheidet zwischen Session-Cookies, die wieder gel\u00f6scht werden, sobald Sie ihren Browser schlie\u00dfen und permanenten Cookies, die \u00fcber die einzelne Sitzung hinaus gespeichert werden. Cookies k\u00f6nnen Daten enthalten, die eine Wiedererkennung des genutzten Ger\u00e4ts m\u00f6glich machen. Teilweise enthalten Cookies aber auch lediglich Informationen zu bestimmten Einstellungen, die nicht personenbeziehbar sind.<\/p><p>Wir nutzen auf unseren Webseiten Session-Cookies und permanente Cookies.<\/p><p>Sie k\u00f6nnen Ihren Browser so einstellen, dass er Sie \u00fcber die Platzierung von Cookies informiert. So wird der Gebrauch von Cookies f\u00fcr Sie transparent. Sie k\u00f6nnen Cookies zudem jederzeit \u00fcber die entsprechende Browsereinstellung l\u00f6schen und das Setzen neuer Cookies verhindern. Bitte beachten Sie, dass unsere Webseiten dann ggf. nicht optimal angezeigt werden und einige Funktionen technisch nicht mehr zur Verf\u00fcgung stehen.<\/p><p>\u00a0121553<\/p><p><strong>Google Analytics<\/strong><\/p><p>Zur bedarfsgerechten Gestaltung unserer Webseiten verwenden wir das Webanalysetool \u201eGoogle Analytics\u201c. Google Analytics erstellt Nutzungsprofile auf Grundlage von Pseudonymen. Hierzu werden permanente Cookies auf Ihrem Endger\u00e4t gespeichert und von uns ausgelesen. Auf diese Weise sind wir in der Lage, wiederkehrende Besucher zu erkennen und als solche zu z\u00e4hlen.<br \/>Dar\u00fcber hinaus nutzen wir im Rahmen der Besuchermessung folgende Funktionen:<\/p><ul><li>Wir reichern die pseudonymen Daten mit weiteren Daten an, die uns Drittanbieter zur Verf\u00fcgung stellen. Wir sind auf diese Weise in der Lage, demografische Merkmale unserer Besucher zu erfassen, z. B. Aussagen zu Alter, Geschlecht und Wohnort.<\/li><\/ul><p>Die Datenverarbeitung erfolgt auf Grundlage Ihrer Einwilligung gem. Art. 6 Abs. 1 S. 1 lit. a DSGVO, sofern Sie Ihre Einwilligung \u00fcber unser Banner abgegeben haben. Sie k\u00f6nnen Ihre Einwilligung jederzeit widerrufen. Bitte folgen Sie hierzu diesem Link und treffen die entsprechenden Einstellungen \u00fcber unser Banner.<\/p><p>Im Rahmen von Google Analytics unterst\u00fctzt uns Google als Auftragsverarbeiter nach Art. 28 DSGVO. Die Datenverarbeitung kann dabei auch au\u00dferhalb der EU bzw. des EWR stattfinden. Im Hinblick auf Google kann ein angemessenes Datenschutzniveau gem. Art. 46 Abs. 2 lit. c DSGVO durch die Verwendung von EU-Standardvertragsklauseln angenommen werden.<\/p><p>Wir nutzen auf unseren Webseiten Session-Cookies und permanente Cookies.<\/p><p>Sie k\u00f6nnen Ihren Browser so einstellen, dass er Sie \u00fcber die Platzierung von Cookies informiert. So wird der Gebrauch von Cookies f\u00fcr Sie transparent. Sie k\u00f6nnen Cookies zudem jederzeit \u00fcber die entsprechende Browsereinstellung l\u00f6schen und das Setzen neuer Cookies verhindern. Bitte beachten Sie, dass unsere Webseiten dann ggf. nicht optimal angezeigt werden und einige Funktionen technisch nicht mehr zur Verf\u00fcgung stehen.<\/p><p>121553<\/p><p><strong>Google Analytics<\/strong><\/p><p>Zur bedarfsgerechten Gestaltung unserer Webseiten verwenden wir das Webanalysetool \u201eGoogle Analytics\u201c. Google Analytics erstellt Nutzungsprofile auf Grundlage von Pseudonymen. Hierzu werden permanente Cookies auf Ihrem Endger\u00e4t gespeichert und von uns ausgelesen. Auf diese Weise sind wir in der Lage, wiederkehrende Besucher zu erkennen und als solche zu z\u00e4hlen.<br \/>Dar\u00fcber hinaus nutzen wir im Rahmen der Besuchermessung folgende Funktionen:<\/p><ul><li>Wir reichern die pseudonymen Daten mit weiteren Daten an, die uns Drittanbieter zur Verf\u00fcgung stellen. Wir sind auf diese Weise in der Lage, demografische Merkmale unserer Besucher zu erfassen, z. B. Aussagen zu Alter, Geschlecht und Wohnort.<\/li><\/ul><p>Die Datenverarbeitung erfolgt auf Grundlage Ihrer Einwilligung gem. Art. 6 Abs. 1 S. 1 lit. a DSGVO, sofern Sie Ihre Einwilligung \u00fcber unser Banner abgegeben haben. Sie k\u00f6nnen Ihre Einwilligung jederzeit widerrufen. Bitte folgen Sie hierzu diesem Link und treffen die entsprechenden Einstellungen \u00fcber unser Banner.<\/p><p>Im Rahmen von Google Analytics unterst\u00fctzt uns Google als Auftragsverarbeiter nach Art. 28 DSGVO. Die Datenverarbeitung kann dabei auch au\u00dferhalb der EU bzw. des EWR stattfinden. Im Hinblick auf Google kann ein angemessenes Datenschutzniveau gem. Art. 46 Abs. 2 lit. c DSGVO durch die Verwendung von EU-Standardvertragsklauseln angenommen werden.<\/p><p><strong>Datensicherheit<\/strong><\/p><p>Um Ihre Daten vor unerw\u00fcnschten Zugriffen m\u00f6glichst umfassend zu sch\u00fctzen, treffen wir technische und organisatorische Ma\u00dfnahmen. Wir setzen auf unseren Seiten ein Verschl\u00fcsselungsverfahren ein. Ihre Angaben werden von Ihrem Rechner zu unserem Server und umgekehrt \u00fcber das Internet mittels einer TLS-Verschl\u00fcsselung \u00fcbertragen. Sie erkennen dies daran, dass in der Statusleiste Ihres Browsers das Schloss-Symbol geschlossen ist und die Adresszeile mit https:\/\/ beginnt.<\/p><p><strong>Eingebettete YouTube-Videos<\/strong><\/p><p>Auf einigen Unterseiten betten wir YouTube-Videos in unsere Webseite ein. Ein Aufruf dieser Unterseiten f\u00fchrt dazu, dass Inhalte von YouTube nachgeladen werden. In diesem Rahmen erh\u00e4lt YouTube auch Ihre IP-Adresse, die technisch zum Abruf der Inhalte erforderlich ist. Wir haben auf die weitere Verarbeitung durch YouTube grunds\u00e4tzlich keinen Einfluss. Allerdings haben wir bei der Einbettung der Videos darauf geachtet, den von YouTube angebotenen erweiterten Datenschutzmodus\u00a0 zu aktivieren.<\/p><p><strong>Kontaktformular<\/strong><\/p><p>Sie haben die M\u00f6glichkeit, mit uns \u00fcber ein Webformular in Kontakt zu treten. Zur Nutzung unseres Kontaktformulars ben\u00f6tigen wir Ihren Namen und Ihre E-Mail-Adresse. Weitere Angaben k\u00f6nnen Sie mitteilen, m\u00fcssen dies jedoch nicht.<\/p><p>Rechtsgrundlage der Verarbeitung ist Art. 6 Abs. 1 S. 1 lit. f DSGVO. Wir verwenden Ihre Daten ausschlie\u00dflich zur Bearbeitung Ihrer Anfrage.<\/p><p><strong>Ihre Rechte als Nutzer<\/strong><\/p><p>Bei Verarbeitung Ihrer personenbezogenen Daten gew\u00e4hrt die DSGVO Ihnen als Webseitennutzer bestimmte Rechte:<\/p><ol><li>Auskunftsrecht (Art. 15 DSGVO):\u00a0<\/li><\/ol><p>Sie haben das Recht eine Best\u00e4tigung dar\u00fcber zu verlangen, ob sie betreffende personenbezogene Daten verarbeitet werden; ist dies der Fall, so haben Sie ein Recht auf Auskunft \u00fcber diese personenbezogenen Daten und auf die in Art. 15 DSGVO im einzelnen aufgef\u00fchrten Informationen.<\/p><p>2. Recht auf Berichtigung und L\u00f6schung (Art. 16 und 17 DSGVO):\u00a0<\/p><p>Sie haben das Recht, unverz\u00fcglich die Berichtigung sie betreffender unrichtiger personenbezogener Daten und ggf. die Vervollst\u00e4ndigung unvollst\u00e4ndiger personenbezogener Daten zu verlangen.<\/p><p>Sie haben zudem das Recht, zu verlangen, dass sie betreffende personenbezogene Daten unverz\u00fcglich gel\u00f6scht werden, sofern einer der in Art. 17 DSGVO im einzelnen aufgef\u00fchrten Gr\u00fcnde zutrifft, z. B. wenn die Daten f\u00fcr die verfolgten Zwecke nicht mehr ben\u00f6tigt werden.<\/p><p>3. Recht auf Einschr\u00e4nkung der Verarbeitung (Art. 18 DSGVO):\u00a0<\/p><p>Sie haben das Recht, die Einschr\u00e4nkung der Verarbeitung zu verlangen, wenn eine der in Art. 18 DSGVO aufgef\u00fchrten Voraussetzungen gegeben ist, z. B. wenn Sie Widerspruch gegen die Verarbeitung eingelegt haben, f\u00fcr die Dauer einer etwaigen Pr\u00fcfung.<\/p><p>4. Recht auf Daten\u00fcbertragbarkeit (Art. 20 DSGVO):<\/p><p>In bestimmten F\u00e4llen, die in Art. 20 DSGVO im Einzelnen aufgef\u00fchrt werden, haben Sie das Recht, die sie betreffenden personenbezogenen Daten in einem strukturierten, g\u00e4ngigen und maschinenlesbaren Format zu erhalten bzw. die \u00dcbermittlung dieser Daten an einen Dritten zu verlangen.<\/p><ol start=\"5\"><li><strong> Widerspruchsrecht (Art. 21 DSGVO):<\/strong><\/li><\/ol><p><strong>Werden Daten auf Grundlage von Art. 6 Abs. 1 S. 1 lit. f erhoben (Datenverarbeitung zur Wahrung berechtigter Interessen), steht Ihnen das Recht zu, aus Gr\u00fcnden, die sich aus Ihrer besonderen Situation ergeben, jederzeit gegen die Verarbeitung Widerspruch einzulegen. Wir verarbeiten die personenbezogenen Daten dann nicht mehr, es sei denn, es liegen nachweisbar zwingende schutzw\u00fcrdige Gr\u00fcnde f\u00fcr die Verarbeitung vor, die die Interessen, Rechte und Freiheiten der betroffenen Person \u00fcberwiegen, oder die Verarbeitung dient der Geltendmachung, Aus\u00fcbung oder Verteidigung von Rechtsanspr\u00fcchen.<\/strong><\/p><p>6. Beschwerderecht bei einer Aufsichtsbeh\u00f6rde<\/p><p>Sie haben gem. Art. 77 DSGVO das Recht auf Beschwerde bei einer Aufsichtsbeh\u00f6rde, wenn Sie der Ansicht sind, dass die Verarbeitung der Sie betreffenden Daten gegen datenschutzrechtliche Bestimmungen verst\u00f6\u00dft. Das Beschwerderecht kann insbesondere bei einer Aufsichtsbeh\u00f6rde in dem Mitgliedstaat Ihres Aufenthaltsorts, Ihres Arbeitsplatzes oder des Orts des mutma\u00dflichen Versto\u00dfes geltend gemacht werden.<\/p><p>191529<\/p><p><strong>Kontaktdaten des Datenschutzbeauftragten<\/strong><\/p><p>Unser betrieblicher Datenschutzbeauftragter steht Ihnen gerne f\u00fcr Ausk\u00fcnfte oder Anregungen zum Thema Datenschutz zur Verf\u00fcgung:<\/p><p>155039<\/p><p>Dr. Uwe Schl\u00e4ger<br \/>datenschutz nord GmbH<br \/>Konsul-Smidt-Stra\u00dfe 88<br \/>28217 Bremen<br \/>Internet: www.datenschutz-nord-gruppe.de<br \/>E-naslov: office@datenschutz-nord.de<br \/>Telefon: +49 421 69 66 32 0<br \/>office@datenschutz-nord.de<\/p><p>Diese Seite nutzt Cookies.<\/p><p>Wir verwenden Cookies, um Inhalte und Anzeigen zu personalisieren, Funktionen f\u00fcr soziale Medien anbieten zu k\u00f6nnen und die Zugriffe auf unsere Website zu analysieren (Google Analytics).<\/p><p>Au\u00dferdem geben wir Informationen zu Ihrer Verwendung unserer Website an unsere Partner f\u00fcr soziale Medien, Werbung und Analysen weiter. Unsere Partner f\u00fchren diese Informationen m\u00f6glicherweise mit weiteren Daten zusammen, die Sie ihnen bereitgestellt haben oder die sie im Rahmen Ihrer Nutzung der Dienste gesammelt haben.<\/p><p>Wir setzen im Rahmen des Trackings auch Dienstleister in Drittl\u00e4ndern au\u00dferhalb der EU mit abweichenden Datenschutzbestimmungen ein, wodurch das Risiko von beh\u00f6rdlichen Zugriffen bzw. von Kontrollverlust bzgl. \u00fcbermittelter Daten bestehen kann.<\/p><p><a href=\"https:\/\/landmaschinen.krone.de\/deutsch\/datenschutz\/\" target=\"_blank\" rel=\"noopener\"><strong>Datenschutzhinweise<\/strong><\/a><strong><br \/><\/strong><a href=\"https:\/\/landmaschinen.krone.de\/deutsch\/impressum\/\" target=\"_blank\" rel=\"noopener\"><strong>Impressum<\/strong><\/a><\/p><p>Cookies sind kleine Textdateien, die von Webseiten verwendet werden, um die Benutzererfahrung effizienter zu gestalten.<\/p><p>Laut Gesetz k\u00f6nnen wir Cookies auf Ihrem Ger\u00e4t speichern, wenn diese f\u00fcr den Betrieb dieser Seite unbedingt notwendig sind. F\u00fcr alle anderen Cookie-Typen ben\u00f6tigen wir Ihre Erlaubnis.<\/p><p>Diese Seite verwendet unterschiedliche Cookie-Typen. Einige Cookies werden von Drittparteien platziert, die auf unseren Seiten erscheinen.<\/p><p>Sie k\u00f6nnen Ihre Einwilligung jederzeit von der Cookie-Erkl\u00e4rung auf unserer Website \u00e4ndern oder widerrufen.<\/p><p>Erfahren Sie in unserer Datenschutzrichtlinie mehr dar\u00fcber, wer wir sind, wie Sie uns kontaktieren k\u00f6nnen und wie wir personenbezogene Daten verarbeiten.<\/p><p>Bitte geben Sie Ihre Einwilligungs-ID und das Datum an, wenn Sie uns bez\u00fcglich Ihrer Einwilligung kontaktieren.<\/p><p>Ihre Einwilligung trifft auf die folgenden Domains zu: landmaschinen.krone.de<\/p><p>Ihr aktueller Zustand: Ablehnen.\u00a0<\/p><p>Ihr aktueller Zustand: Verkaufen Sie meine personenbezogenen Daten nicht..\u00a0<\/p><p>Ihr aktueller Zustand: Auswahl erlauben\u00a0(Notwendig, Pr\u00e4ferenzen, Statistiken, Marketing).\u00a0<\/p><p>Ihr aktueller Zustand: Alle zulassen.\u00a0<\/p><p>Ihre Einwilligungs-ID: 21wRBRdAMpbSyZFGVQSBGxV+g6jqLkK8IETD5nMg7BHwgW3+wqN0jQ==Einwilligungsdatum: \u200eDienstag\u200e, \u200e14\u200e. \u200eSeptember\u200e \u200e2021\u200e \u200e14\u200e:\u200e04\u200e:\u200e58<\/p><p><a href=\"https:\/\/landmaschinen.krone.de\/\" target=\"_blank\" rel=\"noopener\">\u00c4ndern Sie Ihre Einwilligung<\/a>\u00a0\u00a0|\u00a0\u00a0<a href=\"https:\/\/landmaschinen.krone.de\/\" target=\"_blank\" rel=\"noopener\">Widerrufen Sie Ihre Einwilligung<\/a><\/p>\t\t\t\t\t\t\t\t<\/div>\n\t\t\t\t<\/div>\n\t\t\t\t\t<\/div>\n\t\t<\/div>\n\t\t\t\t\t<\/div>\n\t\t<\/section>\n\t\t\t\t<\/div>\n\t\t","protected":false},"excerpt":{"rendered":"<p>Datenschutz Wir freuen uns \u00fcber Ihren Besuch auf unseren Webseiten. Nachfolgend m\u00f6chten wir Sie \u00fcber den Umgang mit Ihren Daten gem. Art. 13 Datenschutzgrundverordnung (DSGVO) informieren. Verantwortlicher\u00a0 \u00a0 \u00a0 Verantwortlich f\u00fcr die nachfolgend dargestellte Datenerhebung und -verarbeitung ist die im Impressum genannte Stelle. Nutzungsdaten\u00a0 \u00a0 \u00a0 Wenn Sie unsere Webseiten besuchen, werden auf unserem Webserver [&hellip;]<\/p>\n","protected":false},"author":2,"featured_media":0,"parent":0,"menu_order":0,"comment_status":"closed","ping_status":"closed","template":"","meta":{"footnotes":""},"class_list":["post-386","page","type-page","status-publish","hentry"],"_links":{"self":[{"href":"https:\/\/www.bhd-mr-westfalen.de\/olpe\/wp-json\/wp\/v2\/pages\/386","targetHints":{"allow":["GET"]}}],"collection":[{"href":"https:\/\/www.bhd-mr-westfalen.de\/olpe\/wp-json\/wp\/v2\/pages"}],"about":[{"href":"https:\/\/www.bhd-mr-westfalen.de\/olpe\/wp-json\/wp\/v2\/types\/page"}],"author":[{"embeddable":true,"href":"https:\/\/www.bhd-mr-westfalen.de\/olpe\/wp-json\/wp\/v2\/users\/2"}],"replies":[{"embeddable":true,"href":"https:\/\/www.bhd-mr-westfalen.de\/olpe\/wp-json\/wp\/v2\/comments?post=386"}],"version-history":[{"count":8,"href":"https:\/\/www.bhd-mr-westfalen.de\/olpe\/wp-json\/wp\/v2\/pages\/386\/revisions"}],"predecessor-version":[{"id":3631,"href":"https:\/\/www.bhd-mr-westfalen.de\/olpe\/wp-json\/wp\/v2\/pages\/386\/revisions\/3631"}],"wp:attachment":[{"href":"https:\/\/www.bhd-mr-westfalen.de\/olpe\/wp-json\/wp\/v2\/media?parent=386"}],"curies":[{"name":"wp","href":"https:\/\/api.w.org\/{rel}","templated":true}]}}