{"id":1803,"date":"2023-08-29T14:01:24","date_gmt":"2023-08-29T12:01:24","guid":{"rendered":"https:\/\/www.bhd-mr-westfalen.de\/paderborn-bueren\/?page_id=1803"},"modified":"2024-08-16T13:51:36","modified_gmt":"2024-08-16T11:51:36","slug":"news","status":"publish","type":"page","link":"https:\/\/www.bhd-mr-westfalen.de\/paderborn-bueren\/news\/","title":{"rendered":"News"},"content":{"rendered":"\t\t<div data-elementor-type=\"wp-page\" data-elementor-id=\"1803\" class=\"elementor elementor-1803\" data-elementor-post-type=\"page\">\n\t\t\t\t<div class=\"elementor-element elementor-element-155e1983 e-con-full e-flex e-con e-parent\" data-id=\"155e1983\" data-element_type=\"container\" data-e-type=\"container\">\n\t\t<div class=\"elementor-element elementor-element-ed22d7d e-con-full e-flex e-con e-child\" data-id=\"ed22d7d\" data-element_type=\"container\" data-e-type=\"container\" data-settings=\"{&quot;background_background&quot;:&quot;classic&quot;}\">\n\t\t\t\t<div class=\"elementor-element elementor-element-30e1e9f0 elementor-widget elementor-widget-heading\" data-id=\"30e1e9f0\" data-element_type=\"widget\" data-e-type=\"widget\" data-widget_type=\"heading.default\">\n\t\t\t\t<div class=\"elementor-widget-container\">\n\t\t\t\t\t<h1 class=\"elementor-heading-title elementor-size-default\">News und Termine<\/h1>\t\t\t\t<\/div>\n\t\t\t\t<\/div>\n\t\t\t\t<\/div>\n\t\t<div class=\"elementor-element elementor-element-52b2b1ac e-con-full e-flex e-con e-child\" data-id=\"52b2b1ac\" data-element_type=\"container\" data-e-type=\"container\">\n\t\t\t\t<div class=\"elementor-element elementor-element-66ec0511 elementor-widget elementor-widget-image\" data-id=\"66ec0511\" data-element_type=\"widget\" data-e-type=\"widget\" data-widget_type=\"image.default\">\n\t\t\t\t<div class=\"elementor-widget-container\">\n\t\t\t\t\t\t\t\t\t\t\t\t\t\t\t<img fetchpriority=\"high\" decoding=\"async\" width=\"1917\" height=\"48\" src=\"https:\/\/www.bhd-mr-westfalen.de\/paderborn-bueren\/wp-content\/uploads\/sites\/21\/2023\/09\/top-slider-papierkante-textur-unten-1-1.png\" class=\"attachment-full size-full wp-image-2604\" alt=\"\" srcset=\"https:\/\/www.bhd-mr-westfalen.de\/paderborn-bueren\/wp-content\/uploads\/sites\/21\/2023\/09\/top-slider-papierkante-textur-unten-1-1.png 1917w, https:\/\/www.bhd-mr-westfalen.de\/paderborn-bueren\/wp-content\/uploads\/sites\/21\/2023\/09\/top-slider-papierkante-textur-unten-1-1-300x8.png 300w, https:\/\/www.bhd-mr-westfalen.de\/paderborn-bueren\/wp-content\/uploads\/sites\/21\/2023\/09\/top-slider-papierkante-textur-unten-1-1-1024x26.png 1024w, https:\/\/www.bhd-mr-westfalen.de\/paderborn-bueren\/wp-content\/uploads\/sites\/21\/2023\/09\/top-slider-papierkante-textur-unten-1-1-768x19.png 768w, https:\/\/www.bhd-mr-westfalen.de\/paderborn-bueren\/wp-content\/uploads\/sites\/21\/2023\/09\/top-slider-papierkante-textur-unten-1-1-1536x38.png 1536w\" sizes=\"(max-width: 1917px) 100vw, 1917px\">\t\t\t\t\t\t\t\t\t\t\t\t\t\t\t<\/div>\n\t\t\t\t<\/div>\n\t\t\t\t<\/div>\n\t\t\t\t<\/div>\n\t\t<div class=\"elementor-element elementor-element-78c13fb e-flex e-con-boxed e-con e-parent\" data-id=\"78c13fb\" data-element_type=\"container\" data-e-type=\"container\" data-settings=\"{&quot;background_background&quot;:&quot;classic&quot;}\">\n\t\t\t\t\t<div class=\"e-con-inner\">\n\t\t\t\t<div class=\"elementor-element elementor-element-a37b049 premium-blog-align-left elementor-widget elementor-widget-premium-addon-blog\" data-id=\"a37b049\" data-element_type=\"widget\" data-e-type=\"widget\" data-settings=\"{&quot;premium_blog_columns_number&quot;:&quot;33.33%&quot;,&quot;premium_blog_infinite_scroll&quot;:&quot;yes&quot;,&quot;premium_blog_grid&quot;:&quot;yes&quot;,&quot;premium_blog_layout&quot;:&quot;even&quot;,&quot;premium_blog_columns_number_tablet&quot;:&quot;50%&quot;,&quot;premium_blog_columns_number_mobile&quot;:&quot;100%&quot;,&quot;scroll_to_offset&quot;:&quot;yes&quot;,&quot;filter_flag&quot;:&quot;cat&quot;}\" data-widget_type=\"premium-addon-blog.default\">\n\t\t\t\t<div class=\"elementor-widget-container\">\n\t\t\t\t\t\n\t\t\t\t\t\t\t<div class=\"premium-blog-filter\">\n\t\t\t<ul class=\"premium-blog-filters-container\">\n\t\t\t\t\t\t\t\t\t<li>\n\t\t\t\t\t\t<a href=\"javascript:;\" class=\"category active\" data-filter=\"*\">\n\t\t\t\t\t\t\tAlle\t\t\t\t\t\t<\/a>\n\t\t\t\t\t<\/li>\n\t\t\t\t\t\t\t\t\t\t\t\t\t\t<li>\n\t\t\t\t\t\t\t<a href=\"javascript:;\" class=\"category\" data-filter=\"allgemein\">\n\t\t\t\t\t\t\t\tAllgemein\t\t\t\t\t\t\t<\/a>\n\t\t\t\t\t\t<\/li>\n\t\t\t\t\t\t\t\t\t\t<li>\n\t\t\t\t\t\t\t<a href=\"javascript:;\" class=\"category\" data-filter=\"bhd\">\n\t\t\t\t\t\t\t\tBHD\t\t\t\t\t\t\t<\/a>\n\t\t\t\t\t\t<\/li>\n\t\t\t\t\t\t\t\t\t\t<li>\n\t\t\t\t\t\t\t<a href=\"javascript:;\" class=\"category\" data-filter=\"mr\">\n\t\t\t\t\t\t\t\tMR\t\t\t\t\t\t\t<\/a>\n\t\t\t\t\t\t<\/li>\n\t\t\t\t\t\t\t<\/ul>\n\t\t<\/div>\n\t\t\t\t\n\n\t\t\t\t<div class=\"premium-blog-wrap  premium-blog-even\" data-page=\"1803\">\n\t\t\t\t\t\t\t\t\t<div class=\"premium-blog-post-outer-container allgemein mr\" data-total=\"1\">\n\t\t\t<div class=\"premium-blog-post-container premium-blog-skin-classic\">\n\t\t\t\t\t\t\t\t\t<div class=\"premium-blog-thumb-effect-wrapper\">\n\t\t\t\t\t\t<div class=\"premium-blog-thumbnail-container premium-blog-zoomin-effect\">\n\t\t\t\t\t\t\t<img decoding=\"async\" width=\"1562\" height=\"927\" src=\"https:\/\/www.bhd-mr-westfalen.de\/paderborn-bueren\/wp-content\/uploads\/sites\/21\/2025\/08\/AUT2.jpg\" class=\"attachment-full size-full wp-image-4298\" alt=\"\" srcset=\"https:\/\/www.bhd-mr-westfalen.de\/paderborn-bueren\/wp-content\/uploads\/sites\/21\/2025\/08\/AUT2.jpg 1562w, https:\/\/www.bhd-mr-westfalen.de\/paderborn-bueren\/wp-content\/uploads\/sites\/21\/2025\/08\/AUT2-300x178.jpg 300w, https:\/\/www.bhd-mr-westfalen.de\/paderborn-bueren\/wp-content\/uploads\/sites\/21\/2025\/08\/AUT2-1024x608.jpg 1024w, https:\/\/www.bhd-mr-westfalen.de\/paderborn-bueren\/wp-content\/uploads\/sites\/21\/2025\/08\/AUT2-768x456.jpg 768w, https:\/\/www.bhd-mr-westfalen.de\/paderborn-bueren\/wp-content\/uploads\/sites\/21\/2025\/08\/AUT2-1536x912.jpg 1536w\" sizes=\"(max-width: 1562px) 100vw, 1562px\" \/>\t\t\t\t\t\t<\/div>\n\t\t\t\t\t\t\t\t\t\t\t\t\t<div class=\"premium-blog-thumbnail-overlay\">\n\t\t\t\t\t\t\t\t<a class=\"elementor-icon\" href=\"https:\/\/www.bhd-mr-westfalen.de\/paderborn-bueren\/agrarunternehmertage-2026-wir-sind-dabei\/\" target=\"_self\"><\/a>\n\t\t\t\t\t\t\t<\/div>\n\n\t\t\t\t\t\t\t\t\t\t\t\t\t\t\t\t\t\t<\/div>\n\t\t\t\t\t\t\t\t\t\t\t\t<div class=\"premium-blog-content-wrapper \">\n\n\t\t\t\t\t<div class=\"premium-blog-inner-container\">\n\n\t\t\t\t\t\t\t\t\t\t\t\t\t\t<h2 class=\"premium-blog-entry-title\">\n\t\t\t<a href=\"https:\/\/www.bhd-mr-westfalen.de\/paderborn-bueren\/agrarunternehmertage-2026-wir-sind-dabei\/\" target=\"_self\">\n\t\t\t\tAgrarunternehmertage 2026 &#8211; Wir sind dabei!\t\t\t<\/a>\n\t\t<\/h2>\n\t\t\t\t<div class=\"premium-blog-entry-meta\">\n\t\t\t\n\t\t\t\t\t\t\t<span class=\"premium-blog-meta-separator\">\u2022<\/span>\n\t\t\t\t<div class=\"premium-blog-post-time premium-blog-meta-data\">\n\t\t\t\t\t<i class=\"fa fa-calendar-alt\" aria-hidden=\"true\"><\/i>\n\t\t\t\t\t<span>14. August 2025<\/span>\n\t\t\t\t<\/div>\n\t\t\t\n\t\t\t\n\t\t\t\t\t<\/div>\n\t\t\n\t\t\t\t\t<\/div>\n\n\t\t\t\t\t\t\t<div class=\"premium-blog-content-inner-wrapper\">\n\t\t<p class=\"premium-blog-post-content\">Vom 03.-06. Februar 2026 finden in M\u00fcnster wieder die Agrarunternehmertage statt. Rund 20.000 m\u00b2 Ausstellungsfl\u00e4che, ca. 370 Aussteller und \u00fcber 30.000 Besucher<\/p><div class=\"premium-blog-excerpt-link-wrap\"><a href=\"https:\/\/www.bhd-mr-westfalen.de\/paderborn-bueren\/agrarunternehmertage-2026-wir-sind-dabei\/\" target=\"_self\" class=\"premium-blog-excerpt-link elementor-button\">WEITERLESEN  \u2794<\/a><\/div>\t\t<\/div>\n\t\t\t\t\t\t\t\n\t\t\t\t<\/div>\n\t\t\t<\/div>\n\t\t<\/div>\n\n\t\t\t\t<div class=\"premium-blog-post-outer-container allgemein mr\" data-total=\"1\">\n\t\t\t<div class=\"premium-blog-post-container premium-blog-skin-classic\">\n\t\t\t\t\t\t\t\t\t<div class=\"premium-blog-thumb-effect-wrapper\">\n\t\t\t\t\t\t<div class=\"premium-blog-thumbnail-container premium-blog-zoomin-effect\">\n\t\t\t\t\t\t\t<img decoding=\"async\" width=\"2560\" height=\"1920\" src=\"https:\/\/www.bhd-mr-westfalen.de\/paderborn-bueren\/wp-content\/uploads\/sites\/21\/2025\/08\/20250219_114151432_iOS-1-scaled.jpg\" class=\"attachment-full size-full wp-image-4300\" alt=\"\" srcset=\"https:\/\/www.bhd-mr-westfalen.de\/paderborn-bueren\/wp-content\/uploads\/sites\/21\/2025\/08\/20250219_114151432_iOS-1-scaled.jpg 2560w, https:\/\/www.bhd-mr-westfalen.de\/paderborn-bueren\/wp-content\/uploads\/sites\/21\/2025\/08\/20250219_114151432_iOS-1-scaled-300x225.jpg 300w, https:\/\/www.bhd-mr-westfalen.de\/paderborn-bueren\/wp-content\/uploads\/sites\/21\/2025\/08\/20250219_114151432_iOS-1-scaled-1024x768.jpg 1024w, https:\/\/www.bhd-mr-westfalen.de\/paderborn-bueren\/wp-content\/uploads\/sites\/21\/2025\/08\/20250219_114151432_iOS-1-scaled-768x576.jpg 768w, https:\/\/www.bhd-mr-westfalen.de\/paderborn-bueren\/wp-content\/uploads\/sites\/21\/2025\/08\/20250219_114151432_iOS-1-scaled-1536x1152.jpg 1536w, https:\/\/www.bhd-mr-westfalen.de\/paderborn-bueren\/wp-content\/uploads\/sites\/21\/2025\/08\/20250219_114151432_iOS-1-scaled-2048x1536.jpg 2048w\" sizes=\"(max-width: 2560px) 100vw, 2560px\" \/>\t\t\t\t\t\t<\/div>\n\t\t\t\t\t\t\t\t\t\t\t\t\t<div class=\"premium-blog-thumbnail-overlay\">\n\t\t\t\t\t\t\t\t<a class=\"elementor-icon\" href=\"https:\/\/www.bhd-mr-westfalen.de\/paderborn-bueren\/fuehrungskraefteseminar-der-bhd-mr\/\" target=\"_self\"><\/a>\n\t\t\t\t\t\t\t<\/div>\n\n\t\t\t\t\t\t\t\t\t\t\t\t\t\t\t\t\t\t<\/div>\n\t\t\t\t\t\t\t\t\t\t\t\t<div class=\"premium-blog-content-wrapper \">\n\n\t\t\t\t\t<div class=\"premium-blog-inner-container\">\n\n\t\t\t\t\t\t\t\t\t\t\t\t\t\t<h2 class=\"premium-blog-entry-title\">\n\t\t\t<a href=\"https:\/\/www.bhd-mr-westfalen.de\/paderborn-bueren\/fuehrungskraefteseminar-der-bhd-mr\/\" target=\"_self\">\n\t\t\t\tF\u00fchrungskr\u00e4fteseminar in Coesfeld\t\t\t<\/a>\n\t\t<\/h2>\n\t\t\t\t<div class=\"premium-blog-entry-meta\">\n\t\t\t\n\t\t\t\t\t\t\t<span class=\"premium-blog-meta-separator\">\u2022<\/span>\n\t\t\t\t<div class=\"premium-blog-post-time premium-blog-meta-data\">\n\t\t\t\t\t<i class=\"fa fa-calendar-alt\" aria-hidden=\"true\"><\/i>\n\t\t\t\t\t<span>6. M\u00e4rz 2025<\/span>\n\t\t\t\t<\/div>\n\t\t\t\n\t\t\t\n\t\t\t\t\t<\/div>\n\t\t\n\t\t\t\t\t<\/div>\n\n\t\t\t\t\t\t\t<div class=\"premium-blog-content-inner-wrapper\">\n\t\t<p class=\"premium-blog-post-content\">Mitarbeiter des Landesverbands, Gesch\u00e4ftsf\u00fchrer und Ehrenamtsvertreter der einzelnen Ringe aus Westfalen-Lippe hielten von 18. bis 19. Februar 2025 eine Klausurtagung in der<\/p><div class=\"premium-blog-excerpt-link-wrap\"><a href=\"https:\/\/www.bhd-mr-westfalen.de\/paderborn-bueren\/fuehrungskraefteseminar-der-bhd-mr\/\" target=\"_self\" class=\"premium-blog-excerpt-link elementor-button\">WEITERLESEN  \u2794<\/a><\/div>\t\t<\/div>\n\t\t\t\t\t\t\t\n\t\t\t\t<\/div>\n\t\t\t<\/div>\n\t\t<\/div>\n\n\t\t\t\t<div class=\"premium-blog-post-outer-container allgemein mr\" data-total=\"1\">\n\t\t\t<div class=\"premium-blog-post-container premium-blog-skin-classic\">\n\t\t\t\t\t\t\t\t\t<div class=\"premium-blog-thumb-effect-wrapper\">\n\t\t\t\t\t\t<div class=\"premium-blog-thumbnail-container premium-blog-zoomin-effect\">\n\t\t\t\t\t\t\t<img loading=\"lazy\" decoding=\"async\" width=\"1350\" height=\"1000\" src=\"https:\/\/www.bhd-mr-westfalen.de\/paderborn-bueren\/wp-content\/uploads\/sites\/21\/2024\/01\/landwirte-sind-immer-mehr-die-energiewender.jpg\" class=\"attachment-full size-full wp-image-3862\" alt=\"Der Landwirt wird immer mehr Energiewender\" srcset=\"https:\/\/www.bhd-mr-westfalen.de\/paderborn-bueren\/wp-content\/uploads\/sites\/21\/2024\/01\/landwirte-sind-immer-mehr-die-energiewender.jpg 1350w, https:\/\/www.bhd-mr-westfalen.de\/paderborn-bueren\/wp-content\/uploads\/sites\/21\/2024\/01\/landwirte-sind-immer-mehr-die-energiewender-300x222.jpg 300w, https:\/\/www.bhd-mr-westfalen.de\/paderborn-bueren\/wp-content\/uploads\/sites\/21\/2024\/01\/landwirte-sind-immer-mehr-die-energiewender-1024x759.jpg 1024w, https:\/\/www.bhd-mr-westfalen.de\/paderborn-bueren\/wp-content\/uploads\/sites\/21\/2024\/01\/landwirte-sind-immer-mehr-die-energiewender-768x569.jpg 768w\" sizes=\"(max-width: 1350px) 100vw, 1350px\" \/>\t\t\t\t\t\t<\/div>\n\t\t\t\t\t\t\t\t\t\t\t\t\t<div class=\"premium-blog-thumbnail-overlay\">\n\t\t\t\t\t\t\t\t<a class=\"elementor-icon\" href=\"https:\/\/www.bhd-mr-westfalen.de\/paderborn-bueren\/erneuerbare-energie-hoch-im-kurs\/\" target=\"_self\"><\/a>\n\t\t\t\t\t\t\t<\/div>\n\n\t\t\t\t\t\t\t\t\t\t\t\t\t\t\t\t\t\t<\/div>\n\t\t\t\t\t\t\t\t\t\t\t\t<div class=\"premium-blog-content-wrapper \">\n\n\t\t\t\t\t<div class=\"premium-blog-inner-container\">\n\n\t\t\t\t\t\t\t\t\t\t\t\t\t\t<h2 class=\"premium-blog-entry-title\">\n\t\t\t<a href=\"https:\/\/www.bhd-mr-westfalen.de\/paderborn-bueren\/erneuerbare-energie-hoch-im-kurs\/\" target=\"_self\">\n\t\t\t\tErneuerbare Energie hoch im Kurs\t\t\t<\/a>\n\t\t<\/h2>\n\t\t\t\t<div class=\"premium-blog-entry-meta\">\n\t\t\t\n\t\t\t\t\t\t\t<span class=\"premium-blog-meta-separator\">\u2022<\/span>\n\t\t\t\t<div class=\"premium-blog-post-time premium-blog-meta-data\">\n\t\t\t\t\t<i class=\"fa fa-calendar-alt\" aria-hidden=\"true\"><\/i>\n\t\t\t\t\t<span>29. Januar 2024<\/span>\n\t\t\t\t<\/div>\n\t\t\t\n\t\t\t\n\t\t\t\t\t<\/div>\n\t\t\n\t\t\t\t\t<\/div>\n\n\t\t\t\t\t\t\t<div class=\"premium-blog-content-inner-wrapper\">\n\t\t<p class=\"premium-blog-post-content\">Neues Jahr, neue Chancen, neue Gesch\u00e4ftsfelder. Viele Landwirte nutzen den Jahreswechsel zum Nachdenken: Ist mein Betrieb f\u00fcr die Zukunft gut ger\u00fcstet? Wie kann ich k\u00fcnftig die Wertsch\u00f6pfung meines Hofs steigern? Auf diese Fragen gibt es nicht nur eine Antwort \u2013 denn der Strukturwandel und die Diversifizierung der landwirtschaftlichen Betriebe werden nach Expertenmeinung weiter voranschreiten.<\/p><div class=\"premium-blog-excerpt-link-wrap\"><a href=\"https:\/\/www.bhd-mr-westfalen.de\/paderborn-bueren\/erneuerbare-energie-hoch-im-kurs\/\" target=\"_self\" class=\"premium-blog-excerpt-link elementor-button\">WEITERLESEN  \u2794<\/a><\/div>\t\t<\/div>\n\t\t\t\t\t\t\t\n\t\t\t\t<\/div>\n\t\t\t<\/div>\n\t\t<\/div>\n\n\t\t\t\t\t\t\t<\/div>\n\n\t\t\n\t\t\n\t\t\t\t\t\t<\/div>\n\t\t\t\t<\/div>\n\t\t\t\t\t<\/div>\n\t\t\t\t<\/div>\n\t\t\t\t<\/div>\n\t\t","protected":false},"excerpt":{"rendered":"<p>Neuigkeiten vom Betriebshilfsdienst \u2713 News \u2713 Aktuelles \u2713 Termine des BHD &#038; MR Paderborn \u2713 Aktuelle Themen in der Landwirtschaft. <\/p>\n","protected":false},"author":2,"featured_media":0,"parent":0,"menu_order":0,"comment_status":"closed","ping_status":"closed","template":"","meta":{"footnotes":""},"class_list":["post-1803","page","type-page","status-publish","hentry"],"_links":{"self":[{"href":"https:\/\/www.bhd-mr-westfalen.de\/paderborn-bueren\/wp-json\/wp\/v2\/pages\/1803","targetHints":{"allow":["GET"]}}],"collection":[{"href":"https:\/\/www.bhd-mr-westfalen.de\/paderborn-bueren\/wp-json\/wp\/v2\/pages"}],"about":[{"href":"https:\/\/www.bhd-mr-westfalen.de\/paderborn-bueren\/wp-json\/wp\/v2\/types\/page"}],"author":[{"embeddable":true,"href":"https:\/\/www.bhd-mr-westfalen.de\/paderborn-bueren\/wp-json\/wp\/v2\/users\/2"}],"replies":[{"embeddable":true,"href":"https:\/\/www.bhd-mr-westfalen.de\/paderborn-bueren\/wp-json\/wp\/v2\/comments?post=1803"}],"version-history":[{"count":10,"href":"https:\/\/www.bhd-mr-westfalen.de\/paderborn-bueren\/wp-json\/wp\/v2\/pages\/1803\/revisions"}],"predecessor-version":[{"id":4233,"href":"https:\/\/www.bhd-mr-westfalen.de\/paderborn-bueren\/wp-json\/wp\/v2\/pages\/1803\/revisions\/4233"}],"wp:attachment":[{"href":"https:\/\/www.bhd-mr-westfalen.de\/paderborn-bueren\/wp-json\/wp\/v2\/media?parent=1803"}],"curies":[{"name":"wp","href":"https:\/\/api.w.org\/{rel}","templated":true}]}}