{"id":384,"date":"2021-08-10T11:23:16","date_gmt":"2021-08-10T09:23:16","guid":{"rendered":"https:\/\/www.bhd-mr-westfalen.de\/paderborn-bueren\/?page_id=384"},"modified":"2024-08-07T13:12:26","modified_gmt":"2024-08-07T11:12:26","slug":"impressum","status":"publish","type":"page","link":"https:\/\/www.bhd-mr-westfalen.de\/paderborn-bueren\/impressum\/","title":{"rendered":"Impressum"},"content":{"rendered":"\t\t<div data-elementor-type=\"wp-page\" data-elementor-id=\"384\" class=\"elementor elementor-384\" data-elementor-post-type=\"page\">\n\t\t\t\t\t\t<section class=\"elementor-section elementor-top-section elementor-element elementor-element-909c435 elementor-section-boxed elementor-section-height-default elementor-section-height-default\" data-id=\"909c435\" data-element_type=\"section\" data-e-type=\"section\">\n\t\t\t\t\t\t<div class=\"elementor-container elementor-column-gap-default\">\n\t\t\t\t\t<div class=\"elementor-column elementor-col-100 elementor-top-column elementor-element elementor-element-9ece398\" data-id=\"9ece398\" data-element_type=\"column\" data-e-type=\"column\">\n\t\t\t<div class=\"elementor-widget-wrap elementor-element-populated\">\n\t\t\t\t\t\t<div class=\"elementor-element elementor-element-e07031f elementor-widget elementor-widget-heading\" data-id=\"e07031f\" data-element_type=\"widget\" data-e-type=\"widget\" data-widget_type=\"heading.default\">\n\t\t\t\t<div class=\"elementor-widget-container\">\n\t\t\t\t\t<h1 class=\"elementor-heading-title elementor-size-default\">Impressum<\/h1>\t\t\t\t<\/div>\n\t\t\t\t<\/div>\n\t\t\t\t<div class=\"elementor-element elementor-element-7bc0234 elementor-widget elementor-widget-text-editor\" data-id=\"7bc0234\" data-element_type=\"widget\" data-e-type=\"widget\" data-widget_type=\"text-editor.default\">\n\t\t\t\t<div class=\"elementor-widget-container\">\n\t\t\t\t\t\t\t\t\t<h3><b><span data-contrast=\"auto\">Angaben gem\u00e4\u00df \u00a7 5 TMG<\/span><\/b><span data-ccp-props=\"{&quot;201341983&quot;:0,&quot;335559739&quot;:0,&quot;335559740&quot;:240}\">\u00a0<\/span><\/h3><p><strong>Betriebshilfsdienst und Maschinenring Paderborn-B\u00fcren e.V.\u00a0<\/strong><span data-ccp-props=\"{&quot;201341983&quot;:0,&quot;335559739&quot;:0,&quot;335559740&quot;:240}\"><strong>\u00a0<\/strong><br \/><\/span><span data-contrast=\"auto\">Am Grarock 21<br \/>33154 Salzkotten<br \/><\/span><\/p><p><span data-contrast=\"auto\">Vereinsregister: VR 749<\/span><span data-ccp-props=\"{&quot;201341983&quot;:0,&quot;335559739&quot;:0,&quot;335559740&quot;:240}\">\u00a0<br \/><\/span><span data-contrast=\"auto\">Registergericht: Amtsgericht Paderborn<\/span><span data-ccp-props=\"{&quot;201341983&quot;:0,&quot;335559739&quot;:0,&quot;335559740&quot;:240}\">\u00a0<\/span><\/p><p><span data-ccp-props=\"{&quot;201341983&quot;:0,&quot;335559739&quot;:0,&quot;335559740&quot;:240}\">\u00a0<\/span><span data-contrast=\"auto\">Vertreten durch:<\/span><span data-ccp-props=\"{&quot;201341983&quot;:0,&quot;335559739&quot;:0,&quot;335559740&quot;:240}\">\u00a0<br \/><\/span><span data-contrast=\"auto\">Sebastian F\u00f6rster<\/span><span data-ccp-props=\"{&quot;201341983&quot;:0,&quot;335559739&quot;:0,&quot;335559740&quot;:240}\">\u00a0<\/span><\/p><p><span data-ccp-props=\"{&quot;201341983&quot;:0,&quot;335559739&quot;:0,&quot;335559740&quot;:240}\">\u00a0<\/span><\/p><h3><b><span data-contrast=\"auto\">Kontakt<\/span><\/b><span data-ccp-props=\"{&quot;201341983&quot;:0,&quot;335559739&quot;:0,&quot;335559740&quot;:240}\">\u00a0<\/span><\/h3><p><span data-contrast=\"auto\">Telefon: 05258\/975741-0<\/span><span data-ccp-props=\"{&quot;201341983&quot;:0,&quot;335559739&quot;:0,&quot;335559740&quot;:240}\"><br \/><\/span><span data-contrast=\"auto\">Telefax: <\/span><span data-ccp-props=\"{&quot;201341983&quot;:0,&quot;335559739&quot;:0,&quot;335559740&quot;:240}\">05258\/975741-60<\/span><\/p><p><span data-contrast=\"auto\">E-Mail: info@bhd-mr-paderborn.de<\/span><span data-ccp-props=\"{&quot;201341983&quot;:0,&quot;335559739&quot;:0,&quot;335559740&quot;:240}\">\u00a0<\/span><\/p><p><span data-ccp-props=\"{&quot;201341983&quot;:0,&quot;335559739&quot;:0,&quot;335559740&quot;:240}\">\u00a0<\/span><\/p><h3><b><span data-contrast=\"auto\">Redaktionell verantwortlich<\/span><\/b><span data-ccp-props=\"{&quot;201341983&quot;:0,&quot;335559739&quot;:0,&quot;335559740&quot;:240}\">\u00a0<\/span><\/h3><p><span data-contrast=\"auto\">Berthold Schl\u00fcter, Gesch\u00e4ftsf\u00fchrer<\/span><span data-ccp-props=\"{&quot;201341983&quot;:0,&quot;335559739&quot;:0,&quot;335559740&quot;:240}\">\u00a0<\/span><\/p><p><span data-ccp-props=\"{&quot;201341983&quot;:0,&quot;335559739&quot;:0,&quot;335559740&quot;:240}\">\u00a0<\/span><\/p><h3><b><span data-contrast=\"auto\">Verbraucherstreitbeilegung\/Universalschlichtungsstelle<\/span><\/b><span data-ccp-props=\"{&quot;201341983&quot;:0,&quot;335559739&quot;:0,&quot;335559740&quot;:240}\">\u00a0<\/span><\/h3><p><span data-contrast=\"auto\">Wir sind nicht bereit oder verpflichtet, an Streitbeilegungsverfahren vor einer<\/span><span data-ccp-props=\"{&quot;201341983&quot;:0,&quot;335559739&quot;:0,&quot;335559740&quot;:240}\">\u00a0<\/span><span data-contrast=\"auto\">Verbraucherschlichtungsstelle teilzunehmen.<\/span><span data-ccp-props=\"{&quot;201341983&quot;:0,&quot;335559739&quot;:0,&quot;335559740&quot;:240}\">\u00a0<\/span><\/p>\t\t\t\t\t\t\t\t<\/div>\n\t\t\t\t<\/div>\n\t\t\t\t<div class=\"elementor-element elementor-element-fa4b8d3 elementor-widget elementor-widget-text-editor\" data-id=\"fa4b8d3\" data-element_type=\"widget\" data-e-type=\"widget\" data-widget_type=\"text-editor.default\">\n\t\t\t\t<div class=\"elementor-widget-container\">\n\t\t\t\t\t\t\t\t\t<h3><strong>Konzept, Webdesign &amp; Programmierung<\/strong><\/h3><p><strong>plantamedium<\/strong> | Die Agentur f\u00fcr Agrar, Ern\u00e4hrung &amp; Tier<\/p><p><a href=\"https:\/\/plantamedium.de\" target=\"_blank\" rel=\"noopener\">plantamedium.de<\/a><\/p>\t\t\t\t\t\t\t\t<\/div>\n\t\t\t\t<\/div>\n\t\t\t\t\t<\/div>\n\t\t<\/div>\n\t\t\t\t\t<\/div>\n\t\t<\/section>\n\t\t\t\t<\/div>\n\t\t","protected":false},"excerpt":{"rendered":"<p>Impressum Angaben gem\u00e4\u00df \u00a7 5 TMG\u00a0 Betriebshilfsdienst und Maschinenring Paderborn-B\u00fcren e.V.\u00a0\u00a0Am Grarock 2133154 Salzkotten Vereinsregister: VR 749\u00a0Registergericht: Amtsgericht Paderborn\u00a0 \u00a0Vertreten durch:\u00a0Sebastian F\u00f6rster\u00a0 \u00a0 Kontakt\u00a0 Telefon: 05258\/975741-0Telefax: 05258\/975741-60 E-Mail: info@bhd-mr-paderborn.de\u00a0 \u00a0 Redaktionell verantwortlich\u00a0 Berthold Schl\u00fcter, Gesch\u00e4ftsf\u00fchrer\u00a0 \u00a0 Verbraucherstreitbeilegung\/Universalschlichtungsstelle\u00a0 Wir sind nicht bereit oder verpflichtet, an Streitbeilegungsverfahren vor einer\u00a0Verbraucherschlichtungsstelle teilzunehmen.\u00a0 Konzept, Webdesign &amp; Programmierung plantamedium | Die [&hellip;]<\/p>\n","protected":false},"author":2,"featured_media":0,"parent":0,"menu_order":0,"comment_status":"closed","ping_status":"closed","template":"","meta":{"footnotes":""},"class_list":["post-384","page","type-page","status-publish","hentry"],"_links":{"self":[{"href":"https:\/\/www.bhd-mr-westfalen.de\/paderborn-bueren\/wp-json\/wp\/v2\/pages\/384","targetHints":{"allow":["GET"]}}],"collection":[{"href":"https:\/\/www.bhd-mr-westfalen.de\/paderborn-bueren\/wp-json\/wp\/v2\/pages"}],"about":[{"href":"https:\/\/www.bhd-mr-westfalen.de\/paderborn-bueren\/wp-json\/wp\/v2\/types\/page"}],"author":[{"embeddable":true,"href":"https:\/\/www.bhd-mr-westfalen.de\/paderborn-bueren\/wp-json\/wp\/v2\/users\/2"}],"replies":[{"embeddable":true,"href":"https:\/\/www.bhd-mr-westfalen.de\/paderborn-bueren\/wp-json\/wp\/v2\/comments?post=384"}],"version-history":[{"count":14,"href":"https:\/\/www.bhd-mr-westfalen.de\/paderborn-bueren\/wp-json\/wp\/v2\/pages\/384\/revisions"}],"predecessor-version":[{"id":4145,"href":"https:\/\/www.bhd-mr-westfalen.de\/paderborn-bueren\/wp-json\/wp\/v2\/pages\/384\/revisions\/4145"}],"wp:attachment":[{"href":"https:\/\/www.bhd-mr-westfalen.de\/paderborn-bueren\/wp-json\/wp\/v2\/media?parent=384"}],"curies":[{"name":"wp","href":"https:\/\/api.w.org\/{rel}","templated":true}]}}