{"id":1803,"date":"2023-08-29T14:01:24","date_gmt":"2023-08-29T12:01:24","guid":{"rendered":"https:\/\/www.bhd-mr-westfalen.de\/siegen-wittgenstein\/?page_id=1803"},"modified":"2024-08-16T15:55:32","modified_gmt":"2024-08-16T13:55:32","slug":"news","status":"publish","type":"page","link":"https:\/\/www.bhd-mr-westfalen.de\/siegen-wittgenstein\/news\/","title":{"rendered":"News"},"content":{"rendered":"\t\t<div data-elementor-type=\"wp-page\" data-elementor-id=\"1803\" class=\"elementor elementor-1803\" data-elementor-post-type=\"page\">\n\t\t\t\t<div class=\"elementor-element elementor-element-20e54016 e-con-full e-flex e-con e-parent\" data-id=\"20e54016\" data-element_type=\"container\" data-e-type=\"container\">\n\t\t<div class=\"elementor-element elementor-element-60719765 e-con-full e-flex e-con e-child\" data-id=\"60719765\" data-element_type=\"container\" data-e-type=\"container\" data-settings=\"{&quot;background_background&quot;:&quot;classic&quot;}\">\n\t\t\t\t<div class=\"elementor-element elementor-element-1b922744 elementor-widget elementor-widget-heading\" data-id=\"1b922744\" data-element_type=\"widget\" data-e-type=\"widget\" data-widget_type=\"heading.default\">\n\t\t\t\t<div class=\"elementor-widget-container\">\n\t\t\t\t\t<h1 class=\"elementor-heading-title elementor-size-default\">News und Termine<\/h1>\t\t\t\t<\/div>\n\t\t\t\t<\/div>\n\t\t\t\t<\/div>\n\t\t<div class=\"elementor-element elementor-element-3f4343a9 e-con-full e-flex e-con e-child\" data-id=\"3f4343a9\" data-element_type=\"container\" data-e-type=\"container\">\n\t\t\t\t<div class=\"elementor-element elementor-element-23e05b8c elementor-widget elementor-widget-image\" data-id=\"23e05b8c\" data-element_type=\"widget\" data-e-type=\"widget\" data-widget_type=\"image.default\">\n\t\t\t\t<div class=\"elementor-widget-container\">\n\t\t\t\t\t\t\t\t\t\t\t\t\t\t\t<img fetchpriority=\"high\" decoding=\"async\" width=\"1917\" height=\"48\" src=\"https:\/\/www.bhd-mr-westfalen.de\/siegen-wittgenstein\/wp-content\/uploads\/sites\/4\/2023\/09\/top-slider-papierkante-textur-unten-1.png\" class=\"attachment-full size-full wp-image-2531\" alt=\"\" srcset=\"https:\/\/www.bhd-mr-westfalen.de\/siegen-wittgenstein\/wp-content\/uploads\/sites\/4\/2023\/09\/top-slider-papierkante-textur-unten-1.png 1917w, https:\/\/www.bhd-mr-westfalen.de\/siegen-wittgenstein\/wp-content\/uploads\/sites\/4\/2023\/09\/top-slider-papierkante-textur-unten-1-300x8.png 300w, https:\/\/www.bhd-mr-westfalen.de\/siegen-wittgenstein\/wp-content\/uploads\/sites\/4\/2023\/09\/top-slider-papierkante-textur-unten-1-1024x26.png 1024w, https:\/\/www.bhd-mr-westfalen.de\/siegen-wittgenstein\/wp-content\/uploads\/sites\/4\/2023\/09\/top-slider-papierkante-textur-unten-1-768x19.png 768w, https:\/\/www.bhd-mr-westfalen.de\/siegen-wittgenstein\/wp-content\/uploads\/sites\/4\/2023\/09\/top-slider-papierkante-textur-unten-1-1536x38.png 1536w\" sizes=\"(max-width: 1917px) 100vw, 1917px\">\t\t\t\t\t\t\t\t\t\t\t\t\t\t\t<\/div>\n\t\t\t\t<\/div>\n\t\t\t\t<\/div>\n\t\t\t\t<\/div>\n\t\t<div class=\"elementor-element elementor-element-d51f2f9 e-flex e-con-boxed e-con e-parent\" data-id=\"d51f2f9\" data-element_type=\"container\" data-e-type=\"container\" data-settings=\"{&quot;background_background&quot;:&quot;classic&quot;}\">\n\t\t\t\t\t<div class=\"e-con-inner\">\n\t\t\t\t<div class=\"elementor-element elementor-element-3fac238 premium-blog-align-left elementor-widget elementor-widget-premium-addon-blog\" data-id=\"3fac238\" data-element_type=\"widget\" data-e-type=\"widget\" data-settings=\"{&quot;premium_blog_columns_number&quot;:&quot;33.33%&quot;,&quot;premium_blog_infinite_scroll&quot;:&quot;yes&quot;,&quot;premium_blog_grid&quot;:&quot;yes&quot;,&quot;premium_blog_layout&quot;:&quot;even&quot;,&quot;premium_blog_columns_number_tablet&quot;:&quot;50%&quot;,&quot;premium_blog_columns_number_mobile&quot;:&quot;100%&quot;,&quot;scroll_to_offset&quot;:&quot;yes&quot;,&quot;filter_flag&quot;:&quot;cat&quot;}\" data-widget_type=\"premium-addon-blog.default\">\n\t\t\t\t<div class=\"elementor-widget-container\">\n\t\t\t\t\t\n\t\t\t\t\t\t\t<div class=\"premium-blog-filter\">\n\t\t\t<ul class=\"premium-blog-filters-container\">\n\t\t\t\t\t\t\t\t\t<li>\n\t\t\t\t\t\t<a href=\"javascript:;\" class=\"category active\" data-filter=\"*\">\n\t\t\t\t\t\t\tAlle\t\t\t\t\t\t<\/a>\n\t\t\t\t\t<\/li>\n\t\t\t\t\t\t\t\t\t\t\t\t\t\t<li>\n\t\t\t\t\t\t\t<a href=\"javascript:;\" class=\"category\" data-filter=\"allgemein\">\n\t\t\t\t\t\t\t\tAllgemein\t\t\t\t\t\t\t<\/a>\n\t\t\t\t\t\t<\/li>\n\t\t\t\t\t\t\t\t\t\t<li>\n\t\t\t\t\t\t\t<a href=\"javascript:;\" class=\"category\" data-filter=\"bhd\">\n\t\t\t\t\t\t\t\tBHD\t\t\t\t\t\t\t<\/a>\n\t\t\t\t\t\t<\/li>\n\t\t\t\t\t\t\t\t\t\t<li>\n\t\t\t\t\t\t\t<a href=\"javascript:;\" class=\"category\" data-filter=\"mr\">\n\t\t\t\t\t\t\t\tMR\t\t\t\t\t\t\t<\/a>\n\t\t\t\t\t\t<\/li>\n\t\t\t\t\t\t\t<\/ul>\n\t\t<\/div>\n\t\t\t\t\n\n\t\t\t\t<div class=\"premium-blog-wrap  premium-blog-even\" data-page=\"1803\">\n\t\t\t\t\t\t\t\t\t<div class=\"premium-blog-post-outer-container allgemein mr\" data-total=\"4\">\n\t\t\t<div class=\"premium-blog-post-container premium-blog-skin-classic\">\n\t\t\t\t\t\t\t\t\t<div class=\"premium-blog-thumb-effect-wrapper\">\n\t\t\t\t\t\t<div class=\"premium-blog-thumbnail-container premium-blog-zoomin-effect\">\n\t\t\t\t\t\t\t<img decoding=\"async\" width=\"2119\" height=\"1415\" src=\"https:\/\/www.bhd-mr-westfalen.de\/siegen-wittgenstein\/wp-content\/uploads\/sites\/4\/2026\/04\/Schadnagerbekaempfung-Coesfeld_Lizenz-erworben.jpg\" class=\"attachment-full size-full wp-image-4219\" alt=\"\" srcset=\"https:\/\/www.bhd-mr-westfalen.de\/siegen-wittgenstein\/wp-content\/uploads\/sites\/4\/2026\/04\/Schadnagerbekaempfung-Coesfeld_Lizenz-erworben.jpg 2119w, https:\/\/www.bhd-mr-westfalen.de\/siegen-wittgenstein\/wp-content\/uploads\/sites\/4\/2026\/04\/Schadnagerbekaempfung-Coesfeld_Lizenz-erworben-300x200.jpg 300w, https:\/\/www.bhd-mr-westfalen.de\/siegen-wittgenstein\/wp-content\/uploads\/sites\/4\/2026\/04\/Schadnagerbekaempfung-Coesfeld_Lizenz-erworben-1024x684.jpg 1024w, https:\/\/www.bhd-mr-westfalen.de\/siegen-wittgenstein\/wp-content\/uploads\/sites\/4\/2026\/04\/Schadnagerbekaempfung-Coesfeld_Lizenz-erworben-768x513.jpg 768w, https:\/\/www.bhd-mr-westfalen.de\/siegen-wittgenstein\/wp-content\/uploads\/sites\/4\/2026\/04\/Schadnagerbekaempfung-Coesfeld_Lizenz-erworben-1536x1026.jpg 1536w, https:\/\/www.bhd-mr-westfalen.de\/siegen-wittgenstein\/wp-content\/uploads\/sites\/4\/2026\/04\/Schadnagerbekaempfung-Coesfeld_Lizenz-erworben-2048x1368.jpg 2048w\" sizes=\"(max-width: 2119px) 100vw, 2119px\" \/>\t\t\t\t\t\t<\/div>\n\t\t\t\t\t\t\t\t\t\t\t\t\t<div class=\"premium-blog-thumbnail-overlay\">\n\t\t\t\t\t\t\t\t<a class=\"elementor-icon\" href=\"https:\/\/www.bhd-mr-westfalen.de\/siegen-wittgenstein\/neuerungen-in-sachen-schadnagerbekaempfung\/\" target=\"_self\"><\/a>\n\t\t\t\t\t\t\t<\/div>\n\n\t\t\t\t\t\t\t\t\t\t\t\t\t\t\t\t\t\t<\/div>\n\t\t\t\t\t\t\t\t\t\t\t\t<div class=\"premium-blog-content-wrapper \">\n\n\t\t\t\t\t<div class=\"premium-blog-inner-container\">\n\n\t\t\t\t\t\t\t\t\t\t\t\t\t\t<h2 class=\"premium-blog-entry-title\">\n\t\t\t<a href=\"https:\/\/www.bhd-mr-westfalen.de\/siegen-wittgenstein\/neuerungen-in-sachen-schadnagerbekaempfung\/\" target=\"_self\">\n\t\t\t\tNeuerungen in Sachen Schadnagerbek\u00e4mpfung\t\t\t<\/a>\n\t\t<\/h2>\n\t\t\t\t<div class=\"premium-blog-entry-meta\">\n\t\t\t\n\t\t\t\t\t\t\t<span class=\"premium-blog-meta-separator\">\u2022<\/span>\n\t\t\t\t<div class=\"premium-blog-post-time premium-blog-meta-data\">\n\t\t\t\t\t<i class=\"fa fa-calendar-alt\" aria-hidden=\"true\"><\/i>\n\t\t\t\t\t<span>28. April 2026<\/span>\n\t\t\t\t<\/div>\n\t\t\t\n\t\t\t\n\t\t\t\t\t<\/div>\n\t\t\n\t\t\t\t\t<\/div>\n\n\t\t\t\t\t\t\t<div class=\"premium-blog-content-inner-wrapper\">\n\t\t<p class=\"premium-blog-post-content\">Mit \u00c4nderung der Gefahrstoffverordnung zum 02.12.24 werden die Regeln f\u00fcr den Einsatz von Rodentiziden und die Dauerbek\u00f6derung derzeit grundlegend \u00fcberarbeitet. Der bisher<\/p><div class=\"premium-blog-excerpt-link-wrap\"><a href=\"https:\/\/www.bhd-mr-westfalen.de\/siegen-wittgenstein\/neuerungen-in-sachen-schadnagerbekaempfung\/\" target=\"_self\" class=\"premium-blog-excerpt-link elementor-button\">WEITERLESEN  \u2794<\/a><\/div>\t\t<\/div>\n\t\t\t\t\t\t\t\n\t\t\t\t<\/div>\n\t\t\t<\/div>\n\t\t<\/div>\n\n\t\t\t\t<div class=\"premium-blog-post-outer-container allgemein mr\" data-total=\"4\">\n\t\t\t<div class=\"premium-blog-post-container premium-blog-skin-classic\">\n\t\t\t\t\t\t\t\t\t<div class=\"premium-blog-thumb-effect-wrapper\">\n\t\t\t\t\t\t<div class=\"premium-blog-thumbnail-container premium-blog-zoomin-effect\">\n\t\t\t\t\t\t\t<img decoding=\"async\" width=\"1920\" height=\"2560\" src=\"https:\/\/www.bhd-mr-westfalen.de\/siegen-wittgenstein\/wp-content\/uploads\/sites\/4\/2026\/04\/20260203_134958-scaled.jpg\" class=\"attachment-full size-full wp-image-4207\" alt=\"\" srcset=\"https:\/\/www.bhd-mr-westfalen.de\/siegen-wittgenstein\/wp-content\/uploads\/sites\/4\/2026\/04\/20260203_134958-scaled.jpg 1920w, https:\/\/www.bhd-mr-westfalen.de\/siegen-wittgenstein\/wp-content\/uploads\/sites\/4\/2026\/04\/20260203_134958-scaled-225x300.jpg 225w, https:\/\/www.bhd-mr-westfalen.de\/siegen-wittgenstein\/wp-content\/uploads\/sites\/4\/2026\/04\/20260203_134958-scaled-768x1024.jpg 768w, https:\/\/www.bhd-mr-westfalen.de\/siegen-wittgenstein\/wp-content\/uploads\/sites\/4\/2026\/04\/20260203_134958-scaled-1152x1536.jpg 1152w, https:\/\/www.bhd-mr-westfalen.de\/siegen-wittgenstein\/wp-content\/uploads\/sites\/4\/2026\/04\/20260203_134958-scaled-1536x2048.jpg 1536w\" sizes=\"(max-width: 1920px) 100vw, 1920px\" \/>\t\t\t\t\t\t<\/div>\n\t\t\t\t\t\t\t\t\t\t\t\t\t<div class=\"premium-blog-thumbnail-overlay\">\n\t\t\t\t\t\t\t\t<a class=\"elementor-icon\" href=\"https:\/\/www.bhd-mr-westfalen.de\/siegen-wittgenstein\/agrarunternehmertage-2026-wir-sind-dabei\/\" target=\"_self\"><\/a>\n\t\t\t\t\t\t\t<\/div>\n\n\t\t\t\t\t\t\t\t\t\t\t\t\t\t\t\t\t\t<\/div>\n\t\t\t\t\t\t\t\t\t\t\t\t<div class=\"premium-blog-content-wrapper \">\n\n\t\t\t\t\t<div class=\"premium-blog-inner-container\">\n\n\t\t\t\t\t\t\t\t\t\t\t\t\t\t<h2 class=\"premium-blog-entry-title\">\n\t\t\t<a href=\"https:\/\/www.bhd-mr-westfalen.de\/siegen-wittgenstein\/agrarunternehmertage-2026-wir-sind-dabei\/\" target=\"_self\">\n\t\t\t\tAgrarunternehmertage 2026 &#8211; Wir waren dabei!\t\t\t<\/a>\n\t\t<\/h2>\n\t\t\t\t<div class=\"premium-blog-entry-meta\">\n\t\t\t\n\t\t\t\t\t\t\t<span class=\"premium-blog-meta-separator\">\u2022<\/span>\n\t\t\t\t<div class=\"premium-blog-post-time premium-blog-meta-data\">\n\t\t\t\t\t<i class=\"fa fa-calendar-alt\" aria-hidden=\"true\"><\/i>\n\t\t\t\t\t<span>5. Februar 2026<\/span>\n\t\t\t\t<\/div>\n\t\t\t\n\t\t\t\n\t\t\t\t\t<\/div>\n\t\t\n\t\t\t\t\t<\/div>\n\n\t\t\t\t\t\t\t<div class=\"premium-blog-content-inner-wrapper\">\n\t\t<p class=\"premium-blog-post-content\">Vom 03.-06. Februar 2026 fanden in M\u00fcnster wieder die Agrarunternehmertage statt. Das Leitthema an unserem Stand war &#8222;MeinAcker&#8220; &#8211; das Softwarepaket f\u00fcr<\/p><div class=\"premium-blog-excerpt-link-wrap\"><a href=\"https:\/\/www.bhd-mr-westfalen.de\/siegen-wittgenstein\/agrarunternehmertage-2026-wir-sind-dabei\/\" target=\"_self\" class=\"premium-blog-excerpt-link elementor-button\">WEITERLESEN  \u2794<\/a><\/div>\t\t<\/div>\n\t\t\t\t\t\t\t\n\t\t\t\t<\/div>\n\t\t\t<\/div>\n\t\t<\/div>\n\n\t\t\t\t<div class=\"premium-blog-post-outer-container allgemein bhd mr\" data-total=\"4\">\n\t\t\t<div class=\"premium-blog-post-container premium-blog-skin-classic\">\n\t\t\t\t\t\t\t\t\t<div class=\"premium-blog-thumb-effect-wrapper\">\n\t\t\t\t\t\t<div class=\"premium-blog-thumbnail-container premium-blog-zoomin-effect\">\n\t\t\t\t\t\t\t<img loading=\"lazy\" decoding=\"async\" width=\"1600\" height=\"1200\" src=\"https:\/\/www.bhd-mr-westfalen.de\/siegen-wittgenstein\/wp-content\/uploads\/sites\/4\/2025\/09\/IMG-20250904-WA0015.jpg\" class=\"attachment-full size-full wp-image-4094\" alt=\"\" srcset=\"https:\/\/www.bhd-mr-westfalen.de\/siegen-wittgenstein\/wp-content\/uploads\/sites\/4\/2025\/09\/IMG-20250904-WA0015.jpg 1600w, https:\/\/www.bhd-mr-westfalen.de\/siegen-wittgenstein\/wp-content\/uploads\/sites\/4\/2025\/09\/IMG-20250904-WA0015-300x225.jpg 300w, https:\/\/www.bhd-mr-westfalen.de\/siegen-wittgenstein\/wp-content\/uploads\/sites\/4\/2025\/09\/IMG-20250904-WA0015-1024x768.jpg 1024w, https:\/\/www.bhd-mr-westfalen.de\/siegen-wittgenstein\/wp-content\/uploads\/sites\/4\/2025\/09\/IMG-20250904-WA0015-768x576.jpg 768w, https:\/\/www.bhd-mr-westfalen.de\/siegen-wittgenstein\/wp-content\/uploads\/sites\/4\/2025\/09\/IMG-20250904-WA0015-1536x1152.jpg 1536w\" sizes=\"(max-width: 1600px) 100vw, 1600px\" \/>\t\t\t\t\t\t<\/div>\n\t\t\t\t\t\t\t\t\t\t\t\t\t<div class=\"premium-blog-thumbnail-overlay\">\n\t\t\t\t\t\t\t\t<a class=\"elementor-icon\" href=\"https:\/\/www.bhd-mr-westfalen.de\/siegen-wittgenstein\/hzwei-fendt-traktoren-im-verleih\/\" target=\"_self\"><\/a>\n\t\t\t\t\t\t\t<\/div>\n\n\t\t\t\t\t\t\t\t\t\t\t\t\t\t\t\t\t\t<\/div>\n\t\t\t\t\t\t\t\t\t\t\t\t<div class=\"premium-blog-content-wrapper \">\n\n\t\t\t\t\t<div class=\"premium-blog-inner-container\">\n\n\t\t\t\t\t\t\t\t\t\t\t\t\t\t<h2 class=\"premium-blog-entry-title\">\n\t\t\t<a href=\"https:\/\/www.bhd-mr-westfalen.de\/siegen-wittgenstein\/hzwei-fendt-traktoren-im-verleih\/\" target=\"_self\">\n\t\t\t\tZwei Fendt Traktoren im Verleih\t\t\t<\/a>\n\t\t<\/h2>\n\t\t\t\t<div class=\"premium-blog-entry-meta\">\n\t\t\t\n\t\t\t\t\t\t\t<span class=\"premium-blog-meta-separator\">\u2022<\/span>\n\t\t\t\t<div class=\"premium-blog-post-time premium-blog-meta-data\">\n\t\t\t\t\t<i class=\"fa fa-calendar-alt\" aria-hidden=\"true\"><\/i>\n\t\t\t\t\t<span>4. September 2025<\/span>\n\t\t\t\t<\/div>\n\t\t\t\n\t\t\t\n\t\t\t\t\t<\/div>\n\t\t\n\t\t\t\t\t<\/div>\n\n\t\t\t\t\t\t\t<div class=\"premium-blog-content-inner-wrapper\">\n\t\t<p class=\"premium-blog-post-content\">Ab sofort stehen unseren Mitgliedern zwei Fendt-Traktoren im Verleih zur Verf\u00fcgung \u2013 flexibel einsetzbar, zuverl\u00e4ssig und genau dann da, wenn sie gebraucht werden.<\/p><div class=\"premium-blog-excerpt-link-wrap\"><a href=\"https:\/\/www.bhd-mr-westfalen.de\/siegen-wittgenstein\/hzwei-fendt-traktoren-im-verleih\/\" target=\"_self\" class=\"premium-blog-excerpt-link elementor-button\">WEITERLESEN  \u2794<\/a><\/div>\t\t<\/div>\n\t\t\t\t\t\t\t\n\t\t\t\t<\/div>\n\t\t\t<\/div>\n\t\t<\/div>\n\n\t\t\t\t<div class=\"premium-blog-post-outer-container allgemein bhd mr\" data-total=\"4\">\n\t\t\t<div class=\"premium-blog-post-container premium-blog-skin-classic\">\n\t\t\t\t\t\t\t\t\t<div class=\"premium-blog-thumb-effect-wrapper\">\n\t\t\t\t\t\t<div class=\"premium-blog-thumbnail-container premium-blog-zoomin-effect\">\n\t\t\t\t\t\t\t<img loading=\"lazy\" decoding=\"async\" width=\"922\" height=\"428\" src=\"https:\/\/www.bhd-mr-westfalen.de\/siegen-wittgenstein\/wp-content\/uploads\/sites\/4\/2025\/08\/page1.jpg\" class=\"attachment-full size-full wp-image-4053\" alt=\"\" srcset=\"https:\/\/www.bhd-mr-westfalen.de\/siegen-wittgenstein\/wp-content\/uploads\/sites\/4\/2025\/08\/page1.jpg 922w, https:\/\/www.bhd-mr-westfalen.de\/siegen-wittgenstein\/wp-content\/uploads\/sites\/4\/2025\/08\/page1-300x139.jpg 300w, https:\/\/www.bhd-mr-westfalen.de\/siegen-wittgenstein\/wp-content\/uploads\/sites\/4\/2025\/08\/page1-768x357.jpg 768w\" sizes=\"(max-width: 922px) 100vw, 922px\" \/>\t\t\t\t\t\t<\/div>\n\t\t\t\t\t\t\t\t\t\t\t\t\t<div class=\"premium-blog-thumbnail-overlay\">\n\t\t\t\t\t\t\t\t<a class=\"elementor-icon\" href=\"https:\/\/www.bhd-mr-westfalen.de\/siegen-wittgenstein\/baumpflanzchallenge\/\" target=\"_self\"><\/a>\n\t\t\t\t\t\t\t<\/div>\n\n\t\t\t\t\t\t\t\t\t\t\t\t\t\t\t\t\t\t<\/div>\n\t\t\t\t\t\t\t\t\t\t\t\t<div class=\"premium-blog-content-wrapper \">\n\n\t\t\t\t\t<div class=\"premium-blog-inner-container\">\n\n\t\t\t\t\t\t\t\t\t\t\t\t\t\t<h2 class=\"premium-blog-entry-title\">\n\t\t\t<a href=\"https:\/\/www.bhd-mr-westfalen.de\/siegen-wittgenstein\/baumpflanzchallenge\/\" target=\"_self\">\n\t\t\t\tWir nehmen die Baumpflanzchallenge an\t\t\t<\/a>\n\t\t<\/h2>\n\t\t\t\t<div class=\"premium-blog-entry-meta\">\n\t\t\t\n\t\t\t\t\t\t\t<span class=\"premium-blog-meta-separator\">\u2022<\/span>\n\t\t\t\t<div class=\"premium-blog-post-time premium-blog-meta-data\">\n\t\t\t\t\t<i class=\"fa fa-calendar-alt\" aria-hidden=\"true\"><\/i>\n\t\t\t\t\t<span>15. August 2025<\/span>\n\t\t\t\t<\/div>\n\t\t\t\n\t\t\t\n\t\t\t\t\t<\/div>\n\t\t\n\t\t\t\t\t<\/div>\n\n\t\t\t\t\t\t\t<div class=\"premium-blog-content-inner-wrapper\">\n\t\t<p class=\"premium-blog-post-content\">Wir wurden nominiert, wir haben die Herausforderung angenommen und haben an der Baumpflanzchallenge teilgenommen. Eine spa\u00dfige Aktion mit gr\u00fcnem Daumen!<\/p><div class=\"premium-blog-excerpt-link-wrap\"><a href=\"https:\/\/www.bhd-mr-westfalen.de\/siegen-wittgenstein\/baumpflanzchallenge\/\" target=\"_self\" class=\"premium-blog-excerpt-link elementor-button\">WEITERLESEN  \u2794<\/a><\/div>\t\t<\/div>\n\t\t\t\t\t\t\t\n\t\t\t\t<\/div>\n\t\t\t<\/div>\n\t\t<\/div>\n\n\t\t\t\t<div class=\"premium-blog-post-outer-container allgemein bhd mr\" data-total=\"4\">\n\t\t\t<div class=\"premium-blog-post-container premium-blog-skin-classic\">\n\t\t\t\t\t\t\t\t\t<div class=\"premium-blog-thumb-effect-wrapper\">\n\t\t\t\t\t\t<div class=\"premium-blog-thumbnail-container premium-blog-zoomin-effect\">\n\t\t\t\t\t\t\t<img loading=\"lazy\" decoding=\"async\" width=\"1600\" height=\"1200\" src=\"https:\/\/www.bhd-mr-westfalen.de\/siegen-wittgenstein\/wp-content\/uploads\/sites\/4\/2025\/05\/IMG-20250520-WA0030.jpg\" class=\"attachment-full size-full wp-image-4072\" alt=\"\" srcset=\"https:\/\/www.bhd-mr-westfalen.de\/siegen-wittgenstein\/wp-content\/uploads\/sites\/4\/2025\/05\/IMG-20250520-WA0030.jpg 1600w, https:\/\/www.bhd-mr-westfalen.de\/siegen-wittgenstein\/wp-content\/uploads\/sites\/4\/2025\/05\/IMG-20250520-WA0030-300x225.jpg 300w, https:\/\/www.bhd-mr-westfalen.de\/siegen-wittgenstein\/wp-content\/uploads\/sites\/4\/2025\/05\/IMG-20250520-WA0030-1024x768.jpg 1024w, https:\/\/www.bhd-mr-westfalen.de\/siegen-wittgenstein\/wp-content\/uploads\/sites\/4\/2025\/05\/IMG-20250520-WA0030-768x576.jpg 768w, https:\/\/www.bhd-mr-westfalen.de\/siegen-wittgenstein\/wp-content\/uploads\/sites\/4\/2025\/05\/IMG-20250520-WA0030-1536x1152.jpg 1536w, https:\/\/www.bhd-mr-westfalen.de\/siegen-wittgenstein\/wp-content\/uploads\/sites\/4\/2025\/05\/elementor\/thumbs\/IMG-20250520-WA0030-rahc3xirep6qyginy2f7dps4jm5e66ygu17r70vnws.jpg 361w\" sizes=\"(max-width: 1600px) 100vw, 1600px\" \/>\t\t\t\t\t\t<\/div>\n\t\t\t\t\t\t\t\t\t\t\t\t\t<div class=\"premium-blog-thumbnail-overlay\">\n\t\t\t\t\t\t\t\t<a class=\"elementor-icon\" href=\"https:\/\/www.bhd-mr-westfalen.de\/siegen-wittgenstein\/holzpfaehle-schnell-und-sauber-angespitzt\/\" target=\"_self\"><\/a>\n\t\t\t\t\t\t\t<\/div>\n\n\t\t\t\t\t\t\t\t\t\t\t\t\t\t\t\t\t\t<\/div>\n\t\t\t\t\t\t\t\t\t\t\t\t<div class=\"premium-blog-content-wrapper \">\n\n\t\t\t\t\t<div class=\"premium-blog-inner-container\">\n\n\t\t\t\t\t\t\t\t\t\t\t\t\t\t<h2 class=\"premium-blog-entry-title\">\n\t\t\t<a href=\"https:\/\/www.bhd-mr-westfalen.de\/siegen-wittgenstein\/holzpfaehle-schnell-und-sauber-angespitzt\/\" target=\"_self\">\n\t\t\t\tHolzpf\u00e4hle schnell und sauber angespitzt\t\t\t<\/a>\n\t\t<\/h2>\n\t\t\t\t<div class=\"premium-blog-entry-meta\">\n\t\t\t\n\t\t\t\t\t\t\t<span class=\"premium-blog-meta-separator\">\u2022<\/span>\n\t\t\t\t<div class=\"premium-blog-post-time premium-blog-meta-data\">\n\t\t\t\t\t<i class=\"fa fa-calendar-alt\" aria-hidden=\"true\"><\/i>\n\t\t\t\t\t<span>8. Mai 2025<\/span>\n\t\t\t\t<\/div>\n\t\t\t\n\t\t\t\n\t\t\t\t\t<\/div>\n\t\t\n\t\t\t\t\t<\/div>\n\n\t\t\t\t\t\t\t<div class=\"premium-blog-content-inner-wrapper\">\n\t\t<p class=\"premium-blog-post-content\">Wir haben tolle Neuigkeiten f\u00fcr euch! UnserMaschinenpark w\u00e4chst weiter, und ab sofort steht euch ein Pfahlanspitzer zur Verf\u00fcgung - ideal f\u00fcr den Zaunbau.<\/p><div class=\"premium-blog-excerpt-link-wrap\"><a href=\"https:\/\/www.bhd-mr-westfalen.de\/siegen-wittgenstein\/holzpfaehle-schnell-und-sauber-angespitzt\/\" target=\"_self\" class=\"premium-blog-excerpt-link elementor-button\">WEITERLESEN  \u2794<\/a><\/div>\t\t<\/div>\n\t\t\t\t\t\t\t\n\t\t\t\t<\/div>\n\t\t\t<\/div>\n\t\t<\/div>\n\n\t\t\t\t<div class=\"premium-blog-post-outer-container allgemein bhd mr\" data-total=\"4\">\n\t\t\t<div class=\"premium-blog-post-container premium-blog-skin-classic\">\n\t\t\t\t\t\t\t\t\t<div class=\"premium-blog-thumb-effect-wrapper\">\n\t\t\t\t\t\t<div class=\"premium-blog-thumbnail-container premium-blog-zoomin-effect\">\n\t\t\t\t\t\t\t<img loading=\"lazy\" decoding=\"async\" width=\"1180\" height=\"890\" src=\"https:\/\/www.bhd-mr-westfalen.de\/siegen-wittgenstein\/wp-content\/uploads\/sites\/4\/2025\/04\/Screenshot-2025-05-08-06.20.56-e1746678356874.png\" class=\"attachment-full size-full wp-image-4005\" alt=\"\" srcset=\"https:\/\/www.bhd-mr-westfalen.de\/siegen-wittgenstein\/wp-content\/uploads\/sites\/4\/2025\/04\/Screenshot-2025-05-08-06.20.56-e1746678356874.png 1180w, https:\/\/www.bhd-mr-westfalen.de\/siegen-wittgenstein\/wp-content\/uploads\/sites\/4\/2025\/04\/Screenshot-2025-05-08-06.20.56-e1746678356874-300x226.png 300w, https:\/\/www.bhd-mr-westfalen.de\/siegen-wittgenstein\/wp-content\/uploads\/sites\/4\/2025\/04\/Screenshot-2025-05-08-06.20.56-e1746678356874-1024x772.png 1024w, https:\/\/www.bhd-mr-westfalen.de\/siegen-wittgenstein\/wp-content\/uploads\/sites\/4\/2025\/04\/Screenshot-2025-05-08-06.20.56-e1746678356874-768x579.png 768w\" sizes=\"(max-width: 1180px) 100vw, 1180px\" \/>\t\t\t\t\t\t<\/div>\n\t\t\t\t\t\t\t\t\t\t\t\t\t<div class=\"premium-blog-thumbnail-overlay\">\n\t\t\t\t\t\t\t\t<a class=\"elementor-icon\" href=\"https:\/\/www.bhd-mr-westfalen.de\/siegen-wittgenstein\/erfahrungsaustausch-ist-wichtig\/\" target=\"_self\"><\/a>\n\t\t\t\t\t\t\t<\/div>\n\n\t\t\t\t\t\t\t\t\t\t\t\t\t\t\t\t\t\t<\/div>\n\t\t\t\t\t\t\t\t\t\t\t\t<div class=\"premium-blog-content-wrapper \">\n\n\t\t\t\t\t<div class=\"premium-blog-inner-container\">\n\n\t\t\t\t\t\t\t\t\t\t\t\t\t\t<h2 class=\"premium-blog-entry-title\">\n\t\t\t<a href=\"https:\/\/www.bhd-mr-westfalen.de\/siegen-wittgenstein\/erfahrungsaustausch-ist-wichtig\/\" target=\"_self\">\n\t\t\t\tErfahrungsaustausch ist wichtig\t\t\t<\/a>\n\t\t<\/h2>\n\t\t\t\t<div class=\"premium-blog-entry-meta\">\n\t\t\t\n\t\t\t\t\t\t\t<span class=\"premium-blog-meta-separator\">\u2022<\/span>\n\t\t\t\t<div class=\"premium-blog-post-time premium-blog-meta-data\">\n\t\t\t\t\t<i class=\"fa fa-calendar-alt\" aria-hidden=\"true\"><\/i>\n\t\t\t\t\t<span>2. April 2025<\/span>\n\t\t\t\t<\/div>\n\t\t\t\n\t\t\t\n\t\t\t\t\t<\/div>\n\t\t\n\t\t\t\t\t<\/div>\n\n\t\t\t\t\t\t\t<div class=\"premium-blog-content-inner-wrapper\">\n\t\t<p class=\"premium-blog-post-content\">Dass vielen Mitgliedsbetrieben doch das ein oder adere unter den N\u00e4geln brennt, zeigte jetzt die gut besuchte Mitgliederversammlung, wo im offenen Austausch rege diskutiert wurde.<\/p><div class=\"premium-blog-excerpt-link-wrap\"><a href=\"https:\/\/www.bhd-mr-westfalen.de\/siegen-wittgenstein\/erfahrungsaustausch-ist-wichtig\/\" target=\"_self\" class=\"premium-blog-excerpt-link elementor-button\">WEITERLESEN  \u2794<\/a><\/div>\t\t<\/div>\n\t\t\t\t\t\t\t\n\t\t\t\t<\/div>\n\t\t\t<\/div>\n\t\t<\/div>\n\n\t\t\t\t\t\t\t<\/div>\n\n\t\t\n\t\t\n\t\t\t\t\t\t<\/div>\n\t\t\t\t<\/div>\n\t\t\t\t\t<\/div>\n\t\t\t\t<\/div>\n\t\t\t\t<\/div>\n\t\t","protected":false},"excerpt":{"rendered":"<p>News und Termine Alle Allgemein BHD MR G\u00fcllefa\u00df mit Schleppschuh neu im Fuhrpark G\u00fcllefa\u00df mit Schleppschuh neu im Fuhrpark \u2022 15. Juli 2024 Mit Rahmen unserer Maschinenvorf\u00fchrung wurde uns jetzt das neue G\u00fcllefa\u00df \u00fcbergeben, das sich unsere Mitgliedsbetriebe ab sofort ausleihen k\u00f6nnen. WEITERLESEN \u2794 Kein Gras mehr unter der Litze Kein Gras mehr unter der [&hellip;]<\/p>\n","protected":false},"author":2,"featured_media":0,"parent":0,"menu_order":0,"comment_status":"closed","ping_status":"closed","template":"","meta":{"footnotes":""},"class_list":["post-1803","page","type-page","status-publish","hentry"],"_links":{"self":[{"href":"https:\/\/www.bhd-mr-westfalen.de\/siegen-wittgenstein\/wp-json\/wp\/v2\/pages\/1803","targetHints":{"allow":["GET"]}}],"collection":[{"href":"https:\/\/www.bhd-mr-westfalen.de\/siegen-wittgenstein\/wp-json\/wp\/v2\/pages"}],"about":[{"href":"https:\/\/www.bhd-mr-westfalen.de\/siegen-wittgenstein\/wp-json\/wp\/v2\/types\/page"}],"author":[{"embeddable":true,"href":"https:\/\/www.bhd-mr-westfalen.de\/siegen-wittgenstein\/wp-json\/wp\/v2\/users\/2"}],"replies":[{"embeddable":true,"href":"https:\/\/www.bhd-mr-westfalen.de\/siegen-wittgenstein\/wp-json\/wp\/v2\/comments?post=1803"}],"version-history":[{"count":7,"href":"https:\/\/www.bhd-mr-westfalen.de\/siegen-wittgenstein\/wp-json\/wp\/v2\/pages\/1803\/revisions"}],"predecessor-version":[{"id":3689,"href":"https:\/\/www.bhd-mr-westfalen.de\/siegen-wittgenstein\/wp-json\/wp\/v2\/pages\/1803\/revisions\/3689"}],"wp:attachment":[{"href":"https:\/\/www.bhd-mr-westfalen.de\/siegen-wittgenstein\/wp-json\/wp\/v2\/media?parent=1803"}],"curies":[{"name":"wp","href":"https:\/\/api.w.org\/{rel}","templated":true}]}}