{"id":2825,"date":"2023-10-06T14:27:21","date_gmt":"2023-10-06T12:27:21","guid":{"rendered":"https:\/\/www.bhd-mr-westfalen.de\/steinfurt-bentheim\/?page_id=2825"},"modified":"2024-10-08T15:01:11","modified_gmt":"2024-10-08T13:01:11","slug":"kontakt","status":"publish","type":"page","link":"https:\/\/www.bhd-mr-westfalen.de\/steinfurt-bentheim\/kontakt\/","title":{"rendered":"Kontakt"},"content":{"rendered":"\t\t<div data-elementor-type=\"wp-page\" data-elementor-id=\"2825\" class=\"elementor elementor-2825\" data-elementor-post-type=\"page\">\n\t\t\t\t<div class=\"elementor-element elementor-element-0b4ef10 e-con-full e-flex e-con e-parent\" data-id=\"0b4ef10\" data-element_type=\"container\" data-e-type=\"container\" data-settings=\"{&quot;background_background&quot;:&quot;classic&quot;}\">\n\t\t\t\t<div class=\"elementor-element elementor-element-d5de1b9 elementor-widget elementor-widget-heading\" data-id=\"d5de1b9\" data-element_type=\"widget\" data-e-type=\"widget\" data-widget_type=\"heading.default\">\n\t\t\t\t<div class=\"elementor-widget-container\">\n\t\t\t\t\t<h1 class=\"elementor-heading-title elementor-size-default\">Kontakt<\/h1>\t\t\t\t<\/div>\n\t\t\t\t<\/div>\n\t\t\t\t<\/div>\n\t\t<div class=\"elementor-element elementor-element-33a2491 e-flex e-con-boxed e-con e-parent\" data-id=\"33a2491\" data-element_type=\"container\" data-e-type=\"container\">\n\t\t\t\t\t<div class=\"e-con-inner\">\n\t\t\t\t<div class=\"elementor-element elementor-element-e90e3aa elementor-widget elementor-widget-heading\" data-id=\"e90e3aa\" data-element_type=\"widget\" data-e-type=\"widget\" data-widget_type=\"heading.default\">\n\t\t\t\t<div class=\"elementor-widget-container\">\n\t\t\t\t\t<h2 class=\"elementor-heading-title elementor-size-default\">Kontaktieren Sie uns - Betriebshilfsdienst &amp; Maschinenring Steinfurt-Bentheim<\/h2>\t\t\t\t<\/div>\n\t\t\t\t<\/div>\n\t\t\t\t\t<\/div>\n\t\t\t\t<\/div>\n\t\t<div class=\"elementor-element elementor-element-3a44f43 e-flex e-con-boxed e-con e-parent\" data-id=\"3a44f43\" data-element_type=\"container\" data-e-type=\"container\">\n\t\t\t\t\t<div class=\"e-con-inner\">\n\t\t<div class=\"elementor-element elementor-element-482ce00 e-flex e-con-boxed e-con e-child\" data-id=\"482ce00\" data-element_type=\"container\" data-e-type=\"container\">\n\t\t\t\t\t<div class=\"e-con-inner\">\n\t\t\t\t<div class=\"elementor-element elementor-element-6d53c86 elementor-widget elementor-widget-image\" data-id=\"6d53c86\" data-element_type=\"widget\" data-e-type=\"widget\" data-widget_type=\"image.default\">\n\t\t\t\t<div class=\"elementor-widget-container\">\n\t\t\t\t\t\t\t\t\t\t\t\t\t\t\t<img fetchpriority=\"high\" decoding=\"async\" width=\"800\" height=\"600\" src=\"https:\/\/www.bhd-mr-westfalen.de\/steinfurt-bentheim\/wp-content\/uploads\/sites\/17\/2023\/11\/BHD_MR_STBE_Geschaeftsstelle-1024x768.jpg\" class=\"attachment-large size-large wp-image-3411\" alt=\"Gesch\u00e4ftsstelle im Gr\u00fcnen Zentrum in Saerbeck: Ihr Anlaufpunkt f\u00fcr landwirtschaftliche L\u00f6sungen und Partnerschaft.\" srcset=\"https:\/\/www.bhd-mr-westfalen.de\/steinfurt-bentheim\/wp-content\/uploads\/sites\/17\/2023\/11\/BHD_MR_STBE_Geschaeftsstelle-1024x768.jpg 1024w, https:\/\/www.bhd-mr-westfalen.de\/steinfurt-bentheim\/wp-content\/uploads\/sites\/17\/2023\/11\/BHD_MR_STBE_Geschaeftsstelle-300x225.jpg 300w, https:\/\/www.bhd-mr-westfalen.de\/steinfurt-bentheim\/wp-content\/uploads\/sites\/17\/2023\/11\/BHD_MR_STBE_Geschaeftsstelle-768x576.jpg 768w, https:\/\/www.bhd-mr-westfalen.de\/steinfurt-bentheim\/wp-content\/uploads\/sites\/17\/2023\/11\/BHD_MR_STBE_Geschaeftsstelle.jpg 1067w\" sizes=\"(max-width: 800px) 100vw, 800px\" \/>\t\t\t\t\t\t\t\t\t\t\t\t\t\t\t<\/div>\n\t\t\t\t<\/div>\n\t\t\t\t\t<\/div>\n\t\t\t\t<\/div>\n\t\t<div class=\"elementor-element elementor-element-294d323 e-flex e-con-boxed e-con e-child\" data-id=\"294d323\" data-element_type=\"container\" data-e-type=\"container\">\n\t\t\t\t\t<div class=\"e-con-inner\">\n\t\t\t\t<div class=\"elementor-element elementor-element-582b434 elementor-widget elementor-widget-text-editor\" data-id=\"582b434\" data-element_type=\"widget\" data-e-type=\"widget\" data-widget_type=\"text-editor.default\">\n\t\t\t\t<div class=\"elementor-widget-container\">\n\t\t\t\t\t\t\t\t\t<p><strong>Anschrift:<\/strong><\/p><p>Hans-Georg Guhle<br \/>Hembergener Str. 10<br \/>48369 Saerbeck<\/p><p><strong>Kontakt:<\/strong><\/p><p>Tel.: 02574 93910-0<br \/>E-Mail: info@betriebshilfe.de<\/p><p><strong>Sprechzeiten:<\/strong><\/p><p>Montag bis Donnerstag:<br \/>8:00 \u2013 16:30 Uhr <br \/>Freitag: 8:00 \u2013 12:30 Uhr<\/p>\t\t\t\t\t\t\t\t<\/div>\n\t\t\t\t<\/div>\n\t\t\t\t\t<\/div>\n\t\t\t\t<\/div>\n\t\t\t\t\t<\/div>\n\t\t\t\t<\/div>\n\t\t<div class=\"elementor-element elementor-element-a991e4d e-con-full e-flex e-con e-parent\" data-id=\"a991e4d\" data-element_type=\"container\" data-e-type=\"container\">\n\t\t\t\t<div class=\"elementor-element elementor-element-a896a0f elementor-widget elementor-widget-global elementor-global-3988 elementor-widget-premium-addon-maps\" data-id=\"a896a0f\" data-element_type=\"widget\" data-e-type=\"widget\" data-widget_type=\"premium-addon-maps.default\">\n\t\t\t\t<div class=\"elementor-widget-container\">\n\t\t\t\t\t\n\t<div class=\"premium-maps-container\" id=\"premium-maps-container\">\n\n\t\t\n\t\t\t<div class=\"premium_maps_map_height premium-addons__v-hidden\" data-settings=\"{&quot;mapId&quot;:&quot;&quot;,&quot;maptype&quot;:&quot;roadmap&quot;,&quot;streetViewControl&quot;:false,&quot;centerlat&quot;:&quot;51.9563994&quot;,&quot;centerlong&quot;:&quot;7.6292887&quot;,&quot;scrollwheel&quot;:false,&quot;fullScreen&quot;:false,&quot;zoomControl&quot;:true,&quot;typeControl&quot;:false,&quot;automaticOpen&quot;:false,&quot;hoverOpen&quot;:false,&quot;hoverClose&quot;:false,&quot;cluster&quot;:false,&quot;cluster_icon&quot;:&quot;&quot;,&quot;cluster_icon_size&quot;:&quot;&quot;,&quot;drag&quot;:&quot;&quot;,&quot;loadScroll&quot;:&quot;&quot;,&quot;linkedCarouselId&quot;:&quot;&quot;}\" data-style=\"\">\n\t\t\t\t\n\t\t\t<div class=\"premium-pin elementor-invisible\" data-lng=\"7.014890\" data-lat=\"52.077020\" data-icon=\"http:\/\/www.bhd-mr-westfalen.de\/recklinghausen\/wp-content\/uploads\/sites\/9\/2023\/10\/mr-logo-negativ-locator.svg\" data-icon-size=\"59\" data-max-width=\"1000\" data-activated=\"\">\n\t\t\t\t\t\t\t\t\t<div class='premium-maps-info-container'>\n\n\t\t\t\t\t\t<div class='premium-maps-title-wrap'>\n\t\t\t\t\t\t\t<p class='premium-maps-info-title'>Landw. Betriebshilfsdienst u.<br \/>Maschinenring Ahaus e.V.<\/p>\n\t\t\t\t\t\t<\/div>\n\n\t\t\t\t\t\t<div class='premium-maps-info-desc'>\n\t\t\t\t\t\t\t<p>Jutequartier 2 &#8211; 4<br \/>48683 Ahaus<\/p><p>Tel.: 02561\/93 94-0<br \/>info@bhd-ahaus.de<\/p>\t\t\t\t\t\t<\/div>\n\n\t\t\t\t\t<\/div>\n\t\t\t\t\t\t\t<\/div>\n\n\t\t\n\t\t\t\t\t\n\t\t\t<div class=\"premium-pin elementor-invisible\" data-lng=\"6.865192899999999\" data-lat=\"51.8580796\" data-icon=\"http:\/\/www.bhd-mr-westfalen.de\/recklinghausen\/wp-content\/uploads\/sites\/9\/2023\/10\/mr-logo-negativ-locator.svg\" data-icon-size=\"59\" data-max-width=\"1000\" data-activated=\"\">\n\t\t\t\t\t\t\t\t\t<div class='premium-maps-info-container'>\n\n\t\t\t\t\t\t<div class='premium-maps-title-wrap'>\n\t\t\t\t\t\t\t<p class='premium-maps-info-title'>BHD Borken Bocholt e.V.<\/p>\n\t\t\t\t\t\t<\/div>\n\n\t\t\t\t\t\t<div class='premium-maps-info-desc'>\n\t\t\t\t\t\t\t<p>Ahauser Stra\u00dfe 73<br \/>46325 Borken<\/p><p>Tel.: 02861\/892200-0<br \/>E-Mail: info@bhdborken.de<\/p>\t\t\t\t\t\t<\/div>\n\n\t\t\t\t\t<\/div>\n\t\t\t\t\t\t\t<\/div>\n\n\t\t\n\t\t\t\t\t\n\t\t\t<div class=\"premium-pin elementor-invisible\" data-lng=\"7.1585211\" data-lat=\"51.9429738\" data-icon=\"http:\/\/www.bhd-mr-westfalen.de\/recklinghausen\/wp-content\/uploads\/sites\/9\/2023\/10\/mr-logo-negativ-locator.svg\" data-icon-size=\"59\" data-max-width=\"1000\" data-activated=\"\">\n\t\t\t\t\t\t\t\t\t<div class='premium-maps-info-container'>\n\n\t\t\t\t\t\t<div class='premium-maps-title-wrap'>\n\t\t\t\t\t\t\t<p class='premium-maps-info-title'>Betriebs-, Familienhilfsdienst und<br \/>Maschinenring Coesfeld e.V.<\/p>\n\t\t\t\t\t\t<\/div>\n\n\t\t\t\t\t\t<div class='premium-maps-info-desc'>\n\t\t\t\t\t\t\t<p>Borkener Stra\u00dfe 27b<br \/>48653 Coesfeld<\/p><p>Tel.: 02541\/84461-0<br \/>E-Mail: info@bhd-coesfeld.de<\/p>\t\t\t\t\t\t<\/div>\n\n\t\t\t\t\t<\/div>\n\t\t\t\t\t\t\t<\/div>\n\n\t\t\n\t\t\t\t\t\n\t\t\t<div class=\"premium-pin elementor-invisible\" data-lng=\"7.4657488\" data-lat=\"51.2616984\" data-icon=\"http:\/\/www.bhd-mr-westfalen.de\/recklinghausen\/wp-content\/uploads\/sites\/9\/2023\/10\/mr-logo-negativ-locator.svg\" data-icon-size=\"59\" data-max-width=\"1000\" data-activated=\"\">\n\t\t\t\t\t\t\t\t\t<div class='premium-maps-info-container'>\n\n\t\t\t\t\t\t<div class='premium-maps-title-wrap'>\n\t\t\t\t\t\t\t<p class='premium-maps-info-title'>Betriebshilfsdienst und Maschinenring<br \/>Ennepe Ruhr-Hagen-M\u00e4rkischer Kreis e.V.<\/p>\n\t\t\t\t\t\t<\/div>\n\n\t\t\t\t\t\t<div class='premium-maps-info-desc'>\n\t\t\t\t\t\t\t<p>Alter Ostring<br \/>58339 Breckerfeld<\/p><p>Tel.: 02338 617179-1<br \/>E-Mail: urspruch@bhd-breckerfeld.de<\/p>\t\t\t\t\t\t<\/div>\n\n\t\t\t\t\t<\/div>\n\t\t\t\t\t\t\t<\/div>\n\n\t\t\n\t\t\t\t\t\n\t\t\t<div class=\"premium-pin elementor-invisible\" data-lng=\"8.365715980529785\" data-lat=\"51.90452575683594\" data-icon=\"http:\/\/www.bhd-mr-westfalen.de\/recklinghausen\/wp-content\/uploads\/sites\/9\/2023\/10\/mr-logo-negativ-locator.svg\" data-icon-size=\"59\" data-max-width=\"1000\" data-activated=\"\">\n\t\t\t\t\t\t\t\t\t<div class='premium-maps-info-container'>\n\n\t\t\t\t\t\t<div class='premium-maps-title-wrap'>\n\t\t\t\t\t\t\t<p class='premium-maps-info-title'>Betriebshilfsdienst G\u00fctersloh e.V.<\/p>\n\t\t\t\t\t\t<\/div>\n\n\t\t\t\t\t\t<div class='premium-maps-info-desc'>\n\t\t\t\t\t\t\t<p>Herzebrocker Stra\u00dfe 17<br \/>33330 G\u00fctersloh<\/p><p>Telefon: 05241 \u2013 998071-6<br \/>E-Mail: freitag@bhd-mr-owl.de<\/p>\t\t\t\t\t\t<\/div>\n\n\t\t\t\t\t<\/div>\n\t\t\t\t\t\t\t<\/div>\n\n\t\t\n\t\t\t\t\t\n\t\t\t<div class=\"premium-pin elementor-invisible\" data-lng=\"8.2813577\" data-lat=\"51.3590779\" data-icon=\"http:\/\/www.bhd-mr-westfalen.de\/recklinghausen\/wp-content\/uploads\/sites\/9\/2023\/10\/mr-logo-negativ-locator.svg\" data-icon-size=\"59\" data-max-width=\"1000\" data-activated=\"\">\n\t\t\t\t\t\t\t\t\t<div class='premium-maps-info-container'>\n\n\t\t\t\t\t\t<div class='premium-maps-title-wrap'>\n\t\t\t\t\t\t\t<p class='premium-maps-info-title'>Betriebshilfsdienst und Maschinenring<br \/>Hochsauerland e.V.<\/p>\n\t\t\t\t\t\t<\/div>\n\n\t\t\t\t\t\t<div class='premium-maps-info-desc'>\n\t\t\t\t\t\t\t<p>D\u00fcnnefeldweg 13<br \/>59872 Meschede<\/p><p>Tel.: 0291\/9993-24<br \/>E-Mail: bhd-hsk@t-online.de<\/p>\t\t\t\t\t\t<\/div>\n\n\t\t\t\t\t<\/div>\n\t\t\t\t\t\t\t<\/div>\n\n\t\t\n\t\t\t\t\t\n\t\t\t<div class=\"premium-pin elementor-invisible\" data-lng=\"9.1781792\" data-lat=\"51.7159107\" data-icon=\"http:\/\/www.bhd-mr-westfalen.de\/recklinghausen\/wp-content\/uploads\/sites\/9\/2023\/10\/mr-logo-negativ-locator.svg\" data-icon-size=\"59\" data-max-width=\"1000\" data-activated=\"\">\n\t\t\t\t\t\t\t\t\t<div class='premium-maps-info-container'>\n\n\t\t\t\t\t\t<div class='premium-maps-title-wrap'>\n\t\t\t\t\t\t\t<p class='premium-maps-info-title'>Betriebshilfsdienst und Maschinenring<br \/>H\u00f6xter und Warburg e.V.<\/p>\n\t\t\t\t\t\t<\/div>\n\n\t\t\t\t\t\t<div class='premium-maps-info-desc'>\n\t\t\t\t\t\t\t<p>Bohlenweg 3<br \/>33034 Brakel<\/p><p>Tel.: 05272\/54 02<br \/>E-Mail: Betriebshilfsdienst@mr-hoexter-warburg.com<\/p>\t\t\t\t\t\t<\/div>\n\n\t\t\t\t\t<\/div>\n\t\t\t\t\t\t\t<\/div>\n\n\t\t\n\t\t\t\t\t\n\t\t\t<div class=\"premium-pin elementor-invisible\" data-lng=\"8.1180747\" data-lat=\"51.5742404\" data-icon=\"http:\/\/www.bhd-mr-westfalen.de\/recklinghausen\/wp-content\/uploads\/sites\/9\/2023\/10\/mr-logo-negativ-locator.svg\" data-icon-size=\"59\" data-max-width=\"1000\" data-activated=\"\">\n\t\t\t\t\t\t\t\t\t<div class='premium-maps-info-container'>\n\n\t\t\t\t\t\t<div class='premium-maps-title-wrap'>\n\t\t\t\t\t\t\t<p class='premium-maps-info-title'>Landw. Betriebshilfsdienst und <br \/>Maschinenring Lippstadt-Soest e.V.<\/p>\n\t\t\t\t\t\t<\/div>\n\n\t\t\t\t\t\t<div class='premium-maps-info-desc'>\n\t\t\t\t\t\t\t<p>Nottebohmweg 13<br \/>59494 Soest<\/p><p>Tel.: 02921\/36 76 15<br \/>E-Mail: mr-lippstadt-soest@web.de<\/p>\t\t\t\t\t\t<\/div>\n\n\t\t\t\t\t<\/div>\n\t\t\t\t\t\t\t<\/div>\n\n\t\t\n\t\t\t\t\t\n\t\t\t<div class=\"premium-pin elementor-invisible\" data-lng=\"7.433132\" data-lat=\"51.7692876\" data-icon=\"http:\/\/www.bhd-mr-westfalen.de\/recklinghausen\/wp-content\/uploads\/sites\/9\/2023\/10\/mr-logo-negativ-locator.svg\" data-icon-size=\"59\" data-max-width=\"1000\" data-activated=\"\">\n\t\t\t\t\t\t\t\t\t<div class='premium-maps-info-container'>\n\n\t\t\t\t\t\t<div class='premium-maps-title-wrap'>\n\t\t\t\t\t\t\t<p class='premium-maps-info-title'>Landw. Betriebs-, Familienhilfsdienst und<br \/> Maschinenring L\u00fcdinghausen e.V.<\/p>\n\t\t\t\t\t\t<\/div>\n\n\t\t\t\t\t\t<div class='premium-maps-info-desc'>\n\t\t\t\t\t\t\t<p>Nottengartenweg 6<br \/>59348 L\u00fcdinghausen<\/p><p>Tel.: 02591\/91 55 50<br \/>E-Mail: karl-heinz.ermann@wlv.de<\/p>\t\t\t\t\t\t<\/div>\n\n\t\t\t\t\t<\/div>\n\t\t\t\t\t\t\t<\/div>\n\n\t\t\n\t\t\t\t\t\n\t\t\t<div class=\"premium-pin elementor-invisible\" data-lng=\"8.8725298\" data-lat=\"52.33744\" data-icon=\"http:\/\/www.bhd-mr-westfalen.de\/recklinghausen\/wp-content\/uploads\/sites\/9\/2023\/10\/mr-logo-negativ-locator.svg\" data-icon-size=\"59\" data-max-width=\"1000\" data-activated=\"\">\n\t\t\t\t\t\t\t\t\t<div class='premium-maps-info-container'>\n\n\t\t\t\t\t\t<div class='premium-maps-title-wrap'>\n\t\t\t\t\t\t\t<p class='premium-maps-info-title'>Landw. Betriebshilfsdienst und <br \/>Maschinenring Minden e.V.<\/p>\n\t\t\t\t\t\t<\/div>\n\n\t\t\t\t\t\t<div class='premium-maps-info-desc'>\n\t\t\t\t\t\t\t<p>Stemmer Landstra\u00dfe 151<br \/>32425 Minden<\/p><p>Tel.: 0170 \/ 442 9013\u00a0<br \/>E-Mail: bhd-minden@web.de<\/p>\t\t\t\t\t\t<\/div>\n\n\t\t\t\t\t<\/div>\n\t\t\t\t\t\t\t<\/div>\n\n\t\t\n\t\t\t\t\t\n\t\t\t<div class=\"premium-pin elementor-invisible\" data-lng=\"8.5905886\" data-lat=\"51.6767502\" data-icon=\"http:\/\/www.bhd-mr-westfalen.de\/recklinghausen\/wp-content\/uploads\/sites\/9\/2023\/10\/mr-logo-negativ-locator.svg\" data-icon-size=\"59\" data-max-width=\"1000\" data-activated=\"\">\n\t\t\t\t\t\t\t\t\t<div class='premium-maps-info-container'>\n\n\t\t\t\t\t\t<div class='premium-maps-title-wrap'>\n\t\t\t\t\t\t\t<p class='premium-maps-info-title'>Betriebshilfsdienst und Maschinenring<br \/>Paderborn-B\u00fcren e.V.<\/p>\n\t\t\t\t\t\t<\/div>\n\n\t\t\t\t\t\t<div class='premium-maps-info-desc'>\n\t\t\t\t\t\t\t<p>Am Grarock 21<br \/>33154 Salzkotten<\/p><p>Tel.: 05258\/975741-0<br \/>E-Mail: info@bhd-mr-paderborn.de<\/p>\t\t\t\t\t\t<\/div>\n\n\t\t\t\t\t<\/div>\n\t\t\t\t\t\t\t<\/div>\n\n\t\t\n\t\t\t\t\t\n\t\t\t<div class=\"premium-pin elementor-invisible\" data-lng=\"8.6490163\" data-lat=\"52.0652483\" data-icon=\"http:\/\/www.bhd-mr-westfalen.de\/recklinghausen\/wp-content\/uploads\/sites\/9\/2023\/10\/mr-logo-negativ-locator.svg\" data-icon-size=\"59\" data-max-width=\"1000\" data-activated=\"\">\n\t\t\t\t\t\t\t\t\t<div class='premium-maps-info-container'>\n\n\t\t\t\t\t\t<div class='premium-maps-title-wrap'>\n\t\t\t\t\t\t\t<p class='premium-maps-info-title'>Betriebshilfsdienst und Maschinenring<br \/>Ravensberg-Lippe e.V.<\/p>\n\t\t\t\t\t\t<\/div>\n\n\t\t\t\t\t\t<div class='premium-maps-info-desc'>\n\t\t\t\t\t\t\t<p>Auf der Helle 16<br \/>32052 Herford<\/p><p>Tel.: 05221\/17 81 14<br \/>E-Mail: bhd-herford@gmx.de<\/p>\t\t\t\t\t\t<\/div>\n\n\t\t\t\t\t<\/div>\n\t\t\t\t\t\t\t<\/div>\n\n\t\t\n\t\t\t\t\t\n\t\t\t<div class=\"premium-pin elementor-invisible\" data-lng=\"7.2007073\" data-lat=\"51.6199942\" data-icon=\"http:\/\/www.bhd-mr-westfalen.de\/recklinghausen\/wp-content\/uploads\/sites\/9\/2023\/10\/mr-logo-negativ-locator.svg\" data-icon-size=\"59\" data-max-width=\"1000\" data-activated=\"\">\n\t\t\t\t\t\t\t\t\t<div class='premium-maps-info-container'>\n\n\t\t\t\t\t\t<div class='premium-maps-title-wrap'>\n\t\t\t\t\t\t\t<p class='premium-maps-info-title'>Landw. Betriebs- und Familienhilfsdienst<br \/>im Vest Recklinghausen e.V.<\/p>\n\t\t\t\t\t\t<\/div>\n\n\t\t\t\t\t\t<div class='premium-maps-info-desc'>\n\t\t\t\t\t\t\t<p>B\u00f6rster Weg 20<br \/>45657 Recklinghausen<\/p><p>Tel.: 02361\/10 35 13<br \/>E-Mail: info-re@wlv.de<\/p>\t\t\t\t\t\t<\/div>\n\n\t\t\t\t\t<\/div>\n\t\t\t\t\t\t\t<\/div>\n\n\t\t\n\t\t\t\t\t\n\t\t\t<div class=\"premium-pin elementor-invisible\" data-lng=\"7.7247119\" data-lat=\"51.5350914\" data-icon=\"http:\/\/www.bhd-mr-westfalen.de\/recklinghausen\/wp-content\/uploads\/sites\/9\/2023\/10\/mr-logo-negativ-locator.svg\" data-icon-size=\"59\" data-max-width=\"1000\" data-activated=\"\">\n\t\t\t\t\t\t\t\t\t<div class='premium-maps-info-container'>\n\n\t\t\t\t\t\t<div class='premium-maps-title-wrap'>\n\t\t\t\t\t\t\t<p class='premium-maps-info-title'>Betriebshilfsdienst und Maschinenring<br \/>Ruhr-Lippe in Unna e.V.<\/p>\n\t\t\t\t\t\t<\/div>\n\n\t\t\t\t\t\t<div class='premium-maps-info-desc'>\n\t\t\t\t\t\t\t<p>Marie-Curie-Stra\u00dfe 6<br \/>59423 Unna<\/p><p>Tel.: 02303\/25310-50<br \/>E-Mail: info@agrarservice-suedwestfalen.de<\/p>\t\t\t\t\t\t<\/div>\n\n\t\t\t\t\t<\/div>\n\t\t\t\t\t\t\t<\/div>\n\n\t\t\n\t\t\t\t\t\n\t\t\t<div class=\"premium-pin elementor-invisible\" data-lng=\"8.0261369\" data-lat=\"50.9609229\" data-icon=\"http:\/\/www.bhd-mr-westfalen.de\/recklinghausen\/wp-content\/uploads\/sites\/9\/2023\/10\/mr-logo-negativ-locator.svg\" data-icon-size=\"59\" data-max-width=\"1000\" data-activated=\"\">\n\t\t\t\t\t\t\t\t\t<div class='premium-maps-info-container'>\n\n\t\t\t\t\t\t<div class='premium-maps-title-wrap'>\n\t\t\t\t\t\t\t<p class='premium-maps-info-title'>Betriebshilfsdienst und Maschinenring<br \/>Siegen-Wittgenstein e.V.<\/p>\n\t\t\t\t\t\t<\/div>\n\n\t\t\t\t\t\t<div class='premium-maps-info-desc'>\n\t\t\t\t\t\t\t<p>In der Zitzenbach 2<br \/>57223 Kreuztal<\/p>\t\t\t\t\t\t<\/div>\n\n\t\t\t\t\t<\/div>\n\t\t\t\t\t\t\t<\/div>\n\n\t\t\n\t\t\t\t\t\n\t\t\t<div class=\"premium-pin elementor-invisible\" data-lng=\" 7.619022340246824\" data-lat=\"52.17483342333891\" data-icon=\"http:\/\/www.bhd-mr-westfalen.de\/recklinghausen\/wp-content\/uploads\/sites\/9\/2023\/10\/mr-logo-negativ-locator.svg\" data-icon-size=\"59\" data-max-width=\"1000\" data-activated=\"1\">\n\t\t\t\t\t\t\t\t\t<div class='premium-maps-info-container'>\n\n\t\t\t\t\t\t<div class='premium-maps-title-wrap'>\n\t\t\t\t\t\t\t<p class='premium-maps-info-title'>Betriebshilfsdienst und Maschinenring<br \/>Steinfurt-Bentheim e.V.<\/p>\n\t\t\t\t\t\t<\/div>\n\n\t\t\t\t\t\t<div class='premium-maps-info-desc'>\n\t\t\t\t\t\t\t<p>Hembergener Stra\u00dfe 10<br \/>48369 Saerbeck<\/p><p>Tel.: 02574\/93 910-0<br \/>E-Mail: info@betriebshilfe.de<\/p>\t\t\t\t\t\t<\/div>\n\n\t\t\t\t\t<\/div>\n\t\t\t\t\t\t\t<\/div>\n\n\t\t\n\t\t\t\t\t\n\t\t\t<div class=\"premium-pin elementor-invisible\" data-lng=\"7.985416889190674\" data-lat=\"51.939491271972656\" data-icon=\"http:\/\/www.bhd-mr-westfalen.de\/recklinghausen\/wp-content\/uploads\/sites\/9\/2023\/10\/mr-logo-negativ-locator.svg\" data-icon-size=\"59\" data-max-width=\"1000\" data-activated=\"\">\n\t\t\t\t\t\t\t\t\t<div class='premium-maps-info-container'>\n\n\t\t\t\t\t\t<div class='premium-maps-title-wrap'>\n\t\t\t\t\t\t\t<p class='premium-maps-info-title'>Landw. Betriebshilfsdienst und Maschinenring<br \/>Warendorf-M\u00fcnster e. V.<\/p>\n\t\t\t\t\t\t<\/div>\n\n\t\t\t\t\t\t<div class='premium-maps-info-desc'>\n\t\t\t\t\t\t\t<p>Waldenburger Stra\u00dfe 8<br \/>48231 Warendorf<\/p><p>Tel.: 02581\/988 42-15-12<br \/>E-Mail: info@bhd-mr-waf.de<\/p>\t\t\t\t\t\t<\/div>\n\n\t\t\t\t\t<\/div>\n\t\t\t\t\t\t\t<\/div>\n\n\t\t\n\t\t\t\t\t\n\t\t\t<div class=\"premium-pin elementor-invisible\" data-lng=\"7.6292887\" data-lat=\"51.9563994\" data-icon=\"http:\/\/www.bhd-mr-westfalen.de\/recklinghausen\/wp-content\/uploads\/sites\/9\/2023\/10\/mr-logo-negativ-locator.svg\" data-icon-size=\"59\" data-max-width=\"1000\" data-activated=\"\">\n\t\t\t\t\t\t\t\t\t<div class='premium-maps-info-container'>\n\n\t\t\t\t\t\t<div class='premium-maps-title-wrap'>\n\t\t\t\t\t\t\t<p class='premium-maps-info-title'>Landesverband der BHD\/MR<br \/>in Westfalen-Lippe e.V.<\/p>\n\t\t\t\t\t\t<\/div>\n\n\t\t\t\t\t\t<div class='premium-maps-info-desc'>\n\t\t\t\t\t\t\t<p>Schorlemerstra\u00dfe 15<br \/>48143 M\u00fcnster<\/p><p>Tel.: 0251 4175-122<br \/>E-Mail: info@www.bhd-mr-westfalen.de<\/p>\t\t\t\t\t\t<\/div>\n\n\t\t\t\t\t<\/div>\n\t\t\t\t\t\t\t<\/div>\n\n\t\t\n\t\t\t\t\t\n\t\t\t<\/div>\n\n\t\t\n\t<\/div>\n\n\t\t\t\t\t\t<\/div>\n\t\t\t\t<\/div>\n\t\t\t\t<\/div>\n\t\t\t\t<\/div>\n\t\t","protected":false},"excerpt":{"rendered":"<p>Kontakt Kontaktieren Sie uns &#8211; Betriebshilfsdienst &amp; Maschinenring Steinfurt-Bentheim Anschrift: Hans-Georg GuhleHembergener Str. 1048369 Saerbeck Kontakt: Tel.: 02574 93910-0E-Mail: info@betriebshilfe.de Sprechzeiten: Montag bis Donnerstag:8:00 \u2013 16:30 Uhr Freitag: 8:00 \u2013 12:30 Uhr Landw. Betriebshilfsdienst u.Maschinenring Ahaus e.V. Jutequartier 2 &#8211; 448683 Ahaus Tel.: 02561\/93 94-0info@bhd-ahaus.de BHD Borken Bocholt e.V. Ahauser Stra\u00dfe 7346325 Borken Tel.: 02861\/892200-0E-Mail: [&hellip;]<\/p>\n","protected":false},"author":2,"featured_media":0,"parent":0,"menu_order":0,"comment_status":"closed","ping_status":"closed","template":"","meta":{"footnotes":""},"class_list":["post-2825","page","type-page","status-publish","hentry"],"_links":{"self":[{"href":"https:\/\/www.bhd-mr-westfalen.de\/steinfurt-bentheim\/wp-json\/wp\/v2\/pages\/2825","targetHints":{"allow":["GET"]}}],"collection":[{"href":"https:\/\/www.bhd-mr-westfalen.de\/steinfurt-bentheim\/wp-json\/wp\/v2\/pages"}],"about":[{"href":"https:\/\/www.bhd-mr-westfalen.de\/steinfurt-bentheim\/wp-json\/wp\/v2\/types\/page"}],"author":[{"embeddable":true,"href":"https:\/\/www.bhd-mr-westfalen.de\/steinfurt-bentheim\/wp-json\/wp\/v2\/users\/2"}],"replies":[{"embeddable":true,"href":"https:\/\/www.bhd-mr-westfalen.de\/steinfurt-bentheim\/wp-json\/wp\/v2\/comments?post=2825"}],"version-history":[{"count":18,"href":"https:\/\/www.bhd-mr-westfalen.de\/steinfurt-bentheim\/wp-json\/wp\/v2\/pages\/2825\/revisions"}],"predecessor-version":[{"id":4000,"href":"https:\/\/www.bhd-mr-westfalen.de\/steinfurt-bentheim\/wp-json\/wp\/v2\/pages\/2825\/revisions\/4000"}],"wp:attachment":[{"href":"https:\/\/www.bhd-mr-westfalen.de\/steinfurt-bentheim\/wp-json\/wp\/v2\/media?parent=2825"}],"curies":[{"name":"wp","href":"https:\/\/api.w.org\/{rel}","templated":true}]}}