{"id":384,"date":"2021-08-10T11:23:16","date_gmt":"2021-08-10T09:23:16","guid":{"rendered":"https:\/\/www.bhd-mr-westfalen.de\/warendorf\/?page_id=384"},"modified":"2024-09-16T15:34:47","modified_gmt":"2024-09-16T13:34:47","slug":"impressum","status":"publish","type":"page","link":"https:\/\/www.bhd-mr-westfalen.de\/warendorf-muenster\/impressum\/","title":{"rendered":"Impressum"},"content":{"rendered":"\t\t<div data-elementor-type=\"wp-page\" data-elementor-id=\"384\" class=\"elementor elementor-384\" data-elementor-post-type=\"page\">\n\t\t\t\t\t\t<section class=\"elementor-section elementor-top-section elementor-element elementor-element-909c435 elementor-section-boxed elementor-section-height-default elementor-section-height-default\" data-id=\"909c435\" data-element_type=\"section\" data-e-type=\"section\">\n\t\t\t\t\t\t<div class=\"elementor-container elementor-column-gap-default\">\n\t\t\t\t\t<div class=\"elementor-column elementor-col-100 elementor-top-column elementor-element elementor-element-9ece398\" data-id=\"9ece398\" data-element_type=\"column\" data-e-type=\"column\">\n\t\t\t<div class=\"elementor-widget-wrap elementor-element-populated\">\n\t\t\t\t\t\t<div class=\"elementor-element elementor-element-e07031f elementor-widget elementor-widget-heading\" data-id=\"e07031f\" data-element_type=\"widget\" data-e-type=\"widget\" data-widget_type=\"heading.default\">\n\t\t\t\t<div class=\"elementor-widget-container\">\n\t\t\t\t\t<h1 class=\"elementor-heading-title elementor-size-default\">Impressum<\/h1>\t\t\t\t<\/div>\n\t\t\t\t<\/div>\n\t\t\t\t<div class=\"elementor-element elementor-element-7bc0234 elementor-widget elementor-widget-text-editor\" data-id=\"7bc0234\" data-element_type=\"widget\" data-e-type=\"widget\" data-widget_type=\"text-editor.default\">\n\t\t\t\t<div class=\"elementor-widget-container\">\n\t\t\t\t\t\t\t\t\t<h3>Angaben gem\u00e4\u00df \u00a7 5 TMG<\/h3>\n<h6>Landwirtschaftlicher Betriebshilfsdienst und Maschinenring Warendorf-M\u00fcnster e.V.<\/h6>\n<p>Landwirtschaftlicher Betriebshilfsdienst und Maschinenring Warendorf-M\u00fcnster e.V.,<br>Waldenburger Str. 8,<br>48231 Warendorf<br>Telefon: +49 2581 988420<\/p>\n<p><strong>Inhaltlich verantwortlich:<\/strong> Ivan Mehm-Madunic, Gesch\u00e4ftsf\u00fchrer<\/p>\n<p><strong>Registereintrag:<\/strong> Amtsgericht M\u00fcnster HRB 10381, Steuer-Nr.: 346\/5819\/134<\/p>\n<h6>&nbsp;<\/h6>\n<h6>BHD Familienpflege gGmbH<\/h6>\n<p>BHD Familienpflege gGmbH<br>Waldenburger Str. 8,<br>48231 Warendorf<br>Telefon: +49 2581 988420<\/p>\n<p><strong>Inhaltlich verantwortlich:<\/strong> Ivan Mehm-Madunic, Gesch\u00e4ftsf\u00fchrer<\/p>\n<p><strong>Registereintrag:<\/strong> Amtsgericht M\u00fcnster HRB 10381, Steuer-Nr.: 346\/5819\/134<\/p>\n<h6>&nbsp;<\/h6>\n<h6>BHD Familienpflege gGmbH<\/h6>\n<p>AgrarService GmbH<br>Waldenburger Str. 8, <br>48231 Warendorf<br>Telefon: +49 2581 988420<\/p>\n<p><strong>Inhaltlich verantwortlich:<\/strong> Ivan Mehm-Madunic, Gesch\u00e4ftsf\u00fchrer<\/p>\n<p><strong>Registereintrag:<\/strong> Amtsgericht M\u00fcnster HRB 8890, Steuer-Nr.: 346\/5758\/0160, Ust-Id Nr.: DE126734379<\/p>\n<h3>Redaktionell verantwortlich<\/h3>\n<p>Landesverband der Betriebshilfsdienste und Maschinenringe in Westfalen-Lippe e.V.<\/p>\n<h3>EU-Streitschlichtung<\/h3>\n<p>Die Europ\u00e4ische Kommission stellt eine Plattform zur Online-Streitbeilegung (OS) bereit: <a href=\"https:\/\/ec.europa.eu\/consumers\/odr\/\" target=\"_blank\" rel=\"noopener noreferrer\">https:\/\/ec.europa.eu\/consumers\/odr\/<\/a>.<br>Unsere E-Mail-Adresse finden Sie oben im Impressum.<\/p>\n<h3>Verbraucher\u00ad\u00adstreit\u00ad\u00adbeilegung\u00ad\/\u00adUniversal\u00ad\u00adschlich\u00adtungs\u00ad\u00adstelle<\/h3>\n<p>Wir sind nicht bereit oder verpflichtet, an Streitbeilegungsverfahren vor einer Verbraucherschlichtungsstelle teilzunehmen.<\/p>\t\t\t\t\t\t\t\t<\/div>\n\t\t\t\t<\/div>\n\t\t\t\t<div class=\"elementor-element elementor-element-fa4b8d3 elementor-widget elementor-widget-text-editor\" data-id=\"fa4b8d3\" data-element_type=\"widget\" data-e-type=\"widget\" data-widget_type=\"text-editor.default\">\n\t\t\t\t<div class=\"elementor-widget-container\">\n\t\t\t\t\t\t\t\t\t<h4><strong>Konzept, Webdesign &amp; Programmierung<\/strong><\/h4><p><strong>plantamedium<\/strong> | Die Agentur f\u00fcr Agrar, Ern\u00e4hrung &amp; Tier<\/p><p><a href=\"https:\/\/plantamedium.de\" target=\"_blank\" rel=\"noopener\">plantamedium.de<\/a><\/p>\t\t\t\t\t\t\t\t<\/div>\n\t\t\t\t<\/div>\n\t\t\t\t\t<\/div>\n\t\t<\/div>\n\t\t\t\t\t<\/div>\n\t\t<\/section>\n\t\t\t\t<\/div>\n\t\t","protected":false},"excerpt":{"rendered":"<p>Impressum Angaben gem\u00e4\u00df \u00a7 5 TMG Landwirtschaftlicher Betriebshilfsdienst und Maschinenring Warendorf-M\u00fcnster e.V. Landwirtschaftlicher Betriebshilfsdienst und Maschinenring Warendorf-M\u00fcnster e.V.,Waldenburger Str. 8,48231 WarendorfTelefon: +49 2581 988420 Inhaltlich verantwortlich: Ivan Mehm-Madunic, Gesch\u00e4ftsf\u00fchrer Registereintrag: Amtsgericht M\u00fcnster HRB 10381, Steuer-Nr.: 346\/5819\/134 &nbsp; BHD Familienpflege gGmbH BHD Familienpflege gGmbHWaldenburger Str. 8,48231 WarendorfTelefon: +49 2581 988420 Inhaltlich verantwortlich: Ivan Mehm-Madunic, Gesch\u00e4ftsf\u00fchrer Registereintrag: [&hellip;]<\/p>\n","protected":false},"author":2,"featured_media":0,"parent":0,"menu_order":0,"comment_status":"closed","ping_status":"closed","template":"","meta":{"footnotes":""},"class_list":["post-384","page","type-page","status-publish","hentry"],"_links":{"self":[{"href":"https:\/\/www.bhd-mr-westfalen.de\/warendorf-muenster\/wp-json\/wp\/v2\/pages\/384","targetHints":{"allow":["GET"]}}],"collection":[{"href":"https:\/\/www.bhd-mr-westfalen.de\/warendorf-muenster\/wp-json\/wp\/v2\/pages"}],"about":[{"href":"https:\/\/www.bhd-mr-westfalen.de\/warendorf-muenster\/wp-json\/wp\/v2\/types\/page"}],"author":[{"embeddable":true,"href":"https:\/\/www.bhd-mr-westfalen.de\/warendorf-muenster\/wp-json\/wp\/v2\/users\/2"}],"replies":[{"embeddable":true,"href":"https:\/\/www.bhd-mr-westfalen.de\/warendorf-muenster\/wp-json\/wp\/v2\/comments?post=384"}],"version-history":[{"count":7,"href":"https:\/\/www.bhd-mr-westfalen.de\/warendorf-muenster\/wp-json\/wp\/v2\/pages\/384\/revisions"}],"predecessor-version":[{"id":4189,"href":"https:\/\/www.bhd-mr-westfalen.de\/warendorf-muenster\/wp-json\/wp\/v2\/pages\/384\/revisions\/4189"}],"wp:attachment":[{"href":"https:\/\/www.bhd-mr-westfalen.de\/warendorf-muenster\/wp-json\/wp\/v2\/media?parent=384"}],"curies":[{"name":"wp","href":"https:\/\/api.w.org\/{rel}","templated":true}]}}